{"id":5313,"date":"2026-04-21T15:54:39","date_gmt":"2026-04-21T15:54:39","guid":{"rendered":"https:\/\/mueller-wrh.de\/produkt\/jung-flachschleifmaschine-hf-40-bj-1977-intnr231519\/"},"modified":"2026-04-21T15:54:39","modified_gmt":"2026-04-21T15:54:39","slug":"jung-flachschleifmaschine-hf-40-bj-1977-intnr231519","status":"publish","type":"product","link":"https:\/\/mueller-wrh.de\/it\/prodotto\/jung-flachschleifmaschine-hf-40-bj-1977-intnr231519\/","title":{"rendered":"Boccola di trascinamento Jung HF 40 Anno 1977 IntNr231519"},"content":{"rendered":"<p><b>Posizione:<\/b> Germania, Baden-W\u00fcrttemberg Sud-Ovest<\/p>\n<p><b>Condizioni:<\/b> Usato<\/p>\n<p><b>Produttore:<\/b> Jung<\/p>\n<p><b>Modello:<\/b> HF 40<\/p>\n<p><b>Anno di costruzione:<\/b> 1977<\/p>\n<p>In vendita una rettificatrice tangenziale usata Jung HF 40, anno di costruzione 1977, di solida e pesante fattura. <\/p>\n<p>Dati tecnici:<br \/>\nEsecuzione: idraulica<br \/>\nDimensioni del piano di lavoro: 400 x 150 mm<br \/>\nLunghezza di rettifica: 400 mm<br \/>\nLarghezza di levigatura: 150 mm<br \/>\nDiametro del disco abrasivo: 200 mm<br \/>\nLarghezza del disco di levigatura: 16 mm<br \/>\nVelocit\u00e0 del mandrino: circa 2.800 giri\/min<br \/>\nVelocit\u00e0 del tavolo: variabile da 2\u201320 m\/min<br \/>\nAvanzamento verticale automatico: 0,002\u20130,013 mm<br \/>\nPeso della macchina: circa 900 kg<br \/>\nDimensioni macchina: circa 1.300 x 1.200 x 1.500 mm<\/p>\n<p>La macchina pu\u00f2 essere ispezionata su appuntamento.<br \/>\nCon riserva di modifiche ed errori nei dati tecnici e nelle informazioni, nonch\u00e9 di vendita anticipata!<\/p>\n<p>In vendita una rettificatrice piana Jung HF 40 usata, anno di costruzione 1977. \u00c8 un modello robusto, per impieghi gravosi. <\/p>\n<p>Specifiche tecniche:<br \/>\nTipo: idraulico<br \/>\nDimensioni del tavolo: 400 x 150 mm<br \/>\nLunghezza di rettifica: 400 mm<br \/>\nLarghezza di rettifica: 150 mm<br \/>\nDiametro mola: 200 mm<br \/>\nLarghezza della mola: 16 mm<br \/>\nVelocit\u00e0 mandrino: circa 2.800 giri\/min<br \/>\nVelocit\u00e0 tavola: infinitamente variabile 2\u201320 m\/min<br \/>\nAvanzamento verticale automatico: 0,002\u20130,013 mm<br \/>\nPeso macchina: circa 900 kg<br \/>\nDimensioni macchina: circa 1.300 x 1.200 x 1.500 mm<\/p>\n<p>La macchina pu\u00f2 essere visitata su appuntamento.<br \/>\nCi riserviamo il diritto di apportare modifiche e correzioni ai dati tecnici e alle specifiche e di vendere l'articolo nel frattempo!<\/p>","protected":false},"excerpt":{"rendered":"<p>Standort: Deutschland, Baden-W\u00fcrttemberg S\u00fcdwest Zustand: Gebraucht Hersteller: Jung Modell: HF 40 Baujahr: 1977 Zum Verkauf steht eine gebrauchte Flachschleifmaschine Jung HF 40, Baujahr 1977, in solider, schwerer Ausf\u00fchrung. Technische Daten: Ausf\u00fchrung: hydraulisch Tischgr\u00f6\u00dfe: 400 x 150 mm Schleifl\u00e4nge: 400 mm Schleifbreite: 150 mm Schleifscheibendurchmesser: 200 mm Schleifscheibenbreite: 16 mm Spindeldrehzahl: ca. 2.800 U\/min Tischgeschwindigkeit: stufenlos [&hellip;]<\/p>\n","protected":false},"featured_media":5306,"comment_status":"open","ping_status":"closed","template":"","meta":{"_uf_show_specific_survey":0,"_uf_disable_surveys":false},"product_brand":[],"product_cat":[111],"product_tag":[],"class_list":{"0":"post-5313","1":"product","2":"type-product","3":"status-publish","4":"has-post-thumbnail","6":"product_cat-schleifmaschinen","8":"first","9":"instock","10":"taxable","11":"shipping-taxable","12":"product-type-simple"},"aioseo_notices":[],"_links":{"self":[{"href":"https:\/\/mueller-wrh.de\/it\/wp-json\/wp\/v2\/product\/5313","targetHints":{"allow":["GET"]}}],"collection":[{"href":"https:\/\/mueller-wrh.de\/it\/wp-json\/wp\/v2\/product"}],"about":[{"href":"https:\/\/mueller-wrh.de\/it\/wp-json\/wp\/v2\/types\/product"}],"replies":[{"embeddable":true,"href":"https:\/\/mueller-wrh.de\/it\/wp-json\/wp\/v2\/comments?post=5313"}],"wp:featuredmedia":[{"embeddable":true,"href":"https:\/\/mueller-wrh.de\/it\/wp-json\/wp\/v2\/media\/5306"}],"wp:attachment":[{"href":"https:\/\/mueller-wrh.de\/it\/wp-json\/wp\/v2\/media?parent=5313"}],"wp:term":[{"taxonomy":"product_brand","embeddable":true,"href":"https:\/\/mueller-wrh.de\/it\/wp-json\/wp\/v2\/product_brand?post=5313"},{"taxonomy":"product_cat","embeddable":true,"href":"https:\/\/mueller-wrh.de\/it\/wp-json\/wp\/v2\/product_cat?post=5313"},{"taxonomy":"product_tag","embeddable":true,"href":"https:\/\/mueller-wrh.de\/it\/wp-json\/wp\/v2\/product_tag?post=5313"}],"curies":[{"name":"wp","href":"https:\/\/api.w.org\/{rel}","templated":true}]}}