{"id":5197,"date":"2026-04-01T10:09:36","date_gmt":"2026-04-01T10:09:36","guid":{"rendered":"https:\/\/mueller-wrh.de\/produkt\/dmg-dmu-40-evo-linear-bj-2012-intnr231419\/"},"modified":"2026-04-01T10:09:36","modified_gmt":"2026-04-01T10:09:36","slug":"dmg-dmu-40-evo-linear-bj-2012-intnr231419","status":"publish","type":"product","link":"https:\/\/mueller-wrh.de\/it\/prodotto\/dmg-dmu-40-evo-linear-bj-2012-intnr231419\/","title":{"rendered":"DMG DMU 40 eVo lineare anno 2012, IntNo231419"},"content":{"rendered":"<p><b>Posizione:<\/b> Germania, Baden-W\u00fcrttemberg Sud-Ovest<\/p>\n<p><b>Condizioni:<\/b> Come nuovo<\/p>\n<p><b>Produttore:<\/b> DMG<\/p>\n<p><b>Modello:<\/b> 40 eVo lineare<\/p>\n<p><b>Anno di costruzione:<\/b> 2012<\/p>\n<p><b>Orario di funzionamento:<\/b> 0<\/p>\n<p>centro di lavoro verticale CNC a 5 assi DMG DMU 40 eVo linear ricondizionato, anno 2012, IntNo231419<br \/>\nSistema di controllo<br \/>\nMarchio HEIDENHAIN<br \/>\nModello 530<\/p>\n<p>Azionamento principale<br \/>\nGamma di velocit\u00e0 del mandrino 14000<br \/>\nNumero di assi 5<\/p>\n<p>Distanze di viaggio<br \/>\nPercorso di traslazione asse X 400 mm<br \/>\nPercorso di traslazione asse Y 400 mm<br \/>\nCorsa asse Z 375 mm<\/p>\n<p>Sono inclusi:<br \/>\nCambio utensile, 120 posizioni Portautensili tipo SK 40<br \/>\nPassaggio rotante della tavola per il bloccaggio dei pezzi<br \/>\nPorta laterale per il carico del robot<br \/>\nControllo della rottura degli utensili Renishaw<br \/>\nSonda di misura Heidenhain<br \/>\nSistema IKZ, con serbatoio da 600 litri<br \/>\nCancellazione dell'emulsione<br \/>\nRaffreddatore attivo per il mandrino<br \/>\nAzionamenti lineari asse X + Y<br \/>\nBilance di vetro<\/p>\n<p>La macchina pu\u00f2 essere ispezionata su appuntamento.<br \/>\nCon riserva di modifiche ed errori nei dati tecnici e nelle informazioni, nonch\u00e9 di vendita anticipata!<\/p>\n<p>Centro di lavoro verticale CNC a 5 assi DMG DMU 40 eVo linear completamente revisionato, costruito nel 2012, IntNr231419<br \/>\nControllo<br \/>\nMarchio HEIDENHAIN<br \/>\nModello 530<\/p>\n<p>Azionamento principale<br \/>\nGamma di velocit\u00e0 del mandrino 14000<br \/>\nNumero di assi 5<\/p>\n<p>Distanze di viaggio<br \/>\nDistanza di traslazione asse X 400 mm<br \/>\nDistanza di traslazione asse Y 400 mm<br \/>\nCorsa dell'asse Z 375 mm<\/p>\n<p>Include:<br \/>\nCambio utensile, portautensili SK 40 a 120 posizioni<br \/>\nAvanzamento rotativo della tavola per il bloccaggio del pezzo<br \/>\nPorta laterale per il carico del robot<br \/>\nControllo della rottura degli utensili Renishaw<br \/>\nSonda di misura Heidenhain<br \/>\nSistema IKZ, con serbatoio da 600 l<br \/>\nSistema di estrazione dell'emulsione<br \/>\nRaffreddatore attivo per il mandrino<br \/>\nAzionamenti lineari asse X + Y<br \/>\nBilance di vetro<\/p>\n<p>La macchina pu\u00f2 essere visitata su appuntamento.<br \/>\nCon riserva di modifiche ed errori nei dati tecnici e nelle specifiche, nonch\u00e9 di vendita anticipata!<\/p>","protected":false},"excerpt":{"rendered":"<p>Standort: Deutschland, Baden-W\u00fcrttemberg S\u00fcdwest Zustand: Neuwertig Hersteller: DMG Modell: 40 eVo linear Baujahr: 2012 Betriebsstunden: 0 neuwertiges grund\u00fcberholtes CNC 5-Achs-Vertikales Bearbeitungszentrum DMG DMU 40 eVo linear, Bj. 2012, IntNr231419 Steuerung Marke HEIDENHAIN Modell 530 Hauptantrieb Spindeldrehzahlbereich 14000 Anzahl der Achsen 5 Verfahrwege Verfahrweg X-Achse 400 mm Verfahrweg Y-Achse 400 mm Verfahrweg Z-Achse 375 mm Beinhaltet [&hellip;]<\/p>\n","protected":false},"featured_media":5189,"comment_status":"open","ping_status":"closed","template":"","meta":{"_uf_show_specific_survey":0,"_uf_disable_surveys":false},"product_brand":[],"product_cat":[21],"product_tag":[],"class_list":{"0":"post-5197","1":"product","2":"type-product","3":"status-publish","4":"has-post-thumbnail","6":"product_cat-cnc-bearbeitungszentrum","8":"first","9":"instock","10":"taxable","11":"shipping-taxable","12":"product-type-simple"},"aioseo_notices":[],"_links":{"self":[{"href":"https:\/\/mueller-wrh.de\/it\/wp-json\/wp\/v2\/product\/5197","targetHints":{"allow":["GET"]}}],"collection":[{"href":"https:\/\/mueller-wrh.de\/it\/wp-json\/wp\/v2\/product"}],"about":[{"href":"https:\/\/mueller-wrh.de\/it\/wp-json\/wp\/v2\/types\/product"}],"replies":[{"embeddable":true,"href":"https:\/\/mueller-wrh.de\/it\/wp-json\/wp\/v2\/comments?post=5197"}],"wp:featuredmedia":[{"embeddable":true,"href":"https:\/\/mueller-wrh.de\/it\/wp-json\/wp\/v2\/media\/5189"}],"wp:attachment":[{"href":"https:\/\/mueller-wrh.de\/it\/wp-json\/wp\/v2\/media?parent=5197"}],"wp:term":[{"taxonomy":"product_brand","embeddable":true,"href":"https:\/\/mueller-wrh.de\/it\/wp-json\/wp\/v2\/product_brand?post=5197"},{"taxonomy":"product_cat","embeddable":true,"href":"https:\/\/mueller-wrh.de\/it\/wp-json\/wp\/v2\/product_cat?post=5197"},{"taxonomy":"product_tag","embeddable":true,"href":"https:\/\/mueller-wrh.de\/it\/wp-json\/wp\/v2\/product_tag?post=5197"}],"curies":[{"name":"wp","href":"https:\/\/api.w.org\/{rel}","templated":true}]}}