{"id":5188,"date":"2026-03-31T15:28:26","date_gmt":"2026-03-31T15:28:26","guid":{"rendered":"https:\/\/mueller-wrh.de\/produkt\/star-sr20r-ii-bj-12_2006_mit-fmb-turbo-3-26_-intnr231539\/"},"modified":"2026-03-31T15:28:26","modified_gmt":"2026-03-31T15:28:26","slug":"star-sr20r-ii-bj-12_2006_mit-fmb-turbo-3-26_-intnr231539","status":"publish","type":"product","link":"https:\/\/mueller-wrh.de\/it\/prodotto\/star-sr20r-ii-bj-12_2006_mit-fmb-turbo-3-26_-intnr231539\/","title":{"rendered":"STAR SR20R II, anno 12_2006_con FMB Turbo 3-26_ IntNr231539"},"content":{"rendered":"<p><b>Posizione:<\/b> Germania, Baden-W\u00fcrttemberg Sud-Ovest<\/p>\n<p><b>Condizioni:<\/b> Usato<\/p>\n<p><b>Produttore:<\/b> STAR Micronics<\/p>\n<p><b>Modello:<\/b> SR-20R II<\/p>\n<p><b>Orario di funzionamento:<\/b> 58685<\/p>\n<p>Tornio CNC STAR SR-20RII con FMB Turbo 3-26<br \/>\nAnno di produzione: 12_2006<br \/>\nControllo: Fanuc 18i-TB<\/p>\n<p>Dati tecnici<br \/>\nDiametro massimo di tornitura: \u00d8 20 mm (in opzione fino a \u00d8 22 mm). Diametro di tornitura: \u00d8 20 mm (in opzione fino a \u00d8 22 mm)<br \/>\nLunghezza di rotazione: 205 mm<br \/>\nMandrino principale:<br \/>\n- Velocit\u00e0: fino a circa 10.000-12.000 min-\u00b9<br \/>\n- Potenza: circa 3,7-5,5 kW<br \/>\n- Asse C per la lavorazione dei contorni<br \/>\nContromandrino:<br \/>\n- Velocit\u00e0: fino a circa 6.000-8.000 min-\u00b9<br \/>\n- Asse C<br \/>\nAssi (distanze di percorrenza):<br \/>\n- X1 \/ Z1 \/ Y1 (lavorazione principale): X1 circa 265 mm \/ Z1 circa 205 mm \/ Y1 \u00b1 20 mm<br \/>\n- X2 \/ Z2 (contromandrino): simile all'asse principale, i valori esatti dipendono dalla macchina<br \/>\n- Traslazione rapida: circa 24-30 m\/min.<\/p>\n<p>Dimensioni della macchina: 2.400 \u00d7 1.205 \u00d7 1.700 mm<br \/>\nPeso della macchina: circa 2.200 kg<\/p>\n<p>Alimentatore di barre: FMB TURBO 3-26\/3200<br \/>\nTrasportatore di trucioli<\/p>\n<p>Visione: La macchina pu\u00f2 essere visionata in loco su appuntamento.<br \/>\nNota: Con riserva di modifiche ed errori nei dati tecnici e di vendita preventiva!<\/p>\n<p>Tornio CNC verticale STAR SR-20RII con FMB Turbo 3-26<br \/>\nAnno di fabbricazione: 12_2006<br \/>\nSistema di controllo: Fanuc 18i-TB<\/p>\n<p>Specifiche tecniche<br \/>\nDiametro massimo di tornitura: \u00d8 20 mm (opzionale fino a \u00d8 22 mm)<br \/>\nLunghezza di rotazione: 205 mm<br \/>\nMandrino principale:<br \/>\n\u2022 Velocit\u00e0: fino a circa 10.000\u201312.000 giri\/min<br \/>\n\u2022 Potenza: circa 3,7\u20135,5 kW<br \/>\n\u2022    Asse C per lavorazioni di contorno<br \/>\nContromandrino:<br \/>\n\u2022 Velocit\u00e0: fino a circa 6.000\u20138.000 giri\/min<br \/>\nAsse C<br \/>\nAssi (campi di corsa):<br \/>\n\u2022 X1 \/ Z1 \/ Y1 (lavorazione principale): X1 circa 265 mm \/ Z1 circa 205 mm \/ Y1 \u00b1 20 mm<br \/>\n\u2022    X2 \/ Z2 (contromandrino): simile all'asse principale, i valori esatti dipendono dalla macchina<br \/>\n\u2022    Avanzamento rapido: circa 24\u201330 m\/min<\/p>\n<p>Dimensioni della macchina: 2.400 \u00d7 1.205 \u00d7 1.700 mm<br \/>\nPeso della macchina: circa 2.200 kg<\/p>\n<p>Caricatore per barre: FMB TURBO 3-26\/3200<br \/>\nTrasportatore di trucioli<\/p>\n<p>Visualizzazione: La macchina \u00e8 visibile in sede su appuntamento.<br \/>\nNota: Salvo modifiche, errori tecnici e vendita!<\/p>","protected":false},"excerpt":{"rendered":"<p>Standort: Deutschland, Baden-W\u00fcrttemberg S\u00fcdwest Zustand: Gebraucht Hersteller: STAR Micronics Modell: SR-20R II Betriebsstunden: 58685 CNC-Langdrehmaschine STAR SR-20RII mit FMB Turbo 3-26 Baujahr: 12_2006 Steuerung: Fanuc 18i-TB Technische Daten Max. Drehdurchmesser: \u00d8 20 mm (optional bis \u00d8 22 mm) Drehl\u00e4nge: 205 mm Hauptspindel: \u2022 Drehzahl: bis ca. 10.000\u201312.000 min\u207b\u00b9 \u2022 Leistung: ca. 3,7\u20135,5 kW \u2022 C-Achse [&hellip;]<\/p>\n","protected":false},"featured_media":5182,"comment_status":"open","ping_status":"closed","template":"","meta":{"_uf_show_specific_survey":0,"_uf_disable_surveys":false},"product_brand":[],"product_cat":[23],"product_tag":[],"class_list":{"0":"post-5188","1":"product","2":"type-product","3":"status-publish","4":"has-post-thumbnail","6":"product_cat-cnc-langdrehmaschinen","8":"first","9":"instock","10":"taxable","11":"shipping-taxable","12":"product-type-simple"},"aioseo_notices":[],"_links":{"self":[{"href":"https:\/\/mueller-wrh.de\/it\/wp-json\/wp\/v2\/product\/5188","targetHints":{"allow":["GET"]}}],"collection":[{"href":"https:\/\/mueller-wrh.de\/it\/wp-json\/wp\/v2\/product"}],"about":[{"href":"https:\/\/mueller-wrh.de\/it\/wp-json\/wp\/v2\/types\/product"}],"replies":[{"embeddable":true,"href":"https:\/\/mueller-wrh.de\/it\/wp-json\/wp\/v2\/comments?post=5188"}],"wp:featuredmedia":[{"embeddable":true,"href":"https:\/\/mueller-wrh.de\/it\/wp-json\/wp\/v2\/media\/5182"}],"wp:attachment":[{"href":"https:\/\/mueller-wrh.de\/it\/wp-json\/wp\/v2\/media?parent=5188"}],"wp:term":[{"taxonomy":"product_brand","embeddable":true,"href":"https:\/\/mueller-wrh.de\/it\/wp-json\/wp\/v2\/product_brand?post=5188"},{"taxonomy":"product_cat","embeddable":true,"href":"https:\/\/mueller-wrh.de\/it\/wp-json\/wp\/v2\/product_cat?post=5188"},{"taxonomy":"product_tag","embeddable":true,"href":"https:\/\/mueller-wrh.de\/it\/wp-json\/wp\/v2\/product_tag?post=5188"}],"curies":[{"name":"wp","href":"https:\/\/api.w.org\/{rel}","templated":true}]}}