{"id":5181,"date":"2026-03-30T10:48:23","date_gmt":"2026-03-30T10:48:23","guid":{"rendered":"https:\/\/mueller-wrh.de\/produkt\/mayfran-spaenefoerderer-typ-scharnierband-bj-15-intnr231541\/"},"modified":"2026-03-30T10:48:24","modified_gmt":"2026-03-30T10:48:24","slug":"mayfran-spaenefoerderer-typ-scharnierband-bj-15-intnr231541","status":"publish","type":"product","link":"https:\/\/mueller-wrh.de\/it\/prodotto\/mayfran-spaenefoerderer-typ-scharnierband-bj-15-intnr231541\/","title":{"rendered":"Trasportatore di trucioli Mayfran a nastro incernierato, anno '15, IntNo231541"},"content":{"rendered":"<p><b>Posizione:<\/b> Germania, Baden-W\u00fcrttemberg Sud-Ovest<\/p>\n<p><b>Condizioni:<\/b> Usato<\/p>\n<p><b>Produttore:<\/b> MAYFRAN<\/p>\n<p><b>Modello:<\/b> Nastro per cerniere<\/p>\n<p><b>Anno di costruzione:<\/b> 2015<\/p>\n<p>Trasportatore di trucioli MAYFRAN a nastro incernierato anno 2015<\/p>\n<p>Dati tecnici<br \/>\ncompletamente funzionante<br \/>\nLunghezza di inserimento: 940 mm<br \/>\nL'ultima attaccata al tornio a fantina mobile CNC<\/p>\n<p>PESO E DIMENSIONI<br \/>\nDimensioni del magazzino di carico: circa 2200 x 710 x 1100 mm<br \/>\nPeso del caricatore: circa 250 kg<\/p>\n<p>La macchina pu\u00f2 essere ispezionata su appuntamento.<br \/>\nCon riserva di modifiche ed errori nei dati tecnici e nelle informazioni, nonch\u00e9 di vendita anticipata!<\/p>\n<p>Trasportatore di trucioli MAYFRAN, tipo a nastro incernierato, costruito nel 2015<\/p>\n<p>Specifiche tecniche<br \/>\nCompletamente operativo<br \/>\nLunghezza di carico: 940 mm<br \/>\nUltimo utilizzo su un tornio verticale CNC<\/p>\n<p>PESO E DIMENSIONI<br \/>\nDimensioni del magazzino di carico: circa 2200 x 710 x 1100 mm<br \/>\nPeso del caricatore: circa 250 kg<\/p>\n<p>La macchina pu\u00f2 essere visitata su appuntamento.<br \/>\nCi riserviamo il diritto di apportare modifiche e correzioni ai dati tecnici e alle specifiche e di vendere l'articolo nel frattempo!<\/p>","protected":false},"excerpt":{"rendered":"<p>Standort: Deutschland, Baden-W\u00fcrttemberg S\u00fcdwest Zustand: Gebraucht Hersteller: MAYFRAN Modell: Scharnierband Baujahr: 2015 MAYFRAN Sp\u00e4nef\u00f6rderer Typ Scharnierband Bj. 2015 Technische Daten vol funktionsf\u00e4hig Einschubl\u00e4nge : 940 mm zuletzt angebaut an CNC-Langdrehmaschine GEWICHT UND ABMESSUNGEN Abmessungen Lademagazin: ca. 2200 x 710 x 1100 mm Gewicht Lademagazin: ca. 250 kg Die Maschine kann nach Terminvereinbarung Strom besichtigt werden. [&hellip;]<\/p>\n","protected":false},"featured_media":5178,"comment_status":"open","ping_status":"closed","template":"","meta":{"_uf_show_specific_survey":0,"_uf_disable_surveys":false},"product_brand":[],"product_cat":[105],"product_tag":[],"class_list":{"0":"post-5181","1":"product","2":"type-product","3":"status-publish","4":"has-post-thumbnail","6":"product_cat-zubehoer-sonstiges","8":"first","9":"instock","10":"taxable","11":"shipping-taxable","12":"product-type-simple"},"aioseo_notices":[],"_links":{"self":[{"href":"https:\/\/mueller-wrh.de\/it\/wp-json\/wp\/v2\/product\/5181","targetHints":{"allow":["GET"]}}],"collection":[{"href":"https:\/\/mueller-wrh.de\/it\/wp-json\/wp\/v2\/product"}],"about":[{"href":"https:\/\/mueller-wrh.de\/it\/wp-json\/wp\/v2\/types\/product"}],"replies":[{"embeddable":true,"href":"https:\/\/mueller-wrh.de\/it\/wp-json\/wp\/v2\/comments?post=5181"}],"wp:featuredmedia":[{"embeddable":true,"href":"https:\/\/mueller-wrh.de\/it\/wp-json\/wp\/v2\/media\/5178"}],"wp:attachment":[{"href":"https:\/\/mueller-wrh.de\/it\/wp-json\/wp\/v2\/media?parent=5181"}],"wp:term":[{"taxonomy":"product_brand","embeddable":true,"href":"https:\/\/mueller-wrh.de\/it\/wp-json\/wp\/v2\/product_brand?post=5181"},{"taxonomy":"product_cat","embeddable":true,"href":"https:\/\/mueller-wrh.de\/it\/wp-json\/wp\/v2\/product_cat?post=5181"},{"taxonomy":"product_tag","embeddable":true,"href":"https:\/\/mueller-wrh.de\/it\/wp-json\/wp\/v2\/product_tag?post=5181"}],"curies":[{"name":"wp","href":"https:\/\/api.w.org\/{rel}","templated":true}]}}