{"id":5134,"date":"2026-03-27T09:54:57","date_gmt":"2026-03-27T09:54:57","guid":{"rendered":"https:\/\/mueller-wrh.de\/produkt\/star-sr-20_rii_bj-07-2007_intnr231447\/"},"modified":"2026-03-27T10:10:35","modified_gmt":"2026-03-27T10:10:35","slug":"star-sr-20_rii_bj-07-2007_intnr231447","status":"publish","type":"product","link":"https:\/\/mueller-wrh.de\/it\/prodotto\/star-sr-20_rii_bj-07-2007_intnr231447\/","title":{"rendered":"STAR SR-20_RII_Anno 07.2007_IntNo231447"},"content":{"rendered":"<p><b>Posizione:<\/b> Germania, Baden-W\u00fcrttemberg Sud-Ovest<\/p>\n<p><b>Condizioni:<\/b> Usato<\/p>\n<p><b>Produttore:<\/b> STAR Micronics<\/p>\n<p><b>Modello:<\/b> SR-20 RII<\/p>\n<p><b>Anno di costruzione:<\/b> 2007<\/p>\n<p><b>Orario di funzionamento:<\/b> 20279<\/p>\n<p>Tornio CNC a fantina mobile SR20RII, anno 2007<br \/>\nTipo di macchina: Tornio CNC a fantina mobile (tipo svizzero)<br \/>\nControllore, Fanuc, serie 18i-TB,<br \/>\nOre di accensione: 20279<br \/>\nOre di funzionamento: 67058<\/p>\n<p>Diametro massimo di tornitura: \u00d8 20 mm (opzionalmente fino a 22 mm). Diametro di tornitura: \u00d8 20 mm (in opzione fino a 22 mm)<br \/>\nLunghezza di rotazione: 205 mm<br \/>\nMandrino principale:<br \/>\nVelocit\u00e0: fino a circa 10.000-12.000 min-\u00b9<br \/>\nPotenza: circa 3,7-5,5 kW<br \/>\nAsse C<br \/>\nContromandrino:<br \/>\nVelocit\u00e0: fino a circa 6.000-8.000 min-\u00b9<br \/>\nAsse C<br \/>\nAssali:<br \/>\nX1 \/ Z1 \/ Y1 (elaborazione principale)<br \/>\nX2 \/ Z2 (contromandrino)<br \/>\nTraslazione rapida: circa 24-30 m\/min.<\/p>\n<p>Dimensioni della macchina 2400x1205x1700 mm<br \/>\nPeso della macchina 2200 kg<\/p>\n<p>Con riserva di modifiche ed errori nei dati tecnici e nelle informazioni, nonch\u00e9 di vendita anticipata!<\/p>\n<p>Tornio svizzero CNC STAR SR-20RII<br \/>\nAnno di produzione: 2007<\/p>\n<p>Tipo di macchina: Tornio a fantina mobile CNC di tipo svizzero<br \/>\nControllo: Fanuc, Serie 18i-TB<\/p>\n<p>Ore di accensione: 20.279 h<br \/>\nOre di funzionamento: 67.058 h<\/p>\n<p>Dati tecnici<\/p>\n<p>Capacit\u00e0 di lavorazione:<br \/>\nDiametro massimo di tornitura: \u00d8 20 mm (opzionale fino a \u00d8 22 mm)<br \/>\nLunghezza massima di rotazione: 205 mm<br \/>\nMandrino principale:<br \/>\nVelocit\u00e0: fino a circa 10.000-12.000 giri\/min.<br \/>\nPotenza: circa 3,7-5,5 kW<br \/>\nAsse C<br \/>\nSottomandrino:<br \/>\nVelocit\u00e0: fino a circa 6.000-8.000 giri\/min.<br \/>\nAsse C<br \/>\nConfigurazione degli assi:<br \/>\nX1 \/ Z1 \/ Y1 (lavorazione principale)<br \/>\nX2 \/ Z2 (sottomandrino)<br \/>\nTraslazione rapida: circa 24-30 m\/min.<\/p>\n<p>Dimensioni e peso della macchina<br \/>\nDimensioni (L \u00d7 W \u00d7 H): 2400 \u00d7 1205 \u00d7 1700 mm<br \/>\nPeso della macchina: circa 2.200 kg<\/p>\n<p>Soggetto a vendita preventiva, salvo modifiche ed errori nei dati tecnici e nelle specifiche.<\/p>","protected":false},"excerpt":{"rendered":"<p>Standort: Deutschland, Baden-W\u00fcrttemberg S\u00fcdwest Zustand: Gebraucht Hersteller: STAR Micronics Modell: SR-20 RII Baujahr: 2007 Betriebsstunden: 20279 CNC-Langdrehmaschine SR20RII, Bj. 2007 Maschinentyp: CNC-Langdrehmaschine (Swiss-Type) Steuerung, Fanuc, Serie 18i-TB, Einschaltstunden: 20279 Betriebsstunden: 67058 Max. Drehdurchmesser: \u00d8 20 mm (Optional bis 22mm) Drehl\u00e4nge: 205 mm Hauptspindel: Drehzahl: bis ca. 10.000\u201312.000 min\u207b\u00b9 Leistung: ca. 3,7\u20135,5 kW C-Achse Gegenspindel: Drehzahl: [&hellip;]<\/p>\n","protected":false},"featured_media":5135,"comment_status":"open","ping_status":"closed","template":"","meta":{"_uf_show_specific_survey":0,"_uf_disable_surveys":false},"product_brand":[],"product_cat":[23],"product_tag":[],"class_list":{"0":"post-5134","1":"product","2":"type-product","3":"status-publish","4":"has-post-thumbnail","6":"product_cat-cnc-langdrehmaschinen","8":"first","9":"instock","10":"taxable","11":"shipping-taxable","12":"product-type-simple"},"aioseo_notices":[],"_links":{"self":[{"href":"https:\/\/mueller-wrh.de\/it\/wp-json\/wp\/v2\/product\/5134","targetHints":{"allow":["GET"]}}],"collection":[{"href":"https:\/\/mueller-wrh.de\/it\/wp-json\/wp\/v2\/product"}],"about":[{"href":"https:\/\/mueller-wrh.de\/it\/wp-json\/wp\/v2\/types\/product"}],"replies":[{"embeddable":true,"href":"https:\/\/mueller-wrh.de\/it\/wp-json\/wp\/v2\/comments?post=5134"}],"wp:featuredmedia":[{"embeddable":true,"href":"https:\/\/mueller-wrh.de\/it\/wp-json\/wp\/v2\/media\/5135"}],"wp:attachment":[{"href":"https:\/\/mueller-wrh.de\/it\/wp-json\/wp\/v2\/media?parent=5134"}],"wp:term":[{"taxonomy":"product_brand","embeddable":true,"href":"https:\/\/mueller-wrh.de\/it\/wp-json\/wp\/v2\/product_brand?post=5134"},{"taxonomy":"product_cat","embeddable":true,"href":"https:\/\/mueller-wrh.de\/it\/wp-json\/wp\/v2\/product_cat?post=5134"},{"taxonomy":"product_tag","embeddable":true,"href":"https:\/\/mueller-wrh.de\/it\/wp-json\/wp\/v2\/product_tag?post=5134"}],"curies":[{"name":"wp","href":"https:\/\/api.w.org\/{rel}","templated":true}]}}