{"id":5112,"date":"2026-03-23T15:18:16","date_gmt":"2026-03-23T15:18:16","guid":{"rendered":"https:\/\/mueller-wrh.de\/produkt\/doosan-puma-tt-1800-sy-bj-2022_-intnr231434\/"},"modified":"2026-03-24T08:07:35","modified_gmt":"2026-03-24T08:07:35","slug":"doosan-puma-tt-1800-sy-bj-2022_-intnr231434","status":"publish","type":"product","link":"https:\/\/mueller-wrh.de\/it\/prodotto\/doosan-puma-tt-1800-sy-bj-2022_-intnr231434\/","title":{"rendered":"DOOSAN Puma TT 1800 SY, Anno di Fabbricazione 2022_ IntNr231434"},"content":{"rendered":"<p><b>Posizione:<\/b> Germania, Baden-W\u00fcrttemberg Sud-Ovest<\/p>\n<p><b>Condizioni:<\/b> Usato<\/p>\n<p><b>Produttore:<\/b> DOOSAN-PUMA<\/p>\n<p><b>Modello:<\/b> TT 1800 SY<\/p>\n<p><b>Anno di costruzione:<\/b> 2022<\/p>\n<p>DOOSAN Puma TT 1800 SY, anno 2022<br \/>\nTornio CNC, ottime condizioni<br \/>\nSistema di controllo: Fanuc<br \/>\nDati tecnici:<br \/>\nCentro di tornitura multifunzionale a pi\u00f9 assi con fino a 8 assi controllati, due torrette e due contromandrini equivalenti contrapposti. Asse Y per utensili motorizzati sopra l'asse C; S sta per mandrino di contromandrino.<br \/>\nAccessori:<br \/>\nSebo<br \/>\nPortautensili<br \/>\nTrasportatore di trucioli<br \/>\nCaricatore a barra LNS<br \/>\nDocumentazione tecnica<br \/>\nProduttore: : DOOSAN Puma TT 1800 SY, Anno 2022_ IntNr231434<br \/>\nPaese di produzione: Corea del Sud<br \/>\nAnno di costruzione 2022<br \/>\nCompreso accessori <\/p>\n<p>Salvo modifiche e refusi tecnici e salvo il venduto!<\/p>\n<p>DOOSAN Puma TT 1800 SY, Anno 2022<br \/>\nTornio CNC, Ottime Condizioni<br \/>\nControllo: Fanuc<\/p>\n<p>Dati tecnici<\/p>\n<p>Centro di tornitura multifunzionale a pi\u00f9 assi con fino a 8 assi controllati, due torrette e due mandrini opposti identici.<br \/>\nAsse Y per utensili azionati sopra l'asse C; S sta per contromandrino.<\/p>\n<p>Accessori<br \/>\nRaccoglitore pezzi<br \/>\nPortautensili<br \/>\nTrasportatore di trucioli<br \/>\nAlimentatore LNS<br \/>\nDocumentazione tecnica<\/p>\n<p>Produttore: DOOSAN Puma TT 1800 SY, Anno 2022, IntNr 231434<br \/>\nLuogo di fabbricazione: Corea del Sud<br \/>\nAnno di fabbricazione: 2022<br \/>\nInclusi gli accessori<\/p>\n<p>Salvo esaurimento scorte. Salvo errori e modifiche ai dati tecnici.<\/p>","protected":false},"excerpt":{"rendered":"<p>Standort: Deutschland, Baden-W\u00fcrttemberg S\u00fcdwest Zustand: Gebraucht Hersteller: DOOSAN-PUMA Modell: TT 1800 SY Baujahr: 2022 DOOSAN Puma TT 1800 SY, Bj. 2022 CNC-Drehmaschine, Top-Zustand Steuerung: Fanuc Technische Daten: Multifunktionales Mehrachsen-Drehzentrum mit bis zu 8 gesteuerten Achsen, zwei Revolver und zwei gleichwertigen, gegen\u00fcberstehenden Spindeln. Y-Achse f\u00fcr angetriebene Werkzeuge \u00fcber der C-Achse; S steht f\u00fcr Gegenspindel. Zubeh\u00f6r: Teilef\u00e4nger [&hellip;]<\/p>\n","protected":false},"featured_media":5113,"comment_status":"open","ping_status":"closed","template":"","meta":{"_uf_show_specific_survey":0,"_uf_disable_surveys":false},"product_brand":[],"product_cat":[89],"product_tag":[],"class_list":{"0":"post-5112","1":"product","2":"type-product","3":"status-publish","4":"has-post-thumbnail","6":"product_cat-cnc-kurzdrehmaschinen","8":"first","9":"instock","10":"taxable","11":"shipping-taxable","12":"product-type-simple"},"aioseo_notices":[],"_links":{"self":[{"href":"https:\/\/mueller-wrh.de\/it\/wp-json\/wp\/v2\/product\/5112","targetHints":{"allow":["GET"]}}],"collection":[{"href":"https:\/\/mueller-wrh.de\/it\/wp-json\/wp\/v2\/product"}],"about":[{"href":"https:\/\/mueller-wrh.de\/it\/wp-json\/wp\/v2\/types\/product"}],"replies":[{"embeddable":true,"href":"https:\/\/mueller-wrh.de\/it\/wp-json\/wp\/v2\/comments?post=5112"}],"wp:featuredmedia":[{"embeddable":true,"href":"https:\/\/mueller-wrh.de\/it\/wp-json\/wp\/v2\/media\/5113"}],"wp:attachment":[{"href":"https:\/\/mueller-wrh.de\/it\/wp-json\/wp\/v2\/media?parent=5112"}],"wp:term":[{"taxonomy":"product_brand","embeddable":true,"href":"https:\/\/mueller-wrh.de\/it\/wp-json\/wp\/v2\/product_brand?post=5112"},{"taxonomy":"product_cat","embeddable":true,"href":"https:\/\/mueller-wrh.de\/it\/wp-json\/wp\/v2\/product_cat?post=5112"},{"taxonomy":"product_tag","embeddable":true,"href":"https:\/\/mueller-wrh.de\/it\/wp-json\/wp\/v2\/product_tag?post=5112"}],"curies":[{"name":"wp","href":"https:\/\/api.w.org\/{rel}","templated":true}]}}