{"id":5096,"date":"2026-03-19T12:49:16","date_gmt":"2026-03-19T12:49:16","guid":{"rendered":"https:\/\/mueller-wrh.de\/produkt\/star-sr20r-ii-typ-660-bj-2006_09_-intnr231525\/"},"modified":"2026-03-19T12:49:16","modified_gmt":"2026-03-19T12:49:16","slug":"star-sr20r-ii-typ-660-bj-2006_09_-intnr231525","status":"publish","type":"product","link":"https:\/\/mueller-wrh.de\/it\/prodotto\/star-sr20r-ii-typ-660-bj-2006_09_-intnr231525\/","title":{"rendered":"STAR SR20R II Tipo 660, Anno 2006_09_ IntNo231525"},"content":{"rendered":"<p><b>Posizione:<\/b> Germania, Baden-W\u00fcrttemberg Sud-Ovest<\/p>\n<p><b>Condizioni:<\/b> Usato<\/p>\n<p><b>Produttore:<\/b> STAR Micronics<\/p>\n<p><b>Modello:<\/b> SR-20R II Tipo 660<\/p>\n<p><b>Anno di costruzione:<\/b> 2006<\/p>\n<p><b>Orario di funzionamento:<\/b> 76032<\/p>\n<p>Tornio CNC a fantina mobile STAR SR-20RII Tipo 660 (tipo svizzero)<br \/>\nAnno di costruzione: 2006_09<br \/>\nSistema di controllo: Fanuc<br \/>\nTempo di taglio: 53000<br \/>\nDati tecnici<br \/>\nDiametro massimo di tornitura: \u00d8 20 mm (in opzione fino a \u00d8 22 mm). Diametro di tornitura: \u00d8 20 mm (in opzione fino a \u00d8 22 mm)<br \/>\nLunghezza di rotazione: 205 mm<br \/>\nMandrino principale:<br \/>\n- Velocit\u00e0: fino a circa 10.000-12.000 min-\u00b9<br \/>\n- Potenza: circa 3,7-5,5 kW<br \/>\n- Asse C per la lavorazione dei contorni<br \/>\nContromandrino:<br \/>\n- Velocit\u00e0: fino a circa 6.000-8.000 min-\u00b9<br \/>\n- Asse C<br \/>\nAssi (distanze di percorrenza):<br \/>\n- X1 \/ Z1 \/ Y1 (lavorazione principale): X1 circa 265 mm \/ Z1 circa 205 mm \/ Y1 \u00b1 20 mm<br \/>\n- X2 \/ Z2 (contromandrino): simile all'asse principale, i valori esatti dipendono dalla macchina<br \/>\n- Traslazione rapida: circa 24-30 m\/min.<br \/>\nDimensioni della macchina: 2.400 \u00d7 1.205 \u00d7 1.700 mm<br \/>\nPeso della macchina: circa 2.200 kg<\/p>\n<p>Alimentatore di barre: FMB TURBO 3-26\/3200<br \/>\n- Capacit\u00e0 dell'asta: \u00d8 3-26 mm<br \/>\n- Variante di montaggio: \u201eA\u201c<br \/>\n- Anno di costruzione: 2006<br \/>\n- Dimensioni: circa 4.500 \u00d7 1.000 \u00d7 1.800 mm<br \/>\n- Peso: circa 800 kg<br \/>\n- Sistema ad alta pressione SFB B\u00fcchele (2 valvole) e filtro<br \/>\nManuali operativi\/documenti<br \/>\nVisione: La macchina pu\u00f2 essere visionata in loco su appuntamento.<br \/>\nNota: Con riserva di modifiche ed errori nei dati tecnici e di vendita preventiva!<\/p>\n<p>Tornio lungo CNC STAR SR-20RII Tipo 660 (tipo svizzero)<br \/>\nAnno di produzione: 09\/2006<br \/>\nSistema di controllo: Fanuc<br \/>\nTempo di taglio: 53.000 ore<\/p>\n<p>Specifiche tecniche<\/p>\n<p>Diametro massimo di tornitura: \u00d8 20 mm (opzionale fino a \u00d8 22 mm)<br \/>\nLunghezza di rotazione: 205 mm<\/p>\n<p>Mandrino principale:<\/p>\n<p>Velocit\u00e0: fino a circa 10.000-12.000 giri\/min.<\/p>\n<p>Potenza: circa 3,7-5,5 kW<\/p>\n<p>Asse C per la lavorazione dei contorni<\/p>\n<p>Contromandrino:<\/p>\n<p>Velocit\u00e0: fino a circa 6.000-8.000 giri\/min.<\/p>\n<p>Asse C<\/p>\n<p>Assi (campi di corsa):<\/p>\n<p>X1 \/ Z1 \/ Y1 (lavorazione principale): X1 circa 265 mm \/ Z1 circa 205 mm \/ Y1 \u00b1 20 mm<\/p>\n<p>X2 \/ Z2 (contromandrino): simile al mandrino principale, i valori esatti dipendono dalla macchina<\/p>\n<p>Traslazione rapida: circa 24-30 m\/min.<\/p>\n<p>Dimensioni della macchina: 2.400 \u00d7 1.205 \u00d7 1.700 mm<br \/>\nPeso della macchina: circa 2.200 kg<\/p>\n<p>Alimentatore di barre: FMB TURBO 3-26\/3200<\/p>\n<p>Gamma di diametro della barra: \u00d8 3-26 mm<\/p>\n<p>Variante di montaggio: \u201cA\u201d<\/p>\n<p>Anno di produzione: 2006<\/p>\n<p>Dimensioni: circa 4.500 \u00d7 1.000 \u00d7 1.800 mm<\/p>\n<p>Peso: circa 800 kg<\/p>\n<p>Sistema ad alta pressione SFB B\u00fcchele (2 valvole) con filtro<\/p>\n<p>Manuali \/ Documentazione: Incluso<\/p>\n<p>Visione: La macchina pu\u00f2 essere ispezionata in loco su appuntamento.<\/p>\n<p>Nota: i dati tecnici e le specifiche sono soggetti a modifiche ed errori; la vendita \u00e8 riservata.<\/p>","protected":false},"excerpt":{"rendered":"<p>Standort: Deutschland, Baden-W\u00fcrttemberg S\u00fcdwest Zustand: Gebraucht Hersteller: STAR Micronics Modell: SR-20R II Typ 660 Baujahr: 2006 Betriebsstunden: 76032 CNC-Langdrehmaschine STAR SR-20RII Typ 660 (Swiss-Type) Baujahr: 2006_09 Steuerung: Fanuc Cutting Time: 53000 Technische Daten Max. Drehdurchmesser: \u00d8 20 mm (optional bis \u00d8 22 mm) Drehl\u00e4nge: 205 mm Hauptspindel: \u2022 Drehzahl: bis ca. 10.000\u201312.000 min\u207b\u00b9 \u2022 Leistung: [&hellip;]<\/p>\n","protected":false},"featured_media":5089,"comment_status":"open","ping_status":"closed","template":"","meta":{"_uf_show_specific_survey":0,"_uf_disable_surveys":false},"product_brand":[],"product_cat":[23],"product_tag":[],"class_list":{"0":"post-5096","1":"product","2":"type-product","3":"status-publish","4":"has-post-thumbnail","6":"product_cat-cnc-langdrehmaschinen","8":"first","9":"instock","10":"taxable","11":"shipping-taxable","12":"product-type-simple"},"aioseo_notices":[],"_links":{"self":[{"href":"https:\/\/mueller-wrh.de\/it\/wp-json\/wp\/v2\/product\/5096","targetHints":{"allow":["GET"]}}],"collection":[{"href":"https:\/\/mueller-wrh.de\/it\/wp-json\/wp\/v2\/product"}],"about":[{"href":"https:\/\/mueller-wrh.de\/it\/wp-json\/wp\/v2\/types\/product"}],"replies":[{"embeddable":true,"href":"https:\/\/mueller-wrh.de\/it\/wp-json\/wp\/v2\/comments?post=5096"}],"wp:featuredmedia":[{"embeddable":true,"href":"https:\/\/mueller-wrh.de\/it\/wp-json\/wp\/v2\/media\/5089"}],"wp:attachment":[{"href":"https:\/\/mueller-wrh.de\/it\/wp-json\/wp\/v2\/media?parent=5096"}],"wp:term":[{"taxonomy":"product_brand","embeddable":true,"href":"https:\/\/mueller-wrh.de\/it\/wp-json\/wp\/v2\/product_brand?post=5096"},{"taxonomy":"product_cat","embeddable":true,"href":"https:\/\/mueller-wrh.de\/it\/wp-json\/wp\/v2\/product_cat?post=5096"},{"taxonomy":"product_tag","embeddable":true,"href":"https:\/\/mueller-wrh.de\/it\/wp-json\/wp\/v2\/product_tag?post=5096"}],"curies":[{"name":"wp","href":"https:\/\/api.w.org\/{rel}","templated":true}]}}