{"id":4978,"date":"2026-03-13T11:04:59","date_gmt":"2026-03-13T11:04:59","guid":{"rendered":"https:\/\/mueller-wrh.de\/produkt\/cnc-lns-hydrobar-6-42-hs-4-4-bj-89-intnr231499\/"},"modified":"2026-03-13T11:04:59","modified_gmt":"2026-03-13T11:04:59","slug":"cnc-lns-hydrobar-6-42-hs-4-4-bj-89-intnr231499","status":"publish","type":"product","link":"https:\/\/mueller-wrh.de\/it\/prodotto\/cnc-lns-hydrobar-6-42-hs-4-4-bj-89-intnr231499\/","title":{"rendered":"CNC LNS Hydrobar 6.42 HS-4.4 Anno '89 IntNo231499"},"content":{"rendered":"<p><b>Posizione:<\/b> Germania, Baden-W\u00fcrttemberg Sud-Ovest<\/p>\n<p><b>Condizioni:<\/b> Usato<\/p>\n<p><b>Produttore:<\/b> LNS<\/p>\n<p><b>Modello:<\/b> 6,42 HS-4.4<\/p>\n<p><b>Anno di costruzione:<\/b> 1989<\/p>\n<p>\u00c8 in vendita un alimentatore di barre ad alte prestazioni, collaudato e collaudato<br \/>\nLNS, tipo Hydrobar 6.42 HS-4.4. <\/p>\n<p>Dati tecnici<\/p>\n<p>Produttore LNS (Svizzera)<br \/>\nModello Hydrobar 6.42 HS-4.4<br \/>\nAnno di costruzione 1989<br \/>\nCampo di lavoro (diametro) da \u00d8 6 mm a \u00d8 42 mm<br \/>\nLunghezza massima dell'asta 4.000 mm (tipo 4.4) Lunghezza stelo 4.000 mm (tipo 4.4)<br \/>\nPrincipio della guida idrobarica (bagno d'olio completo)<br \/>\nAzionamento idraulico dell'alimentazione<br \/>\nCapacit\u00e0 dell'olio circa 150 - 170 litri (HLP 46 o equivalente)<br \/>\nLunghezza totale del caricatore circa 4.850 mm<br \/>\nPeso (a vuoto) circa 650 kg<\/p>\n<p>La macchina pu\u00f2 essere ispezionata sotto tensione su appuntamento.<br \/>\nCon riserva di modifiche ed errori nei dati tecnici e nelle informazioni, nonch\u00e9 di vendita anticipata!<\/p>\n<p>Un caricatore a barre ad alte prestazioni, collaudato e testato<br \/>\nLNS, modello Hydrobar 6.42 HS-4.4, \u00e8 in vendita. <\/p>\n<p>Specifiche tecniche<\/p>\n<p>Produttore LNS (Svizzera)<br \/>\nModello Hydrobar 6.42 HS-4.4<br \/>\nAnno di produzione 1989<br \/>\nCampo di lavoro (diametro) da \u00d8 6 mm a \u00d8 42 mm<br \/>\nLunghezza massima della barra 4.000 mm (tipo 4.4)<br \/>\nPrincipio guida Idrobarica (bagno d'olio completo)<br \/>\nAzionamento dell'alimentazione Idraulico<br \/>\nCapacit\u00e0 olio circa 150-170 litri (HLP 46 o equivalente)<br \/>\nLunghezza totale del caricatore circa 4.850 mm<br \/>\nPeso (a vuoto) circa 650 kg<\/p>\n<p>La macchina pu\u00f2 essere vista in funzione su appuntamento.<br \/>\nCon riserva di modifiche ed errori nei dati tecnici e nelle specifiche, nonch\u00e9 di vendita anticipata!<\/p>","protected":false},"excerpt":{"rendered":"<p>Standort: Deutschland, Baden-W\u00fcrttemberg S\u00fcdwest Zustand: Gebraucht Hersteller: LNS Modell: 6.42 HS-4.4 Baujahr: 1989 Zum Verkauf steht ein bew\u00e4hrtes Hochleistungs-Stangenlademagazin LNS, Typ Hydrobar 6.42 HS-4.4. Technische Daten Hersteller LNS (Schweiz) Modell Hydrobar 6.42 HS-4.4 Baujahr 1989 Arbeitsbereich (Durchmesser) \u00d8 6 mm bis \u00d8 42 mm Max. Stangenl\u00e4nge 4.000 mm (Typ 4.4) F\u00fchrungsprinzip Hydrobarisch (vollst\u00e4ndiges \u00d6lbad) Vorschubantrieb [&hellip;]<\/p>\n","protected":false},"featured_media":4973,"comment_status":"open","ping_status":"closed","template":"","meta":{"_uf_show_specific_survey":0,"_uf_disable_surveys":false},"product_brand":[],"product_cat":[88],"product_tag":[],"class_list":{"0":"post-4978","1":"product","2":"type-product","3":"status-publish","4":"has-post-thumbnail","6":"product_cat-stangenzufuehrungen","8":"first","9":"instock","10":"taxable","11":"shipping-taxable","12":"product-type-simple"},"aioseo_notices":[],"_links":{"self":[{"href":"https:\/\/mueller-wrh.de\/it\/wp-json\/wp\/v2\/product\/4978","targetHints":{"allow":["GET"]}}],"collection":[{"href":"https:\/\/mueller-wrh.de\/it\/wp-json\/wp\/v2\/product"}],"about":[{"href":"https:\/\/mueller-wrh.de\/it\/wp-json\/wp\/v2\/types\/product"}],"replies":[{"embeddable":true,"href":"https:\/\/mueller-wrh.de\/it\/wp-json\/wp\/v2\/comments?post=4978"}],"wp:featuredmedia":[{"embeddable":true,"href":"https:\/\/mueller-wrh.de\/it\/wp-json\/wp\/v2\/media\/4973"}],"wp:attachment":[{"href":"https:\/\/mueller-wrh.de\/it\/wp-json\/wp\/v2\/media?parent=4978"}],"wp:term":[{"taxonomy":"product_brand","embeddable":true,"href":"https:\/\/mueller-wrh.de\/it\/wp-json\/wp\/v2\/product_brand?post=4978"},{"taxonomy":"product_cat","embeddable":true,"href":"https:\/\/mueller-wrh.de\/it\/wp-json\/wp\/v2\/product_cat?post=4978"},{"taxonomy":"product_tag","embeddable":true,"href":"https:\/\/mueller-wrh.de\/it\/wp-json\/wp\/v2\/product_tag?post=4978"}],"curies":[{"name":"wp","href":"https:\/\/api.w.org\/{rel}","templated":true}]}}