{"id":4972,"date":"2026-03-13T10:56:47","date_gmt":"2026-03-13T10:56:47","guid":{"rendered":"https:\/\/mueller-wrh.de\/produkt\/cnc-lns-hydrobar-6-42-hs-4-6-bj-2011-intnr2314500\/"},"modified":"2026-03-13T10:56:47","modified_gmt":"2026-03-13T10:56:47","slug":"cnc-lns-hydrobar-6-42-hs-4-6-bj-2011-intnr2314500","status":"publish","type":"product","link":"https:\/\/mueller-wrh.de\/it\/prodotto\/cnc-lns-hydrobar-6-42-hs-4-6-bj-2011-intnr2314500\/","title":{"rendered":"CNC LNS Hydrobar 6.42 HS -4.6 Anno 2011 IntNr2314500"},"content":{"rendered":"<p><b>Posizione:<\/b> Germania, Baden-W\u00fcrttemberg Sud-Ovest<\/p>\n<p><b>Condizioni:<\/b> Usato<\/p>\n<p><b>Produttore:<\/b> HAAS<\/p>\n<p><b>Modello:<\/b> 6,42 HS-4.6<\/p>\n<p><b>Anno di costruzione:<\/b> 2009<\/p>\n<p>\u00c8 in vendita un alimentatore di barre ad alte prestazioni, collaudato e collaudato<br \/>\nLNS, tipo Hydrobar 6.42 HS-4.6. <\/p>\n<p>Dati tecnici<\/p>\n<p>Produttore LNS (Svizzera)<br \/>\nModello Hydrobar 6.42 HS-4.6<br \/>\nAnno di costruzione 2011<br \/>\nCampo di lavoro (diametro) da \u00d8 6 mm a \u00d8 42 mm<br \/>\nLunghezza massima della barra Lunghezza barra 3.000 mm<br \/>\nPrincipio della guida idrobarica (bagno d'olio completo)<br \/>\nAzionamento idraulico dell'alimentazione<br \/>\nCapacit\u00e0 dell'olio circa 150 - 170 litri (HLP 46 o equivalente)<br \/>\nLunghezza totale del caricatore circa 4.850 mm<br \/>\nPeso (a vuoto) circa 650 kg<\/p>\n<p>La macchina pu\u00f2 essere ispezionata sotto tensione su appuntamento.<br \/>\nCon riserva di modifiche ed errori nei dati tecnici e nelle informazioni, nonch\u00e9 di vendita anticipata!<\/p>\n<p>Un caricatore a barre ad alte prestazioni, collaudato e testato<br \/>\nLNS, modello Hydrobar 6.42 HS-4.6, \u00e8 in vendita. <\/p>\n<p>Specifiche tecniche<\/p>\n<p>Produttore LNS (Svizzera)<br \/>\nModello Hydrobar 6.42 HS-4.6<br \/>\nAnno di produzione 2011<br \/>\nCampo di lavoro (diametro) da \u00d8 6 mm a \u00d8 42 mm<br \/>\nLunghezza massima della barra 3.000 mm<br \/>\nPrincipio guida Idrobarica (bagno d'olio completo)<br \/>\nAzionamento dell'alimentazione Idraulico<br \/>\nCapacit\u00e0 olio circa 150-170 litri (HLP 46 o equivalente)<br \/>\nLunghezza totale del caricatore circa 4.850 mm<br \/>\nPeso (a vuoto) circa 650 kg<\/p>\n<p>La macchina pu\u00f2 essere vista in funzione su appuntamento.<br \/>\nCon riserva di modifiche ed errori nei dati tecnici e nelle specifiche, nonch\u00e9 di vendita anticipata!<\/p>","protected":false},"excerpt":{"rendered":"<p>Standort: Deutschland, Baden-W\u00fcrttemberg S\u00fcdwest Zustand: Gebraucht Hersteller: HAAS Modell: 6.42 HS-4.6 Baujahr: 2009 Zum Verkauf steht ein bew\u00e4hrtes Hochleistungs-Stangenlademagazin LNS, Typ Hydrobar 6.42 HS-4.6. Technische Daten Hersteller LNS (Schweiz) Modell Hydrobar 6.42 HS-4.6 Baujahr 2011 Arbeitsbereich (Durchmesser) \u00d8 6 mm bis \u00d8 42 mm Max. Stangenl\u00e4nge 3.000 mm F\u00fchrungsprinzip Hydrobarisch (vollst\u00e4ndiges \u00d6lbad) Vorschubantrieb Hydraulisch \u00d6lf\u00fcllmenge [&hellip;]<\/p>\n","protected":false},"featured_media":4968,"comment_status":"open","ping_status":"closed","template":"","meta":{"_uf_show_specific_survey":0,"_uf_disable_surveys":false},"product_brand":[],"product_cat":[88],"product_tag":[],"class_list":{"0":"post-4972","1":"product","2":"type-product","3":"status-publish","4":"has-post-thumbnail","6":"product_cat-stangenzufuehrungen","8":"first","9":"instock","10":"taxable","11":"shipping-taxable","12":"product-type-simple"},"aioseo_notices":[],"_links":{"self":[{"href":"https:\/\/mueller-wrh.de\/it\/wp-json\/wp\/v2\/product\/4972","targetHints":{"allow":["GET"]}}],"collection":[{"href":"https:\/\/mueller-wrh.de\/it\/wp-json\/wp\/v2\/product"}],"about":[{"href":"https:\/\/mueller-wrh.de\/it\/wp-json\/wp\/v2\/types\/product"}],"replies":[{"embeddable":true,"href":"https:\/\/mueller-wrh.de\/it\/wp-json\/wp\/v2\/comments?post=4972"}],"wp:featuredmedia":[{"embeddable":true,"href":"https:\/\/mueller-wrh.de\/it\/wp-json\/wp\/v2\/media\/4968"}],"wp:attachment":[{"href":"https:\/\/mueller-wrh.de\/it\/wp-json\/wp\/v2\/media?parent=4972"}],"wp:term":[{"taxonomy":"product_brand","embeddable":true,"href":"https:\/\/mueller-wrh.de\/it\/wp-json\/wp\/v2\/product_brand?post=4972"},{"taxonomy":"product_cat","embeddable":true,"href":"https:\/\/mueller-wrh.de\/it\/wp-json\/wp\/v2\/product_cat?post=4972"},{"taxonomy":"product_tag","embeddable":true,"href":"https:\/\/mueller-wrh.de\/it\/wp-json\/wp\/v2\/product_tag?post=4972"}],"curies":[{"name":"wp","href":"https:\/\/api.w.org\/{rel}","templated":true}]}}