{"id":4959,"date":"2026-03-13T10:25:16","date_gmt":"2026-03-13T10:25:16","guid":{"rendered":"https:\/\/mueller-wrh.de\/produkt\/ergomat-tda-26-36-cnc-bj-97-mit-einzelstangenvorschub-intnr231498\/"},"modified":"2026-03-13T10:25:16","modified_gmt":"2026-03-13T10:25:16","slug":"ergomat-tda-26-36-cnc-bj-97-mit-einzelstangenvorschub-intnr231498","status":"publish","type":"product","link":"https:\/\/mueller-wrh.de\/it\/prodotto\/ergomat-tda-26-36-cnc-bj-97-mit-einzelstangenvorschub-intnr231498\/","title":{"rendered":"ERGOMAT TDA-26-36 CNC, anno '97 con avanzamento a barra singola IntNo231498"},"content":{"rendered":"<p><b>Posizione:<\/b> Germania, Baden-W\u00fcrttemberg Sud-Ovest<\/p>\n<p><b>Condizioni:<\/b> Usato<\/p>\n<p><b>Modello:<\/b> TDA 26-36 CNC<\/p>\n<p><b>Anno di costruzione:<\/b> 1997<\/p>\n<p>Tornio automatico CNC ad alta velocit\u00e0 (tornio corto)<br \/>\nAnno di costruzione: 1997<br \/>\nSistema di controllo: simile a Fanuc<\/p>\n<p>Dati tecnici<\/p>\n<p>Diametro massimo dell'asta: 36 mm. Diametro dell'asta: 36 mm<br \/>\nApertura standard dell'asta: 26 mm<br \/>\nLunghezza massima di tornitura: 100 mm. Lunghezza di tornitura: 100 mm<br \/>\nDiametro di rotazione della slitta trasversale: 120 mm<\/p>\n<p>Mandrino principale<br \/>\nGamma di velocit\u00e0: 100 - 6.300 giri\/min (variabile in continuo)<br \/>\nPotenza del mandrino: 7,5 kW \/ 11 kW (continua\/picco)<br \/>\nNaso del mandrino: A2-5\u2033.<br \/>\nAsse C: Risoluzione 0,001\u00b0<br \/>\nNumero di slitte: 4 slitte lineari (X\/Z) per la lavorazione simultanea<br \/>\nTorretta stellare a 8 stazioni (VDI 20)<br \/>\nVelocit\u00e0 di traslazione rapida: 15 m\/min (asse X) \/ 20 m\/min (asse Z)<br \/>\nForza di avanzamento: 2.500 N<\/p>\n<p>Alimentazione a barra singola: ERGOMAT, per barre di lunghezza fino a 3.000 mm.<\/p>\n<p>La macchina pu\u00f2 essere ispezionata sotto tensione su appuntamento.<br \/>\nCon riserva di modifiche ed errori nei dati tecnici e nelle informazioni, nonch\u00e9 di vendita anticipata!<\/p>\n<p>Tornio automatico CNC ad alta velocit\u00e0 (tornio per piccole tirature)<br \/>\nAnno di fabbricazione: 1997<br \/>\nSistema di controllo: simile a Fanuc<\/p>\n<p>Specifiche tecniche<\/p>\n<p>Diametro massimo della barra: 36 mm<br \/>\nCapacit\u00e0 standard della barra: 26 mm<br \/>\nLunghezza massima di tornitura: 100 mm<br \/>\nDiametro girevole sulla slitta trasversale: 120 mm<\/p>\n<p>Mandrino principale<br \/>\nGamma di velocit\u00e0: 100 - 6.300 giri\/min (a variazione continua)<br \/>\nPotenza del mandrino: 7,5 kW \/ 11 kW (continua\/picco)<br \/>\nNaso del mandrino: A2-5\u2033.<br \/>\nAsse C: risoluzione 0,001\u00b0<br \/>\nNumero di slitte: 4 slitte lineari (X\/Z) per la lavorazione simultanea<br \/>\nTorretta stellare a 8 stazioni (VDI 20)<br \/>\nVelocit\u00e0 di traslazione rapida: 15 m\/min (asse X) \/ 20 m\/min (asse Z)<br \/>\nForza di avanzamento: 2.500 N<\/p>\n<p>Alimentazione a barra singola: ERGOMAT, per barre di lunghezza fino a 3.000 mm.<\/p>\n<p>La macchina pu\u00f2 essere vista in funzione su appuntamento.<br \/>\nCon riserva di modifiche ed errori nei dati tecnici e nelle specifiche, nonch\u00e9 di vendita anticipata!<\/p>","protected":false},"excerpt":{"rendered":"<p>Standort: Deutschland, Baden-W\u00fcrttemberg S\u00fcdwest Zustand: Gebraucht Modell: TDA 26-36 CNC Baujahr: 1997 Hochgeschwindigkeits-CNC-Drehautomat (Kurzdreher) Baujahr: 1997 Steuerung: \u00e4hnlich Fanuc Technische Daten Max. Stangendurchmesser: 36 mm Standard-Stangendurchlass: 26 mm Max. Drehl\u00e4nge: 100 mm Schwingdurchmesser \u00fcber Planschlitten: 120 mm Hauptspindel Drehzahlbereich: 100 \u2013 6.300 U\/min (stufenlos regelbar) Spindelleistung: 7,5 kW \/ 11 kW (Dauer\/Peak) Spindelnase: A2-5&#8243; C-Achse: [&hellip;]<\/p>\n","protected":false},"featured_media":4953,"comment_status":"open","ping_status":"closed","template":"","meta":{"_uf_show_specific_survey":0,"_uf_disable_surveys":false},"product_brand":[],"product_cat":[110],"product_tag":[],"class_list":{"0":"post-4959","1":"product","2":"type-product","3":"status-publish","4":"has-post-thumbnail","6":"product_cat-revolverdrehautomaten","8":"first","9":"instock","10":"taxable","11":"shipping-taxable","12":"product-type-simple"},"aioseo_notices":[],"_links":{"self":[{"href":"https:\/\/mueller-wrh.de\/it\/wp-json\/wp\/v2\/product\/4959","targetHints":{"allow":["GET"]}}],"collection":[{"href":"https:\/\/mueller-wrh.de\/it\/wp-json\/wp\/v2\/product"}],"about":[{"href":"https:\/\/mueller-wrh.de\/it\/wp-json\/wp\/v2\/types\/product"}],"replies":[{"embeddable":true,"href":"https:\/\/mueller-wrh.de\/it\/wp-json\/wp\/v2\/comments?post=4959"}],"wp:featuredmedia":[{"embeddable":true,"href":"https:\/\/mueller-wrh.de\/it\/wp-json\/wp\/v2\/media\/4953"}],"wp:attachment":[{"href":"https:\/\/mueller-wrh.de\/it\/wp-json\/wp\/v2\/media?parent=4959"}],"wp:term":[{"taxonomy":"product_brand","embeddable":true,"href":"https:\/\/mueller-wrh.de\/it\/wp-json\/wp\/v2\/product_brand?post=4959"},{"taxonomy":"product_cat","embeddable":true,"href":"https:\/\/mueller-wrh.de\/it\/wp-json\/wp\/v2\/product_cat?post=4959"},{"taxonomy":"product_tag","embeddable":true,"href":"https:\/\/mueller-wrh.de\/it\/wp-json\/wp\/v2\/product_tag?post=4959"}],"curies":[{"name":"wp","href":"https:\/\/api.w.org\/{rel}","templated":true}]}}