{"id":4869,"date":"2026-02-24T11:35:04","date_gmt":"2026-02-24T11:35:04","guid":{"rendered":"https:\/\/mueller-wrh.de\/produkt\/cnc-langdrehfraeszentrum-star-st-38-bj-19-intnr231494\/"},"modified":"2026-02-24T11:35:04","modified_gmt":"2026-02-24T11:35:04","slug":"cnc-langdrehfraeszentrum-star-st-38-bj-19-intnr231494","status":"publish","type":"product","link":"https:\/\/mueller-wrh.de\/it\/prodotto\/cnc-langdrehfraeszentrum-star-st-38-bj-19-intnr231494\/","title":{"rendered":"Centro di fresatura CNC a fantina mobile STAR ST-38, anno '19 (IntNo231494)"},"content":{"rendered":"<p><b>Posizione:<\/b> Germania, Baden-W\u00fcrttemberg Sud-Ovest<\/p>\n<p><b>Condizioni:<\/b> Usato<\/p>\n<p><b>Produttore:<\/b> STAR Micronics<\/p>\n<p><b>Modello:<\/b> ST-38<\/p>\n<p><b>Anno di costruzione:<\/b> 2019<\/p>\n<p>FANUC, computer ad alte prestazioni serie 31i-B5,<\/p>\n<p>Condizioni di buona manutenzione, circa 9000 ore di funzionamento<\/p>\n<p>Principali dati tecnici<br \/>\nArea di lavoro<br \/>\nDiametro massimo dell'asta: 38 mm. Diametro dell'asta: 38 mm<br \/>\nLunghezza massima di lavorazione (con bussola di guida) Lunghezza di lavorazione (con bussola di guida): circa 320 mm<br \/>\nPossibilit\u00e0 di lavorare senza bussola di guida (per pezzi pi\u00f9 corti)<br \/>\nMax. Diametro pinza del contromandrino: 38 mm<\/p>\n<p>Mandrino principale<br \/>\nPotenza del mandrino: circa 11-15 kW<br \/>\nVelocit\u00e0 max. Velocit\u00e0: circa 7.000 min-\u00b9<br \/>\nAsse C integrato (risoluzione 0,001\u00b0)<br \/>\nCuscinetti del mandrino ad alta precisione per lavorazioni pesanti<\/p>\n<p>Contromandrino<br \/>\nPotenza: circa 5,5-7,5 kW<br \/>\nVelocit\u00e0 max. Velocit\u00e0: circa 7.000 min-\u00b9<br \/>\nAsse C completo<br \/>\nTrasferimento dei pezzi e lavorazione della parte posteriore in un'unica operazione di serraggio<\/p>\n<p>Configurazione dell'asse<br \/>\nX1 \/ Z1 (sistema principale)<br \/>\nX2 \/ Z2 (sistema di contromandrini)<br \/>\nAsse Y per operazioni di fresatura decentrata<br \/>\nAsse C mandrino principale e contromandrino<br \/>\nFunzioni di rotazione dell'asse B opzionali (a seconda dell'equipaggiamento)<br \/>\nIl controllo multicanale consente la lavorazione simultanea sul mandrino principale e sul contromandrino per ridurre significativamente i tempi di ciclo.<\/p>\n<p>Utensili<br \/>\nSet di portautensili, (non motorizzati)<br \/>\nUnit\u00e0 boccola di guida (sistema di tensione, JBS)<br \/>\nUnit\u00e0 di raffreddamento dell'olio<br \/>\nTrasportatore ad alta pressione (con unit\u00e0 ad alta pressione integrata) tipo M\u00fcller combistream CS 3<br \/>\nApplicazione del refrigerante: Olio<br \/>\nPeso: 6,25 tonnellate<br \/>\nDimensioni: (LxLxA) 3477x1860x1865 mm<\/p>\n<p>La macchina pu\u00f2 essere ispezionata sotto tensione su appuntamento.<br \/>\nCon riserva di modifiche ed errori nei dati tecnici e nelle informazioni, nonch\u00e9 di vendita anticipata!<\/p>\n<p>FANUC, computer ad alte prestazioni serie 31i-B5,<\/p>\n<p>Ben mantenuto, circa 9000 ore di funzionamento<\/p>\n<p>Principali dati tecnici<br \/>\nCampo di lavoro<br \/>\nDiametro massimo della barra: 38 mm<br \/>\nLunghezza massima di lavorazione (con bussola di guida): circa 320 mm<br \/>\nPossibilit\u00e0 di lavorare senza bussola di guida (per pezzi pi\u00f9 corti)<br \/>\nDiametro massimo pinza contromandrino: 38 mm<\/p>\n<p>Mandrino principale<br \/>\nPotenza del mandrino: circa 11-15 kW<br \/>\nVelocit\u00e0 massima: circa 7.000 min-\u00b9<br \/>\nAsse C integrato (risoluzione 0,001\u00b0)<br \/>\nCuscinetto del mandrino di alta precisione per lavorazioni pesanti<\/p>\n<p>Contromandrino<br \/>\nPotenza: circa 5,5-7,5 kW<br \/>\nVelocit\u00e0 massima: circa 7.000 giri\/min.<br \/>\nAsse C completo<br \/>\nTrasferimento dei pezzi e lavorazione posteriore in un unico bloccaggio<\/p>\n<p>Configurazione degli assi<br \/>\nX1 \/ Z1 (sistema principale)<br \/>\nX2 \/ Z2 (sistema di contromandrini)<br \/>\nAsse Y per operazioni di fresatura decentrata<br \/>\nAsse C mandrino principale e contromandrino<br \/>\nFunzioni di rotazione dell'asse B opzionali (a seconda dell'equipaggiamento)<br \/>\nIl controllo multicanale consente la lavorazione simultanea sul mandrino principale e sul contromandrino per una significativa riduzione del tempo di ciclo.<\/p>\n<p>Utensili<br \/>\nSet di portautensili, (non motorizzati)<br \/>\nUnit\u00e0 bussola di guida (sistema di trazione, JBS)<br \/>\nUnit\u00e0 di raffreddamento dell'olio<br \/>\nTrasportatore ad alta pressione (con unit\u00e0 ad alta pressione integrata) Tipo M\u00fcller combistream CS 3<br \/>\nRefrigerante utilizzato: olio<br \/>\nPeso: 6,25 tonnellate<br \/>\nDimensioni: (LxLxA) 3477x1860x1865 mm<\/p>\n<p>La macchina pu\u00f2 essere visionata sotto tensione su appuntamento.<br \/>\nCon riserva di modifiche ed errori nei dati tecnici e nelle specifiche, nonch\u00e9 di vendita anticipata!<\/p>","protected":false},"excerpt":{"rendered":"<p>Standort: Deutschland, Baden-W\u00fcrttemberg S\u00fcdwest Zustand: Gebraucht Hersteller: STAR Micronics Modell: ST-38 Baujahr: 2019 FANUC, Hochleistungs-Rechner Serie 31i-B5, Gepflegter Zustand, ca. 9000 Betriebsstunden Technische Hauptdaten Arbeitsbereich Max. Stangendurchmesser: 38 mm Max. Bearbeitungsl\u00e4nge (mit F\u00fchrungsbuchse): ca. 320 mm Bearbeitung ohne F\u00fchrungsbuchse m\u00f6glich (f\u00fcr k\u00fcrzere Werkst\u00fccke) Max. Spannzangendurchmesser Gegenspindel: 38 mm Hauptspindel Spindelleistung: ca. 11\u201315 kW Max. Drehzahl: [&hellip;]<\/p>\n","protected":false},"featured_media":4863,"comment_status":"open","ping_status":"closed","template":"","meta":{"_uf_show_specific_survey":0,"_uf_disable_surveys":false},"product_brand":[],"product_cat":[23],"product_tag":[],"class_list":{"0":"post-4869","1":"product","2":"type-product","3":"status-publish","4":"has-post-thumbnail","6":"product_cat-cnc-langdrehmaschinen","8":"first","9":"instock","10":"taxable","11":"shipping-taxable","12":"product-type-simple"},"aioseo_notices":[],"_links":{"self":[{"href":"https:\/\/mueller-wrh.de\/it\/wp-json\/wp\/v2\/product\/4869","targetHints":{"allow":["GET"]}}],"collection":[{"href":"https:\/\/mueller-wrh.de\/it\/wp-json\/wp\/v2\/product"}],"about":[{"href":"https:\/\/mueller-wrh.de\/it\/wp-json\/wp\/v2\/types\/product"}],"replies":[{"embeddable":true,"href":"https:\/\/mueller-wrh.de\/it\/wp-json\/wp\/v2\/comments?post=4869"}],"wp:featuredmedia":[{"embeddable":true,"href":"https:\/\/mueller-wrh.de\/it\/wp-json\/wp\/v2\/media\/4863"}],"wp:attachment":[{"href":"https:\/\/mueller-wrh.de\/it\/wp-json\/wp\/v2\/media?parent=4869"}],"wp:term":[{"taxonomy":"product_brand","embeddable":true,"href":"https:\/\/mueller-wrh.de\/it\/wp-json\/wp\/v2\/product_brand?post=4869"},{"taxonomy":"product_cat","embeddable":true,"href":"https:\/\/mueller-wrh.de\/it\/wp-json\/wp\/v2\/product_cat?post=4869"},{"taxonomy":"product_tag","embeddable":true,"href":"https:\/\/mueller-wrh.de\/it\/wp-json\/wp\/v2\/product_tag?post=4869"}],"curies":[{"name":"wp","href":"https:\/\/api.w.org\/{rel}","templated":true}]}}