{"id":4861,"date":"2026-02-18T15:57:49","date_gmt":"2026-02-18T15:57:49","guid":{"rendered":"https:\/\/mueller-wrh.de\/produkt\/neu-star-er16-or1-61-werkzeughalter-str766100_-passend-fuer-star-sb-12-20rsd-26c-e-g-s-sl-7-10-sp-23sr-20jii-b-sr-20riv-sr-32jii-a-sr-32jii-b-jiii-bsr-38-type-a-bsv-20rsw-12rii_intnr231492\/"},"modified":"2026-02-18T15:57:50","modified_gmt":"2026-02-18T15:57:50","slug":"neu-star-er16-or1-61-werkzeughalter-str766100_-passend-fuer-star-sb-12-20rsd-26c-e-g-s-sl-7-10-sp-23sr-20jii-b-sr-20riv-sr-32jii-a-sr-32jii-b-jiii-bsr-38-type-a-bsv-20rsw-12rii_intnr231492","status":"publish","type":"product","link":"https:\/\/mueller-wrh.de\/it\/prodotto\/neu-star-er16-or1-61-werkzeughalter-str766100_-passend-fuer-star-sb-12-20rsd-26c-e-g-s-sl-7-10-sp-23sr-20jii-b-sr-20riv-sr-32jii-a-sr-32jii-b-jiii-bsr-38-type-a-bsv-20rsw-12rii_intnr231492\/","title":{"rendered":"NUOVO STAR ER16 OR1-61 Portautensili STR766100_ Adatto per Star SB-12\/20R;SD-26C\/E\/G\/S ;SL-7\/10; SP-23;SR-20JII-B ;SR-20RIV; SR-32JII-A; SR-32JII-B\/JIII-B;SR-38 (Tipo A\/B);SV-20R;SW-12RII_IntNr231492"},"content":{"rendered":"<p><b>Posizione:<\/b> Germania, Baden-W\u00fcrttemberg Sud-Ovest<\/p>\n<p><b>Condizioni:<\/b> Nuovo<\/p>\n<p>Unit\u00e0 di foratura\/fresatura frontale ER16 per lavorazione posteriore<br \/>\nAdatto per Star Star<br \/>\nSB-12\/20R<br \/>\nStella SD-26C\/E\/G\/S<br \/>\nStella SL-7\/10<br \/>\nStella SP-23<br \/>\nStella SR-20JII-B<br \/>\nStella SR-20RIV<br \/>\nStella SR-32JII-A<br \/>\nStella SR-32JII-B\/JIII-B<br \/>\nStella SR-38 (Tipo A\/B)<br \/>\nStar SV-20R<br \/>\nStella SW-12RII<br \/>\nStella SW-20<br \/>\nParagonabile all'ordine Star n. 0R1-61<br \/>\nper 12 macchine<br \/>\nTraduzione 1:1<br \/>\nVelocit\u00e0 di ingresso max. 12000 1\/min<br \/>\nVelocit\u00e0 di uscita max. 12000 1\/min<br \/>\nCoppia di uscita max. 13 Nm<\/p>\n<p>Con riserva di modifiche ed errori nei dati tecnici e nelle informazioni, nonch\u00e9 di vendita anticipata!<\/p>\n<p>Unit\u00e0 di foratura\/fresatura frontale ER16 per la lavorazione del lato posteriore<br \/>\nCompatibile con le macchine Star:<\/p>\n<p>Stella SB-12\/20R<\/p>\n<p>Stella SD-26C\/E\/G\/S<\/p>\n<p>Stella SL-7\/10<\/p>\n<p>Stella SP-23<\/p>\n<p>Stella SR-20JII-B<\/p>\n<p>Stella SR-20RIV<\/p>\n<p>Stella SR-32JII-A<\/p>\n<p>Stella SR-32JII-B\/JIII-B<\/p>\n<p>Stella SR-38 (Tipo A\/B)<\/p>\n<p>Star SV-20R<\/p>\n<p>Stella SW-12RII<\/p>\n<p>Stella SW-20<\/p>\n<p>Paragonabile al codice Star: 0R1-61<br \/>\nPer 12 macchine<\/p>\n<p>Rapporto di traduzione: 1:1<br \/>\nVelocit\u00e0 di ingresso: max. 12.000 giri\/min.<br \/>\nVelocit\u00e0 di uscita: max. 12.000 giri\/min.<br \/>\nCoppia di uscita: max. 13 Nm<\/p>\n<p>Le modifiche e gli errori nei dati tecnici e nelle specifiche, cos\u00ec come la vendita anticipata, sono riservati!<\/p>","protected":false},"excerpt":{"rendered":"<p>Standort: Deutschland, Baden-W\u00fcrttemberg S\u00fcdwest Zustand: Neu Frontalbohr-\/Fr\u00e4sapparat ER16 f\u00fcr R\u00fcckseitenbearbeitung Passend f\u00fcr Star Star SB-12\/20R Star SD-26C\/E\/G\/S Star SL-7\/10 Star SP-23 Star SR-20JII-B Star SR-20RIV Star SR-32JII-A Star SR-32JII-B\/JIII-B Star SR-38 (Type A\/B) Star SV-20R Star SW-12RII Star SW-20 Vergleichbar mit Star Bestell-Nr. 0R1-61 f\u00fcr 12 Maschinen \u00dcbersetzung 1:1 Eingangsdrehzahl max. 12000 1\/min Ausgangsdrehzahl max. [&hellip;]<\/p>\n","protected":false},"featured_media":4860,"comment_status":"open","ping_status":"closed","template":"","meta":{"_uf_show_specific_survey":0,"_uf_disable_surveys":false},"product_brand":[],"product_cat":[20],"product_tag":[],"class_list":{"0":"post-4861","1":"product","2":"type-product","3":"status-publish","4":"has-post-thumbnail","6":"product_cat-werkzeughalter","8":"first","9":"instock","10":"taxable","11":"shipping-taxable","12":"product-type-simple"},"aioseo_notices":[],"_links":{"self":[{"href":"https:\/\/mueller-wrh.de\/it\/wp-json\/wp\/v2\/product\/4861","targetHints":{"allow":["GET"]}}],"collection":[{"href":"https:\/\/mueller-wrh.de\/it\/wp-json\/wp\/v2\/product"}],"about":[{"href":"https:\/\/mueller-wrh.de\/it\/wp-json\/wp\/v2\/types\/product"}],"replies":[{"embeddable":true,"href":"https:\/\/mueller-wrh.de\/it\/wp-json\/wp\/v2\/comments?post=4861"}],"wp:featuredmedia":[{"embeddable":true,"href":"https:\/\/mueller-wrh.de\/it\/wp-json\/wp\/v2\/media\/4860"}],"wp:attachment":[{"href":"https:\/\/mueller-wrh.de\/it\/wp-json\/wp\/v2\/media?parent=4861"}],"wp:term":[{"taxonomy":"product_brand","embeddable":true,"href":"https:\/\/mueller-wrh.de\/it\/wp-json\/wp\/v2\/product_brand?post=4861"},{"taxonomy":"product_cat","embeddable":true,"href":"https:\/\/mueller-wrh.de\/it\/wp-json\/wp\/v2\/product_cat?post=4861"},{"taxonomy":"product_tag","embeddable":true,"href":"https:\/\/mueller-wrh.de\/it\/wp-json\/wp\/v2\/product_tag?post=4861"}],"curies":[{"name":"wp","href":"https:\/\/api.w.org\/{rel}","templated":true}]}}