{"id":4848,"date":"2026-02-18T12:37:51","date_gmt":"2026-02-18T12:37:51","guid":{"rendered":"https:\/\/mueller-wrh.de\/produkt\/mitutoyo-pj-a3000_profilprojektor_bj-2015_intnr231490\/"},"modified":"2026-02-18T12:37:51","modified_gmt":"2026-02-18T12:37:51","slug":"mitutoyo-pj-a3000_profilprojektor_bj-2015_intnr231490","status":"publish","type":"product","link":"https:\/\/mueller-wrh.de\/it\/prodotto\/mitutoyo-pj-a3000_profilprojektor_bj-2015_intnr231490\/","title":{"rendered":"Mitutoyo PJ A3000_proiettore_profilo_anno_2015_IntNo231490"},"content":{"rendered":"<p><b>Posizione:<\/b> Germania, Baden-W\u00fcrttemberg Sud-Ovest<\/p>\n<p><b>Condizioni:<\/b> Usato<\/p>\n<p><b>Produttore:<\/b> Mitutoyo<\/p>\n<p><b>Modello:<\/b> PJ-A3000<\/p>\n<p><b>Anno di costruzione:<\/b> 2015<\/p>\n<p><b>Orario di funzionamento:<\/b> nessuno<\/p>\n<p>Proiettore di profili Mitutoyo PJ-A3000 - Misura ottica precisa<\/p>\n<p>In vendita un proiettore di profili Mitutoyo PJ-A3000, ideale per il controllo qualit\u00e0, il controllo della produzione e la misurazione precisa dei pezzi.<br \/>\nAnno 2015<\/p>\n<p>Caratteristiche principali:<\/p>\n<p>Produttore: Mitutoyo Corporation<\/p>\n<p>Modello: PJ-A3000<\/p>\n<p>Schermo di proiezione: \u00d8 315 mm<\/p>\n<p>Ingrandimento: 10\u00d7 standard, (opzionale 20\u00d7, 50\u00d7, 100\u00d7)<\/p>\n<p>Precisione di misura: \u00b10,001 mm (risoluzione XY)<\/p>\n<p>Movimento del tavolo: Campi di misura diversi a seconda del modello (fino a 200\u00d7100 mm)<\/p>\n<p>Illuminazione: lampada alogena 24 V \/ 150 W<\/p>\n<p>Funzioni: Display XY digitale, misurazione dell'angolo, interfaccia RS-232C<\/p>\n<p>Max. Altezza del pezzo: circa 92,5-123,5 mm<\/p>\n<p>Caratteristiche speciali: Sistema ottico telecentrico per una visualizzazione priva di distorsioni, tavolo ruotabile, messa a fuoco manuale<\/p>\n<p>Condizione: Usato, testato e funzionante.<\/p>\n<p>Applicazione: Ideale per la lavorazione di metallo e plastica, la formazione, il laboratorio e le misurazioni di precisione.<\/p>\n<p>La macchina pu\u00f2 essere ispezionata su appuntamento.<br \/>\nCon riserva di modifiche ed errori nei dati tecnici e nelle informazioni, nonch\u00e9 di vendita anticipata!<\/p>\n<p>Proiettore di profili Mitutoyo PJ-A3000 - Misura ottica di precisione<\/p>\n<p>In vendita un proiettore di profili Mitutoyo PJ-A3000, ideale per il controllo qualit\u00e0, il controllo della produzione e la misurazione precisa dei pezzi.<br \/>\nAnno di produzione: 2015<\/p>\n<p>Caratteristiche principali:<\/p>\n<p>Produttore: Mitutoyo Corporation<\/p>\n<p>Modello: PJ-A3000<\/p>\n<p>Schermo di proiezione: \u00d8 315 mm<\/p>\n<p>Ingrandimento: 10\u00d7 standard (opzionale 20\u00d7, 50\u00d7, 100\u00d7)<\/p>\n<p>Precisione di misura: \u00b10,001 mm (risoluzione XY)<\/p>\n<p>Tabella Viaggi: diversi campi di misura a seconda del modello (fino a 200\u00d7100 mm)<\/p>\n<p>Illuminazione: lampada alogena 24 V \/ 150 W<\/p>\n<p>Funzioni: lettura digitale XY, misura dell'angolo, interfaccia RS-232C<\/p>\n<p>Altezza massima del pezzo Altezza pezzo: circa 92,5-123,5 mm<\/p>\n<p>Caratteristiche speciali: sistema ottico telecentrico per una proiezione senza distorsioni, tavolo ruotabile, messa a fuoco manuale<\/p>\n<p>Condizioni: usato, testato e perfettamente funzionante.<\/p>\n<p>Applicazioni: Ideale per la lavorazione di metallo e plastica, la formazione, i laboratori e le misurazioni di precisione.<\/p>\n<p>La macchina pu\u00f2 essere ispezionata sotto tensione su appuntamento.<br \/>\nLe specifiche tecniche sono soggette a modifiche, errori e riserva di vendita.<\/p>","protected":false},"excerpt":{"rendered":"<p>Standort: Deutschland, Baden-W\u00fcrttemberg S\u00fcdwest Zustand: Gebraucht Hersteller: Mitutoyo Modell: PJ-A3000 Baujahr: 2015 Betriebsstunden: keine Mitutoyo PJ-A3000 Profilprojektor \u2013 Pr\u00e4zise optische Messung Verkauft wird ein Mitutoyo PJ-A3000 Profilprojektor, ideal f\u00fcr die Qualit\u00e4tssicherung, Fertigungskontrolle und pr\u00e4zise Werkst\u00fcckmessungen. Bj.2015 Hauptmerkmale: Hersteller: Mitutoyo Corporation Modell: PJ-A3000 Projektionsbildschirm: \u00d8 315\u202fmm Vergr\u00f6\u00dferung: 10\u00d7 Standard, (optional 20\u00d7, 50\u00d7, 100\u00d7) Messgenauigkeit: \u00b10,001\u202fmm (XY-Aufl\u00f6sung) [&hellip;]<\/p>\n","protected":false},"featured_media":4843,"comment_status":"open","ping_status":"closed","template":"","meta":{"_uf_show_specific_survey":0,"_uf_disable_surveys":false},"product_brand":[],"product_cat":[98],"product_tag":[],"class_list":{"0":"post-4848","1":"product","2":"type-product","3":"status-publish","4":"has-post-thumbnail","6":"product_cat-messtechnik","8":"first","9":"instock","10":"taxable","11":"shipping-taxable","12":"product-type-simple"},"aioseo_notices":[],"_links":{"self":[{"href":"https:\/\/mueller-wrh.de\/it\/wp-json\/wp\/v2\/product\/4848","targetHints":{"allow":["GET"]}}],"collection":[{"href":"https:\/\/mueller-wrh.de\/it\/wp-json\/wp\/v2\/product"}],"about":[{"href":"https:\/\/mueller-wrh.de\/it\/wp-json\/wp\/v2\/types\/product"}],"replies":[{"embeddable":true,"href":"https:\/\/mueller-wrh.de\/it\/wp-json\/wp\/v2\/comments?post=4848"}],"wp:featuredmedia":[{"embeddable":true,"href":"https:\/\/mueller-wrh.de\/it\/wp-json\/wp\/v2\/media\/4843"}],"wp:attachment":[{"href":"https:\/\/mueller-wrh.de\/it\/wp-json\/wp\/v2\/media?parent=4848"}],"wp:term":[{"taxonomy":"product_brand","embeddable":true,"href":"https:\/\/mueller-wrh.de\/it\/wp-json\/wp\/v2\/product_brand?post=4848"},{"taxonomy":"product_cat","embeddable":true,"href":"https:\/\/mueller-wrh.de\/it\/wp-json\/wp\/v2\/product_cat?post=4848"},{"taxonomy":"product_tag","embeddable":true,"href":"https:\/\/mueller-wrh.de\/it\/wp-json\/wp\/v2\/product_tag?post=4848"}],"curies":[{"name":"wp","href":"https:\/\/api.w.org\/{rel}","templated":true}]}}