{"id":4822,"date":"2026-02-11T14:24:12","date_gmt":"2026-02-11T14:24:12","guid":{"rendered":"https:\/\/mueller-wrh.de\/produkt\/deckel-maho-dmf-250-bj-2004-intnr231486\/"},"modified":"2026-02-11T14:43:02","modified_gmt":"2026-02-11T14:43:02","slug":"deckel-maho-dmf-250-bj-2004-intnr231486","status":"publish","type":"product","link":"https:\/\/mueller-wrh.de\/it\/prodotto\/deckel-maho-dmf-250-bj-2004-intnr231486\/","title":{"rendered":"Coperchio Maho DMF 250 lineare anno 2004, IntNr231486"},"content":{"rendered":"<p><b>Posizione:<\/b> Germania, Baden-W\u00fcrttemberg Sud-Ovest<\/p>\n<p><b>Condizioni:<\/b> Usato<\/p>\n<p><b>Produttore:<\/b> DMG<\/p>\n<p><b>Modello:<\/b> DMF 250<\/p>\n<p><b>Anno di costruzione:<\/b> 2004<\/p>\n<p><b>Orario di funzionamento:<\/b> 0<\/p>\n<p>Centro di lavoro CNC a 5 assi Deckel MAHO DMF 250 lineare usato e ricondizionato<br \/>\nAnno di costruzione 2004<\/p>\n<p>Controllo: Heidenhain iTNC 530<br \/>\nDati tecnici:<br \/>\nDistanza di traslazione X: 2.500 mm<br \/>\nDistanza di traslazione Y: 920 mm<br \/>\nDistanza di traslazione Z: 820 mm<br \/>\nAsse B: x\/- 105\u00b0<\/p>\n<p>Tavolo da lavoro: 3100 x 900 mm<\/p>\n<p>Eccezione mandrino: HSK 63<br \/>\nVelocit\u00e0 del mandrino: 20 - 18.000 giri\/min.<br \/>\nCambio utensili: 30 pezzi.<\/p>\n<p>Dotato di:<br \/>\n- Trasportatore di trucioli<br \/>\n- Raffreddamento attraverso il mandrino 40 bar<br \/>\n- Istruzioni per l'uso<\/p>\n<p>Paese di origine: Germania<br \/>\nPotenza del motore: 35 KW<br \/>\nLxLxH macchina: 6000 x 3800 x 2950 mm<br \/>\nPeso della macchina: 25.000 kg<\/p>\n<p>La macchina pu\u00f2 essere ispezionata su appuntamento.<br \/>\nCon riserva di modifiche ed errori nei dati tecnici e nelle informazioni, nonch\u00e9 di vendita anticipata!<\/p>\n<p>Centro di lavoro CNC a 5 assi Deckel MAHO DMF 250 linear ricondizionato in buone condizioni.<br \/>\nAnno di fabbricazione: 2004.<\/p>\n<p>Controllo: Heidenhain iTNC 530.<br \/>\nDati tecnici:<br \/>\nDistanza di traslazione X: 2.500 mm.<br \/>\nDistanza di traslazione Y: 920 mm.<br \/>\nDistanza di traslazione Z: 820 mm.<br \/>\nAsse B: x\/- 105\u00b0<\/p>\n<p>Tavolo da lavoro: 3100 x 900 mm<\/p>\n<p>Eccezione mandrino: HSK 63<br \/>\nVelocit\u00e0 del mandrino: 20 - 18.000 giri\/min.<br \/>\nCambio utensili: 30 pezzi.<\/p>\n<p>Dotato di:<br \/>\n- Trasportatore di trucioli<br \/>\n- Raffreddamento tramite mandrino 40 bar<br \/>\n- Istruzioni per l'uso<\/p>\n<p>Paese di origine: Germania<br \/>\nPotenza del motore: 35 KW<br \/>\nLxLxH macchina: 6000 x 3800 x 2950 mm<br \/>\nPeso della macchina: 25.000 kg<\/p>\n<p>La macchina pu\u00f2 essere visitata su appuntamento.<br \/>\nCon riserva di modifiche ed errori nei dati tecnici e nelle specifiche, nonch\u00e9 di vendita anticipata!<\/p>","protected":false},"excerpt":{"rendered":"<p>Standort: Deutschland, Baden-W\u00fcrttemberg S\u00fcdwest Zustand: Gebraucht Hersteller: DMG Modell: DMF 250 Baujahr: 2004 Betriebsstunden: 0 Gebrauchtes \u00fcberholtes 5-Achs CNC Bearbeitungszentrum Deckel MAHO DMF 250 linear Baujahr 2004 Steuerung: Heidenhain iTNC 530 Technische Daten: Verfahrweg X: 2.500 mm Verfahrweg Y: 920 mm Verfahrweg Z: 820 mm B-Achse: x\/- 105\u00b0 Arbeitstisch: 3100 x 900 mm Spindel Ausnahme: [&hellip;]<\/p>\n","protected":false},"featured_media":4830,"comment_status":"open","ping_status":"closed","template":"","meta":{"_uf_show_specific_survey":0,"_uf_disable_surveys":false},"product_brand":[],"product_cat":[21],"product_tag":[],"class_list":{"0":"post-4822","1":"product","2":"type-product","3":"status-publish","4":"has-post-thumbnail","6":"product_cat-cnc-bearbeitungszentrum","8":"first","9":"instock","10":"taxable","11":"shipping-taxable","12":"product-type-simple"},"aioseo_notices":[],"_links":{"self":[{"href":"https:\/\/mueller-wrh.de\/it\/wp-json\/wp\/v2\/product\/4822","targetHints":{"allow":["GET"]}}],"collection":[{"href":"https:\/\/mueller-wrh.de\/it\/wp-json\/wp\/v2\/product"}],"about":[{"href":"https:\/\/mueller-wrh.de\/it\/wp-json\/wp\/v2\/types\/product"}],"replies":[{"embeddable":true,"href":"https:\/\/mueller-wrh.de\/it\/wp-json\/wp\/v2\/comments?post=4822"}],"wp:featuredmedia":[{"embeddable":true,"href":"https:\/\/mueller-wrh.de\/it\/wp-json\/wp\/v2\/media\/4830"}],"wp:attachment":[{"href":"https:\/\/mueller-wrh.de\/it\/wp-json\/wp\/v2\/media?parent=4822"}],"wp:term":[{"taxonomy":"product_brand","embeddable":true,"href":"https:\/\/mueller-wrh.de\/it\/wp-json\/wp\/v2\/product_brand?post=4822"},{"taxonomy":"product_cat","embeddable":true,"href":"https:\/\/mueller-wrh.de\/it\/wp-json\/wp\/v2\/product_cat?post=4822"},{"taxonomy":"product_tag","embeddable":true,"href":"https:\/\/mueller-wrh.de\/it\/wp-json\/wp\/v2\/product_tag?post=4822"}],"curies":[{"name":"wp","href":"https:\/\/api.w.org\/{rel}","templated":true}]}}