{"id":4791,"date":"2026-02-04T15:42:35","date_gmt":"2026-02-04T15:42:35","guid":{"rendered":"https:\/\/mueller-wrh.de\/produkt\/chiron-mill-6000-high-speed-mit-nc-schwenkkopf-bj-2004-ueberholt-2013_-intnr231477\/"},"modified":"2026-02-04T15:42:35","modified_gmt":"2026-02-04T15:42:35","slug":"chiron-mill-6000-high-speed-mit-nc-schwenkkopf-bj-2004-ueberholt-2013_-intnr231477","status":"publish","type":"product","link":"https:\/\/mueller-wrh.de\/it\/prodotto\/chiron-mill-6000-high-speed-mit-nc-schwenkkopf-bj-2004-ueberholt-2013_-intnr231477\/","title":{"rendered":"MULINO CHIRON 6000 ad alta velocit\u00e0 con testa girevole NC, anno 2004 \/ revisionato 2013_ IntNr231477"},"content":{"rendered":"<p><b>Posizione:<\/b> Germania, Baden-W\u00fcrttemberg Sud-Ovest<\/p>\n<p><b>Condizioni:<\/b> Usato<\/p>\n<p><b>Produttore:<\/b> Chirone<\/p>\n<p><b>Modello:<\/b> Chiron MILL 6000 ad alta velocit\u00e0 con testa girevole NC<\/p>\n<p><b>Anno di costruzione:<\/b> 2004<\/p>\n<p><b>Orario di funzionamento:<\/b> 77374<\/p>\n<p>Centro di lavoro verticale CNC<br \/>\nChiron MILL 6000 ad alta velocit\u00e0 con testa girevole NC<br \/>\nAnno di costruzione 2004, revisione principale 2013<br \/>\nLa macchina \u00e8 stata completamente revisionata dal costruttore Chiron nel 2013.<br \/>\nOre di funzionamento circa 80.374 h<br \/>\nSostituzione del mandrino marzo 2021 Ore del mandrino circa 8.000 h<br \/>\nLa manutenzione \u00e8 stata effettuata nel gennaio 2024<br \/>\nDati tecnici:<br \/>\nSiemens 840D (PCU50, NCU572.4) <\/p>\n<p>Testa girevole NC  <\/p>\n<p>Pacchetto ad alta velocit\u00e0:<br \/>\nMotore mandrino D 12.000 giri\/min, 140 Nm<br \/>\nCorsa X 6.000 mm \/ Y 630 mm \/ Z 550 mm<br \/>\nTraslazione rapida in X \/ Y \/ Z 60 m\/min.<br \/>\nTempo da chip a chip 3,0 sec. (3,3 sec. DIN) verticale e 4,7 sec. (5,0 sec. DIN) orizzontale<br \/>\nPacchetto di produzione:<br \/>\nTrasportatore a nastro raschiante, altezza di scarico 1.050 mm<br \/>\nPreparazione della ZSC<br \/>\nKNOLL VRF250 filtro rotativo a vuoto (acciaio, ghisa, alluminio, plastica, ottone)<br \/>\nAlta pressione 70 bar con pompa HP e valvola variabile<br \/>\nPorte di carico automatiche<br \/>\nPartizione centrale per la lavorazione del pendolo<br \/>\n92 posizioni utensile HSK-A63 (magazzino di fondo)<br \/>\nPacchetto di fresatura a 5 assi<br \/>\nAria soffiata<br \/>\nMonitoraggio della durata dell'utensile<br \/>\nV24 RS232 aggiuntivo nell'armadio elettrico<br \/>\nInterfaccia BDE\/MDE (stati: macchina accesa, macchina in funzione, contapezzi)<br \/>\nMarposs (Brankamp) Monitoraggio delle collisioni CMS100<br \/>\nModello di macchina 3D per la simulazione cinematica nel sistema di programmazione CAM<br \/>\nUnit\u00e0 idraulica 210 bar, 2 circuiti di serraggio, pressione di serraggio del sistema separata per ogni campo pendolare,<br \/>\nControllo della pressione di serraggio  <\/p>\n<p>Sistema di bloccaggio lineare KOHN<br \/>\n8 morsa idraulica KOHN Multi 2000 MFS 125\/680 HD <\/p>\n<p>Griglia a gradini in due parti per gli operatori su tutta la larghezza operativa di 6.000 mm <\/p>\n<p>Altezza della macchina: circa 3.000<br \/>\nPeso totale: circa 20.000 kg <\/p>\n<p>La macchina pu\u00f2 essere ispezionata su appuntamento.<br \/>\nCon riserva di modifiche ed errori nei dati tecnici e nelle informazioni, nonch\u00e9 di vendita anticipata!<\/p>\n<p>Centro di lavoro verticale CNC<br \/>\nCHIRON MILL 6000 ad alta velocit\u00e0 con testa girevole NC<br \/>\nAnno di fabbricazione: 2004 - revisione importante da parte del costruttore CHIRON nel 2013<br \/>\nLa macchina \u00e8 stata sottoposta a una revisione completa da parte di CHIRON nel 2013.<br \/>\nOre di funzionamento: circa 80.374 h<br \/>\nSostituzione del mandrino: marzo 2021 - ore del mandrino: circa 8.000 h<br \/>\nUltima manutenzione eseguita: Gennaio 2024<br \/>\nSpecifiche tecniche:<\/p>\n<p>Controllo: Siemens 840D (PCU50, NCU572.4)<br \/>\nTesta girevole NC<br \/>\nPacchetto ad alta velocit\u00e0: mandrino motore fino a 12.000 giri\/min, 140 Nm<br \/>\nCorse: X 6.000 mm \/ Y 630 mm \/ Z 550 mm<br \/>\nTraslazione rapida in X \/ Y \/ Z: 60 m\/min<br \/>\nTempo da chip a chip: 3,0 sec (3,3 sec DIN) verticale \/ 4,7 sec (5,0 sec DIN) orizzontale<br \/>\nPacchetto di produzione:<br \/>\nTrasportatore a nastro raschiante, altezza di scarico 1.050 mm<br \/>\nPreparazione per l'alimentazione del refrigerante interno (IKZ)<br \/>\nFiltro rotativo a vuoto KNOLL VRF250 (per acciaio, ghisa, alluminio, plastica, ottone)<br \/>\nAlta pressione 70 bar con pompa HP e valvola variabile<br \/>\nPorte di carico automatiche<br \/>\nDivisorio centrale per la lavorazione del pendolo<br \/>\n92 posizioni utensile HSK-A63 (magazzino di fondo)<br \/>\nPacchetto di fresatura a 5 assi<br \/>\nEsplosione d'aria<br \/>\nMonitoraggio della durata dell'utensile<br \/>\nInterfaccia RS232 V24 aggiuntiva nel quadro elettrico<br \/>\nInterfaccia BDE\/MDE (macchina accesa, macchina in funzione, contapezzi)<br \/>\nMonitoraggio delle collisioni Marposs (Brankamp) CMS100<br \/>\nModello di macchina 3D per la simulazione cinematica nel sistema di programmazione CAM<br \/>\nUnit\u00e0 idraulica 210 bar, 2 circuiti di serraggio, pressione di serraggio del sistema separata per ogni campo pendolare, monitoraggio della pressione di serraggio<br \/>\nSistema di bloccaggio lineare KOHN<br \/>\n8 morse idrauliche KOHN Multi 2000 MFS 125\/680 HD<\/p>\n<p>Piattaforma operatore in due parti (griglia di calpestio) su tutta la larghezza operativa di 6.000 mm<\/p>\n<p>Dimensioni e peso:<\/p>\n<p>Altezza della macchina: circa 3.000 mm<br \/>\nPeso totale: circa 20.000 kg<\/p>\n<p>A causa della lunga corsa X di 6.000 mm (struttura a letto lungo), lo spazio richiesto \u00e8 notevole:<\/p>\n<p>Lunghezza approssimativa (lungo l'asse X): 9-10 m (l'ingombro della macchina \u00e8 spesso di ~8-9 m, pi\u00f9 l'accesso dell'operatore\/manutentore di ~9-10 m in totale)<br \/>\nLarghezza approssimativa (lungo l'asse Y): 3-3,5 m (corpo macchina ~2,8-3 m, pi\u00f9 spazio di sicurezza\/operativo)<\/p>\n<p>La macchina pu\u00f2 essere ispezionata sotto tensione su appuntamento.<br \/>\nLe specifiche tecniche e le informazioni sono soggette a modifiche ed errori e la vendita preventiva \u00e8 riservata.<\/p>","protected":false},"excerpt":{"rendered":"<p>Standort: Deutschland, Baden-W\u00fcrttemberg S\u00fcdwest Zustand: Gebraucht Hersteller: Chiron Modell: Chiron MILL 6000 high speed mit NC-Schwenkkopf Baujahr: 2004 Betriebsstunden: 77374 Vertikales CNC-Fertigungszentrum Chiron MILL 6000 high speed mit NC-Schwenkkopf Baujahr 2004, gro\u00dfe Grund\u00fcberholung 2013 Die Maschine wurde 2013 vom Hersteller Chiron grund\u00fcberholt. Betriebsstunden ca. 80.374 h Spindeltausch M\u00e4rz 2021 Spindelstunden ca. 8.000 h Wartung wurde [&hellip;]<\/p>\n","protected":false},"featured_media":4786,"comment_status":"open","ping_status":"closed","template":"","meta":{"_uf_show_specific_survey":0,"_uf_disable_surveys":false},"product_brand":[],"product_cat":[21],"product_tag":[],"class_list":{"0":"post-4791","1":"product","2":"type-product","3":"status-publish","4":"has-post-thumbnail","6":"product_cat-cnc-bearbeitungszentrum","8":"first","9":"instock","10":"taxable","11":"shipping-taxable","12":"product-type-simple"},"aioseo_notices":[],"_links":{"self":[{"href":"https:\/\/mueller-wrh.de\/it\/wp-json\/wp\/v2\/product\/4791","targetHints":{"allow":["GET"]}}],"collection":[{"href":"https:\/\/mueller-wrh.de\/it\/wp-json\/wp\/v2\/product"}],"about":[{"href":"https:\/\/mueller-wrh.de\/it\/wp-json\/wp\/v2\/types\/product"}],"replies":[{"embeddable":true,"href":"https:\/\/mueller-wrh.de\/it\/wp-json\/wp\/v2\/comments?post=4791"}],"wp:featuredmedia":[{"embeddable":true,"href":"https:\/\/mueller-wrh.de\/it\/wp-json\/wp\/v2\/media\/4786"}],"wp:attachment":[{"href":"https:\/\/mueller-wrh.de\/it\/wp-json\/wp\/v2\/media?parent=4791"}],"wp:term":[{"taxonomy":"product_brand","embeddable":true,"href":"https:\/\/mueller-wrh.de\/it\/wp-json\/wp\/v2\/product_brand?post=4791"},{"taxonomy":"product_cat","embeddable":true,"href":"https:\/\/mueller-wrh.de\/it\/wp-json\/wp\/v2\/product_cat?post=4791"},{"taxonomy":"product_tag","embeddable":true,"href":"https:\/\/mueller-wrh.de\/it\/wp-json\/wp\/v2\/product_tag?post=4791"}],"curies":[{"name":"wp","href":"https:\/\/api.w.org\/{rel}","templated":true}]}}