{"id":4741,"date":"2026-01-28T14:33:58","date_gmt":"2026-01-28T14:33:58","guid":{"rendered":"https:\/\/mueller-wrh.de\/produkt\/gebr-lademagazin-fmb-turbo-3-26-bj-2003-a-intnr231478\/"},"modified":"2026-02-11T12:36:51","modified_gmt":"2026-02-11T12:36:51","slug":"gebr-lademagazin-fmb-turbo-3-26-bj-2003-a-intnr231478","status":"publish","type":"product","link":"https:\/\/mueller-wrh.de\/it\/prodotto\/gebr-lademagazin-fmb-turbo-3-26-bj-2003-a-intnr231478\/","title":{"rendered":"caricatore usato FMB Turbo 3 26 anno 2003 (A) (IntNo231478)"},"content":{"rendered":"<p><b>Posizione:<\/b> Germania, Baden-W\u00fcrttemberg Sud-Ovest<\/p>\n<p><b>Condizioni:<\/b> Usato<\/p>\n<p><b>Produttore:<\/b> FMB<\/p>\n<p><b>Modello:<\/b> Turbo 3-26<\/p>\n<p><b>Anno di costruzione:<\/b> 2003<\/p>\n<p>FMB TURBO 3-26 3200 A alimentatore di barre, anno 2003<\/p>\n<p>Paese di produzione: Germania<br \/>\nDichiarazione di conformit\u00e0 CE<br \/>\nDati tecnici<br \/>\nDiametro dell'asta: 3-26 mm<br \/>\nLunghezza della barra: 3200 mm<br \/>\nL'ultima attaccata al tornio a fantina mobile CNC<\/p>\n<p>PESO E DIMENSIONI<br \/>\nDimensioni del magazzino di carico: circa 4300 x 701 x 1400 mm<br \/>\nPeso del caricatore: circa 980 kg<\/p>\n<p>La macchina pu\u00f2 essere ispezionata su appuntamento.<br \/>\nCon riserva di modifiche ed errori nei dati tecnici e nelle informazioni, nonch\u00e9 di vendita anticipata!<\/p>\n<p>FMB TURBO 3-26 3200 A caricatore a barre, costruito nel 2003<\/p>\n<p>Paese di produzione: Germania<br \/>\nDichiarazione di conformit\u00e0 CE<br \/>\nDati tecnici<br \/>\nDiametro della barra: 3-26 mm<br \/>\nLunghezza della barra: 3200 mm<br \/>\nUltima installazione su un tornio a fantina mobile CNC<\/p>\n<p>PESO E DIMENSIONI<br \/>\nDimensioni del magazzino di carico: circa 4300 x 701 x 1400 mm<br \/>\nPeso del caricatore: circa 980 kg<\/p>\n<p>La macchina pu\u00f2 essere visitata su appuntamento.<br \/>\nCon riserva di modifiche ed errori nei dati tecnici e nelle specifiche, nonch\u00e9 di vendita anticipata!<\/p>","protected":false},"excerpt":{"rendered":"<p>Standort: Deutschland, Baden-W\u00fcrttemberg S\u00fcdwest Zustand: Gebraucht Hersteller: FMB Modell: Turbo 3-26 Baujahr: 2003 FMB Stangenlademagazin TURBO 3-26 3200 A, Bj. 2003 Herstellerland: Deutschland CE Konformit\u00e4tserkl\u00e4rung Technische Daten Stangendurchmesser : 3-26 mm Stangenl\u00e4nge : 3200 mm zuletzt angebaut an CNC-Langdrehmaschine GEWICHT UND ABMESSUNGEN Abmessungen Lademagazin: ca. 4300 x 701 x 1400 mm Gewicht Lademagazin: ca. 980 [&hellip;]<\/p>\n","protected":false},"featured_media":4798,"comment_status":"open","ping_status":"closed","template":"","meta":{"_uf_show_specific_survey":0,"_uf_disable_surveys":false},"product_brand":[],"product_cat":[88],"product_tag":[],"class_list":{"0":"post-4741","1":"product","2":"type-product","3":"status-publish","4":"has-post-thumbnail","6":"product_cat-stangenzufuehrungen","8":"first","9":"instock","10":"taxable","11":"shipping-taxable","12":"product-type-simple"},"aioseo_notices":[],"_links":{"self":[{"href":"https:\/\/mueller-wrh.de\/it\/wp-json\/wp\/v2\/product\/4741","targetHints":{"allow":["GET"]}}],"collection":[{"href":"https:\/\/mueller-wrh.de\/it\/wp-json\/wp\/v2\/product"}],"about":[{"href":"https:\/\/mueller-wrh.de\/it\/wp-json\/wp\/v2\/types\/product"}],"replies":[{"embeddable":true,"href":"https:\/\/mueller-wrh.de\/it\/wp-json\/wp\/v2\/comments?post=4741"}],"wp:featuredmedia":[{"embeddable":true,"href":"https:\/\/mueller-wrh.de\/it\/wp-json\/wp\/v2\/media\/4798"}],"wp:attachment":[{"href":"https:\/\/mueller-wrh.de\/it\/wp-json\/wp\/v2\/media?parent=4741"}],"wp:term":[{"taxonomy":"product_brand","embeddable":true,"href":"https:\/\/mueller-wrh.de\/it\/wp-json\/wp\/v2\/product_brand?post=4741"},{"taxonomy":"product_cat","embeddable":true,"href":"https:\/\/mueller-wrh.de\/it\/wp-json\/wp\/v2\/product_cat?post=4741"},{"taxonomy":"product_tag","embeddable":true,"href":"https:\/\/mueller-wrh.de\/it\/wp-json\/wp\/v2\/product_tag?post=4741"}],"curies":[{"name":"wp","href":"https:\/\/api.w.org\/{rel}","templated":true}]}}