{"id":4606,"date":"2026-01-12T10:31:05","date_gmt":"2026-01-12T10:31:05","guid":{"rendered":"https:\/\/mueller-wrh.de\/produkt\/hardinge-gt27sp-gg-121_fanuc_fmb-unirobot-cnc-drehmaschine-bj-2021-_intnr231462\/"},"modified":"2026-01-12T10:31:05","modified_gmt":"2026-01-12T10:31:05","slug":"hardinge-gt27sp-gg-121_fanuc_fmb-unirobot-cnc-drehmaschine-bj-2021-_intnr231462","status":"publish","type":"product","link":"https:\/\/mueller-wrh.de\/it\/prodotto\/hardinge-gt27sp-gg-121_fanuc_fmb-unirobot-cnc-drehmaschine-bj-2021-_intnr231462\/","title":{"rendered":"HARDINGE GT27SP GG-121_Fanuc_FMB Tornio CNC Unirobot anno 2021 _IntNo231462"},"content":{"rendered":"<p><b>Posizione:<\/b> Germania, Baden-W\u00fcrttemberg Sud-Ovest<\/p>\n<p><b>Condizioni:<\/b> Usato<\/p>\n<p><b>Produttore:<\/b> Hardinge<\/p>\n<p><b>Modello:<\/b> GT27SP GG-121<\/p>\n<p><b>Anno di costruzione:<\/b> 2021<\/p>\n<p><b>Orario di funzionamento:<\/b> 15000<\/p>\n<p>Designazione della macchina: Tornio corto CNC<br \/>\nProduttore: Hardinge<br \/>\nModello: GT27SP GG-121<br \/>\nAnno di costruzione: 2021<br \/>\nSistema di controllo: Fanuc 32<br \/>\nFunzionalit\u00e0: completamente funzionale<br \/>\nOre di lavorazione: circa 15.000 ore<\/p>\n<p>Dati tecnici<br \/>\nForo del mandrino: \u00d8 27 mm<br \/>\nPortamandrino: A2-5<br \/>\nMandrino max. 80 mm<br \/>\nVelocit\u00e0 massima del mandrino: 6.000 min-\u00b9. Velocit\u00e0 del mandrino: 6.000 min-\u00b9<br \/>\nAsse X: 607 mm<br \/>\nAsse Z: 286 mm<\/p>\n<p>Sistema di raffreddamento<\/p>\n<p>Sistema di carico e scarico FMB<br \/>\nAccessori \/ Strumenti \/ Manuali<\/p>\n<p>Peso e dimensioni della macchina<br \/>\nDimensioni della macchina: circa 1850 \u00d7 1750 \u00d7 1750 mm<br \/>\nPeso della macchina: circa 2100 kg<\/p>\n<p>Peso e dimensioni Sistema di carico e scarico<br \/>\nDimensioni della macchina: circa 1900 \u00d7 950 \u00d7 2000 mm<br \/>\nPeso della macchina: circa 1000 kg<\/p>\n<p>Peso e dimensioni del sistema di raffreddamento<br \/>\nDimensioni della macchina: circa 1500 \u00d7 800 \u00d7 1100 mm<br \/>\nPeso della macchina: circa 250 kg<\/p>\n<p>La macchina \u00e8 perfettamente funzionante ed \u00e8 in buone condizioni d'uso.<br \/>\nPer ulteriori informazioni o per una visione sotto tensione, non esitate a contattarci.<br \/>\nCon riserva di modifiche ed errori nei dati tecnici e nelle specifiche, nonch\u00e9 di vendita anticipata!<\/p>\n<p>Tipo di macchina: Tornio corto CNC<br \/>\nProduttore: Hardinge<br \/>\nModello: GT27SP GG-121<br \/>\nAnno di fabbricazione: 2021<br \/>\nControllo: Fanuc 32i<br \/>\nStato operativo: completamente operativo<br \/>\nOre di funzionamento: circa 15.000 ore<\/p>\n<p>Dati tecnici<\/p>\n<p>Alesaggio del mandrino: \u00d8 27 mm<\/p>\n<p>Naso del mandrino: A2-5<\/p>\n<p>Capacit\u00e0 del mandrino: max. 80 mm<\/p>\n<p>Velocit\u00e0 massima del mandrino: 6.000 giri\/min<\/p>\n<p>Corsa dell'asse X: 607 mm<\/p>\n<p>Corsa asse Z: 286 mm<\/p>\n<p>Sistema di raffreddamento<\/p>\n<p>Sistema di carico e scarico<\/p>\n<p>Accessori \/ Strumenti \/ Manuali<\/p>\n<p>Dimensioni e peso della macchina<\/p>\n<p>Dimensioni della macchina: circa 1850 \u00d7 1750 \u00d7 1750 mm<\/p>\n<p>Peso della macchina: circa 2100 kg<\/p>\n<p>Dimensioni e peso del sistema di carico\/scarico<\/p>\n<p>Dimensioni: circa 1900 \u00d7 950 \u00d7 2000 mm<\/p>\n<p>Peso: circa 1000 kg<\/p>\n<p>Dimensioni e peso del sistema di raffreddamento<\/p>\n<p>Dimensioni: circa 1500 \u00d7 800 \u00d7 1100 mm<\/p>\n<p>Peso: circa 250 kg<\/p>\n<p>La macchina \u00e8 perfettamente funzionante e in buone condizioni d'uso.<br \/>\nPer ulteriori informazioni o per organizzare una dimostrazione dal vivo sotto tensione, non esitate a contattarci.<br \/>\nTutti i dati e le informazioni tecniche sono approssimativi. Soggetto a vendita preventiva e salvo errori.<\/p>","protected":false},"excerpt":{"rendered":"<p>Standort: Deutschland, Baden-W\u00fcrttemberg S\u00fcdwest Zustand: Gebraucht Hersteller: Hardinge Modell: GT27SP GG-121 Baujahr: 2021 Betriebsstunden: 15000 Maschinenbezeichnung: CNC-Kurzdrehmaschine Hersteller: Hardinge Modell: GT27SP GG-121 Baujahr: 2021 Steuerung: Fanuc 32 Funktionsf\u00e4higkeit: voll funktionsf\u00e4hig Bearbeitungsstunden: ca. 15.000 Stunden Technische Daten Spindelbohrung: \u00d8 27 mm Spindelaufnahme: A2-5 Spannfutter max. 80mm Max. Spindeldrehzahl: 6.000 min\u207b\u00b9 X-Achse: 607 mm Z-Achse: 286 mm [&hellip;]<\/p>\n","protected":false},"featured_media":4601,"comment_status":"open","ping_status":"closed","template":"","meta":{"_uf_show_specific_survey":0,"_uf_disable_surveys":false},"product_brand":[],"product_cat":[90],"product_tag":[],"class_list":{"0":"post-4606","1":"product","2":"type-product","3":"status-publish","4":"has-post-thumbnail","6":"product_cat-cnc-drehmaschinen-0-199mm-drehd","8":"first","9":"instock","10":"taxable","11":"shipping-taxable","12":"product-type-simple"},"aioseo_notices":[],"_links":{"self":[{"href":"https:\/\/mueller-wrh.de\/it\/wp-json\/wp\/v2\/product\/4606","targetHints":{"allow":["GET"]}}],"collection":[{"href":"https:\/\/mueller-wrh.de\/it\/wp-json\/wp\/v2\/product"}],"about":[{"href":"https:\/\/mueller-wrh.de\/it\/wp-json\/wp\/v2\/types\/product"}],"replies":[{"embeddable":true,"href":"https:\/\/mueller-wrh.de\/it\/wp-json\/wp\/v2\/comments?post=4606"}],"wp:featuredmedia":[{"embeddable":true,"href":"https:\/\/mueller-wrh.de\/it\/wp-json\/wp\/v2\/media\/4601"}],"wp:attachment":[{"href":"https:\/\/mueller-wrh.de\/it\/wp-json\/wp\/v2\/media?parent=4606"}],"wp:term":[{"taxonomy":"product_brand","embeddable":true,"href":"https:\/\/mueller-wrh.de\/it\/wp-json\/wp\/v2\/product_brand?post=4606"},{"taxonomy":"product_cat","embeddable":true,"href":"https:\/\/mueller-wrh.de\/it\/wp-json\/wp\/v2\/product_cat?post=4606"},{"taxonomy":"product_tag","embeddable":true,"href":"https:\/\/mueller-wrh.de\/it\/wp-json\/wp\/v2\/product_tag?post=4606"}],"curies":[{"name":"wp","href":"https:\/\/api.w.org\/{rel}","templated":true}]}}