{"id":4596,"date":"2026-01-12T10:29:03","date_gmt":"2026-01-12T10:29:03","guid":{"rendered":"https:\/\/mueller-wrh.de\/produkt\/index-abc_fanuc_-cnc-drehmaschine-bj-2017-_intnr231463\/"},"modified":"2026-01-12T10:29:03","modified_gmt":"2026-01-12T10:29:03","slug":"index-abc_fanuc_-cnc-drehmaschine-bj-2017-_intnr231463","status":"publish","type":"product","link":"https:\/\/mueller-wrh.de\/it\/prodotto\/index-abc_fanuc_-cnc-drehmaschine-bj-2017-_intnr231463\/","title":{"rendered":"Indice ABC_Fanuc_ Tornio CNC anno 2017 _IntNo231463"},"content":{"rendered":"<p><b>Posizione:<\/b> Germania, Baden-W\u00fcrttemberg Sud-Ovest<\/p>\n<p><b>Condizioni:<\/b> Usato<\/p>\n<p><b>Produttore:<\/b> Indice<\/p>\n<p><b>Modello:<\/b> ABC<\/p>\n<p><b>Anno di costruzione:<\/b> 2017<\/p>\n<p>Designazione della macchina: Tornio corto CNC<br \/>\nProduttore: Index<br \/>\nModello: ABC<br \/>\nAnno di costruzione: 2017<br \/>\nSistema di controllo: Fanuc 32 i- B<br \/>\nFunzionalit\u00e0: completamente funzionale<br \/>\nOre di lavorazione: circa ore<\/p>\n<p>Dati tecnici<br \/>\nForo del mandrino: \u00d8 42 mm<br \/>\nDati di traslazione e alimentazione<br \/>\nCorsa dell'asse X: circa 90 mm<br \/>\nCorsa dell'asse Z: circa 280 mm<br \/>\nTraslazione rapida X: circa 27 m\/min.<br \/>\nTraslazione rapida Z: circa 36 m\/min.<\/p>\n<p>Torretta superiore (portautensili principale):<br \/>\nNumero di stazioni: 8 (di cui 1 posizione sincronizzabile)<br \/>\nPortautensili: VDI 25<br \/>\nSupporta strumenti guidati.<\/p>\n<p>Torretta inferiore :<br \/>\nNumero di stazioni: 6<br \/>\nSenza unit\u00e0<\/p>\n<p>Sul retro:<br \/>\n5 stazioni per la lavorazione posteriore<\/p>\n<p>Lavorazione simultanea con fino a 3 utensili contemporaneamente<\/p>\n<p>Sistema di raffreddamento - trasportatore di trucioli <\/p>\n<p>Alimentatore a barre IRCO ILS MUK 7012-II Anno 2015<br \/>\nAccessori \/ Strumenti \/ Manuali<\/p>\n<p>Peso e dimensioni della macchina<br \/>\nDimensioni della macchina: circa 2830 \u00d7 1500 \u00d7 2200 mm<br \/>\nPeso della macchina: circa 3500 kg<\/p>\n<p>Peso e dimensioni del sistema di raffreddamento del trasportatore di trucioli<br \/>\nDimensioni della macchina: circa 1600 \u00d7 1250 \u00d7 1780 mm<br \/>\nPeso della macchina: circa 680 kg<\/p>\n<p>Peso e dimensioni alimentatore a barre IRCO ILS MUK<br \/>\nDimensioni della macchina: circa 1800 \u00d7 1000 \u00d7 1280 mm<br \/>\nPeso della macchina: circa 650 kg<\/p>\n<p>La macchina \u00e8 perfettamente funzionante ed \u00e8 in buone condizioni d'uso.<br \/>\nPer ulteriori informazioni o per una visione sotto tensione, non esitate a contattarci.<br \/>\nCon riserva di modifiche ed errori nei dati tecnici e nelle specifiche, nonch\u00e9 di vendita anticipata!<\/p>\n<p>Designazione della macchina: Tornio a controllo numerico a breve termine<br \/>\nProduttore: Index<br \/>\nModello: ABC<br \/>\nAnno di produzione: 2017<br \/>\nSistema di controllo: Fanuc 32i-B<br \/>\nStato operativo: completamente operativo<br \/>\nOrario di funzionamento: circa ___ ore<\/p>\n<p>Dati tecnici<\/p>\n<p>Alesaggio del mandrino: \u00d8 42 mm<\/p>\n<p>Dati di viaggio e di alimentazione:<\/p>\n<p>Corsa dell'asse X: circa 90 mm<\/p>\n<p>Corsa dell'asse Z: circa 280 mm<\/p>\n<p>Avanzamento rapido X: circa 27 m\/min<\/p>\n<p>Avanzamento rapido Z: circa 36 m\/min<\/p>\n<p>Torretta superiore (portautensili principale):<\/p>\n<p>Numero di stazioni: 8 (1 sincronizzabile)<\/p>\n<p>Portautensili: VDI 25<\/p>\n<p>Supporta strumenti guidati<\/p>\n<p>Torretta inferiore:<\/p>\n<p>Numero di stazioni: 6<\/p>\n<p>Non guidato<\/p>\n<p>Lato posteriore:<\/p>\n<p>5 stazioni per le operazioni sul retro<\/p>\n<p>Lavorazione simultanea: fino a 3 utensili contemporaneamente<\/p>\n<p>Sistema di raffreddamento e trasportatore di trucioli<\/p>\n<p>Alimentatore a barre: IRCO ILS MUK 7012-II, anno 2015<\/p>\n<p>Accessori \/ Strumenti \/ Manuali<\/p>\n<p>Dimensioni e peso della macchina<\/p>\n<p>Macchina: circa 2830 \u00d7 1500 \u00d7 2200 mm, Peso: circa 3500 kg<\/p>\n<p>Sistema di raffreddamento e convogliatore trucioli: circa 1600 \u00d7 1250 \u00d7 1780 mm, Peso: circa 680 kg<\/p>\n<p>Alimentatore a barre IRCO ILS MUK: circa 1800 \u00d7 1000 \u00d7 1280 mm, Peso: circa 650 kg<\/p>\n<p>La macchina \u00e8 perfettamente funzionante e in buone condizioni d'uso.<br \/>\nPer ulteriori informazioni o per una dimostrazione dal vivo sotto tensione, non esitate a contattarci.<br \/>\nI dati tecnici e le informazioni sono soggetti a modifiche ed errori. Vendita riservata.<\/p>","protected":false},"excerpt":{"rendered":"<p>Standort: Deutschland, Baden-W\u00fcrttemberg S\u00fcdwest Zustand: Gebraucht Hersteller: Index Modell: ABC Baujahr: 2017 Maschinenbezeichnung: CNC-Kurzdrehmaschine Hersteller: Index Modell: ABC Baujahr: 2017 Steuerung: Fanuc 32 i- B Funktionsf\u00e4higkeit: voll funktionsf\u00e4hig Bearbeitungsstunden: ca. Stunden Technische Daten Spindelbohrung: \u00d8 42 mm Verfahr- und Vorschubdaten X-Achse Verfahrweg: ca. 90 mm Z-Achse Verfahrweg: ca. 280 mm Eilgang X: ca. 27 m\/min [&hellip;]<\/p>\n","protected":false},"featured_media":4590,"comment_status":"open","ping_status":"closed","template":"","meta":{"_uf_show_specific_survey":0,"_uf_disable_surveys":false},"product_brand":[],"product_cat":[90],"product_tag":[],"class_list":{"0":"post-4596","1":"product","2":"type-product","3":"status-publish","4":"has-post-thumbnail","6":"product_cat-cnc-drehmaschinen-0-199mm-drehd","8":"first","9":"instock","10":"taxable","11":"shipping-taxable","12":"product-type-simple"},"aioseo_notices":[],"_links":{"self":[{"href":"https:\/\/mueller-wrh.de\/it\/wp-json\/wp\/v2\/product\/4596","targetHints":{"allow":["GET"]}}],"collection":[{"href":"https:\/\/mueller-wrh.de\/it\/wp-json\/wp\/v2\/product"}],"about":[{"href":"https:\/\/mueller-wrh.de\/it\/wp-json\/wp\/v2\/types\/product"}],"replies":[{"embeddable":true,"href":"https:\/\/mueller-wrh.de\/it\/wp-json\/wp\/v2\/comments?post=4596"}],"wp:featuredmedia":[{"embeddable":true,"href":"https:\/\/mueller-wrh.de\/it\/wp-json\/wp\/v2\/media\/4590"}],"wp:attachment":[{"href":"https:\/\/mueller-wrh.de\/it\/wp-json\/wp\/v2\/media?parent=4596"}],"wp:term":[{"taxonomy":"product_brand","embeddable":true,"href":"https:\/\/mueller-wrh.de\/it\/wp-json\/wp\/v2\/product_brand?post=4596"},{"taxonomy":"product_cat","embeddable":true,"href":"https:\/\/mueller-wrh.de\/it\/wp-json\/wp\/v2\/product_cat?post=4596"},{"taxonomy":"product_tag","embeddable":true,"href":"https:\/\/mueller-wrh.de\/it\/wp-json\/wp\/v2\/product_tag?post=4596"}],"curies":[{"name":"wp","href":"https:\/\/api.w.org\/{rel}","templated":true}]}}