{"id":4433,"date":"2025-10-31T17:15:18","date_gmt":"2025-10-31T17:15:18","guid":{"rendered":"https:\/\/mueller-wrh.de\/produkt\/teilereinigungsanlage-pero-ro_bj-2019-intnr231388\/"},"modified":"2025-10-31T17:15:18","modified_gmt":"2025-10-31T17:15:18","slug":"teilereinigungsanlage-pero-ro_bj-2019-intnr231388","status":"publish","type":"product","link":"https:\/\/mueller-wrh.de\/it\/prodotto\/teilereinigungsanlage-pero-ro_bj-2019-intnr231388\/","title":{"rendered":"Sistema di pulizia dei pezzi PERO RO_Anno 2019 IntNo231388"},"content":{"rendered":"<p><b>Posizione:<\/b> Germania, Baden-W\u00fcrttemberg Sud-Ovest<\/p>\n<p><b>Condizioni:<\/b> Usato<\/p>\n<p><b>Produttore:<\/b> Pero<\/p>\n<p><b>Modello:<\/b> R0\/057 EX8240<\/p>\n<p><b>Anno di costruzione:<\/b> 2019<\/p>\n<p>Descrizione tecnica - PERO RO<br \/>\nSistema di pulizia industriale dei pezzi a base di solventi<br \/>\nPERO RO \u00e8 un sistema di pulizia industriale ad alte prestazioni per la pulizia efficace ed ecologica di pezzi e componenti con solventi. \u00c8 adatto a un'ampia gamma di applicazioni nell'industria metallurgica e garantisce elevati standard di pulizia con un funzionamento economico.<br \/>\nCaratteristiche:<br \/>\n- Pulizia con solventi organici (ad es. idrocarburi o alcoli modificati)<br \/>\n- Processo di lavoro chiuso con circuito a solvente integrato<br \/>\n- Adatto a lotti medio-piccoli e a geometrie variabili dei componenti<br \/>\n- Controllo automatizzato del processo per risultati di pulizia riproducibili<br \/>\n- Design robusto per un uso industriale continuo<br \/>\nAree di applicazione tipiche:<br \/>\n- Sgrassaggio di parti tornite e fresate<br \/>\n- Pulizia prima dell'installazione o del rivestimento<br \/>\n- Rimozione di lubrificanti, oli e particelle di raffreddamento<\/p>\n<p>La macchina pu\u00f2 essere ispezionata su appuntamento.<br \/>\nCon riserva di modifiche ed errori nei dati tecnici e nelle informazioni, nonch\u00e9 di vendita anticipata!<\/p>\n<p>Descrizione tecnica - PERO RO<br \/>\nSistema di pulizia industriale dei pezzi a base di solventi<br \/>\nPERO RO \u00e8 un potente sistema di pulizia industriale per la pulizia efficace ed ecologica di pezzi e componenti con solventi. \u00c8 adatto a un'ampia gamma di applicazioni nell'industria metallurgica e garantisce elevati standard di pulizia con un funzionamento economico.<br \/>\nCaratteristiche:<br \/>\n- Pulizia con solventi organici (ad esempio, idrocarburi o alcoli modificati)<br \/>\n- Processo di lavoro chiuso con circolazione integrata del solvente<br \/>\n- Adatto a lotti medio-piccoli e a geometrie variabili dei componenti<br \/>\n- Controllo automatizzato del processo per risultati di pulizia riproducibili<br \/>\n- Design robusto per un uso industriale continuo<br \/>\nAree di applicazione tipiche:<br \/>\n- Sgrassaggio di parti tornite e fresate<br \/>\n- Pulizia prima dell'assemblaggio o del rivestimento<br \/>\n- Rimozione di lubrificanti, oli e particelle di raffreddamento<\/p>\n<p>La macchina pu\u00f2 essere visitata su appuntamento.<br \/>\nCon riserva di modifiche ed errori nei dati tecnici e nelle specifiche, nonch\u00e9 di vendita anticipata!<\/p>","protected":false},"excerpt":{"rendered":"<p>Standort: Deutschland, Baden-W\u00fcrttemberg S\u00fcdwest Zustand: Gebraucht Hersteller: Pero Modell: R0\/057 EX8240 Baujahr: 2019 Technische Beschreibung \u2013 PERO RO Industrielle Teilereinigungsanlage auf L\u00f6semittelbasis Die PERO RO ist eine leistungsstarke industrielle Teilereinigungsanlage zur effektiven und umweltgerechten Reinigung von Werkst\u00fccken und Bauteilen mit L\u00f6semitteln. Sie eignet sich f\u00fcr unterschiedlichste Anwendungen in der metallverarbeitenden Industrie und garantiert hohe Sauberkeitsstandards [&hellip;]<\/p>\n","protected":false},"featured_media":4425,"comment_status":"open","ping_status":"closed","template":"","meta":{"_uf_show_specific_survey":0,"_uf_disable_surveys":false},"product_brand":[],"product_cat":[109],"product_tag":[],"class_list":{"0":"post-4433","1":"product","2":"type-product","3":"status-publish","4":"has-post-thumbnail","6":"product_cat-industrielle-reinigungsanlagen","8":"first","9":"instock","10":"taxable","11":"shipping-taxable","12":"product-type-simple"},"aioseo_notices":[],"_links":{"self":[{"href":"https:\/\/mueller-wrh.de\/it\/wp-json\/wp\/v2\/product\/4433","targetHints":{"allow":["GET"]}}],"collection":[{"href":"https:\/\/mueller-wrh.de\/it\/wp-json\/wp\/v2\/product"}],"about":[{"href":"https:\/\/mueller-wrh.de\/it\/wp-json\/wp\/v2\/types\/product"}],"replies":[{"embeddable":true,"href":"https:\/\/mueller-wrh.de\/it\/wp-json\/wp\/v2\/comments?post=4433"}],"wp:featuredmedia":[{"embeddable":true,"href":"https:\/\/mueller-wrh.de\/it\/wp-json\/wp\/v2\/media\/4425"}],"wp:attachment":[{"href":"https:\/\/mueller-wrh.de\/it\/wp-json\/wp\/v2\/media?parent=4433"}],"wp:term":[{"taxonomy":"product_brand","embeddable":true,"href":"https:\/\/mueller-wrh.de\/it\/wp-json\/wp\/v2\/product_brand?post=4433"},{"taxonomy":"product_cat","embeddable":true,"href":"https:\/\/mueller-wrh.de\/it\/wp-json\/wp\/v2\/product_cat?post=4433"},{"taxonomy":"product_tag","embeddable":true,"href":"https:\/\/mueller-wrh.de\/it\/wp-json\/wp\/v2\/product_tag?post=4433"}],"curies":[{"name":"wp","href":"https:\/\/api.w.org\/{rel}","templated":true}]}}