{"id":4333,"date":"2025-10-24T12:43:12","date_gmt":"2025-10-24T12:43:12","guid":{"rendered":"https:\/\/mueller-wrh.de\/produkt\/dmg-gildemeister-sprint-ms36-2_multisprint-36_bj-2018_-intnr231416\/"},"modified":"2025-10-27T12:51:34","modified_gmt":"2025-10-27T12:51:34","slug":"dmg-gildemeister-sprint-ms36-2_multisprint-36_bj-2018_-intnr231416","status":"publish","type":"product","link":"https:\/\/mueller-wrh.de\/it\/prodotto\/dmg-gildemeister-sprint-ms36-2_multisprint-36_bj-2018_-intnr231416\/","title":{"rendered":"DMG Gildemeister SPRINT MS36-2_MULTISPRINT 36_Anno 2018_ IntNo231416"},"content":{"rendered":"<p><b>Posizione:<\/b> Germania, Baden-W\u00fcrttemberg Sud-Ovest<\/p>\n<p><b>Condizioni:<\/b> Come nuovo<\/p>\n<p><b>Produttore:<\/b> DMG<\/p>\n<p><b>Modello:<\/b> MULTISPRINT MS36-2<\/p>\n<p><b>Anno di costruzione:<\/b> 2018<\/p>\n<p><b>Orario di funzionamento:<\/b> 31241<\/p>\n<p>CNC-DMG Gildemeister MULTISPRINT 36 \/ SWISSTYPE lavorazione fino a 170 mm di lunghezza di tornitura<br \/>\nAnno di costruzione: 2018<br \/>\nOrario di funzionamento: 47548<br \/>\nTempo di elaborazione: 31241<br \/>\nStato: ottobre 2025<br \/>\nSistema di controllo: Fanuc 30i B<\/p>\n<p>Massima flessibilit\u00e0 della MULTISPRINT grazie alla modularit\u00e0 e agli assi Y in ogni posizione<br \/>\nUtilizzo di utensili azionati su tutte le posizioni del mandrino<br \/>\nAsse Y su tutte le posizioni del mandrino come standard<br \/>\nSWISSTYPEkit per torniture corte e lunghe fino a 170 mm di lunghezza<br \/>\nLavorazione di mandrini o barre: barre da 4 a \u00f8 36 mm, componenti di mandrini fino a \u00f8 50 mm Lavorazione bilaterale e decentrata<\/p>\n<p>Tipo di macchina: Tornio automatico multimandrino<br \/>\nLavorazione SWISSTYPE: fino a 170 mm di lunghezza di tornitura<br \/>\nControllo: FANUC Serie 30i<br \/>\nMassima flessibilit\u00e0 grazie alla modularit\u00e0 e agli assi Y su tutte le posizioni del mandrino<br \/>\nUtilizzo di utensili azionati su tutte le posizioni del mandrino<br \/>\nLavorazione: barre da \u00d8 4 a 36 mm, pezzi con mandrino fino a \u00d8 50 mm<br \/>\nPossibilit\u00e0 di lavorazione su due lati e decentrata<\/p>\n<p>Dati sulle prestazioni<br \/>\nValore della caratteristica<br \/>\nMax. Diametro del pezzo 36 mm<br \/>\nMax. Lunghezza del pezzo 170 mm<br \/>\nMax. Passaggio barra 36 mm<br \/>\nPercorsi di traslazione (X \/ Y \/ Z) 50 \/ 100 \/ 170 mm<\/p>\n<p>Mandrini principali<br \/>\nQuantit\u00e0: 6<br \/>\nAsse C (risoluzione angolare): 0,002\u00b0<br \/>\nDiapositiva trasversale: 6 \u00d7 (asse X\/Y)<br \/>\nDistanza di traslazione Z1-Z6: 170 mm (con kit SWISSTYPE)<br \/>\nMax. Passaggio dell'asta: \u00d8 40 mm<br \/>\nVelocit\u00e0: fino a 7 500 min-\u00b9<br \/>\nPotenza motrice (100 % ED): 13,3 kW<br \/>\nCoppia (100 % ED): 32 Nm<br \/>\nTempo di indicizzazione del tamburo: 0,65 s<\/p>\n<p>Contromandrino Mandrini pick-up<br \/>\nNumero: 2 (asse C con asse X\/Y\/Z)<br \/>\nForo passante: \u00d8 40 mm<br \/>\nVelocit\u00e0: 7 500 min-\u00b9<br \/>\nPotenza di azionamento: 13,3 kW<br \/>\nCoppia: 32 Nm<br \/>\nDistanza di traslazione (Z7-Z8): 410 mm<br \/>\nPercorsi di traslazione (X7-X8 \/ Y7-Y8): 277 \/ 312 mm<br \/>\nVelocit\u00e0 di traslazione rapida: 40 m\/min<\/p>\n<p>Portautensili su slitta trasversale<br \/>\nMax. Numero di utensili: 3<br \/>\nVelocit\u00e0: 3 900 \/ 8 000 \/ 13 800 min-\u00b9<br \/>\nPotenza di azionamento (100 % ED): 0,9 kW<br \/>\nCoppia (100 % ED): 5,8 \/ 2,9 \/ 1,7 Nm<br \/>\nPercorsi di traslazione (X1-X6 \/ Y1-Y6): 50 \/ 100 mm<br \/>\nVelocit\u00e0 di traslazione rapida: 20 m\/min<br \/>\nCarrello per lavorazione posteriore<br \/>\nVelocit\u00e0 (U7-U8): 3 900 \/ 8 000 \/ 13 800 min-\u00b9<br \/>\nPotenza di azionamento: 0,9 kW<br \/>\nCoppia: 5,8 \/ 2,9 \/ 1,7 Nm<br \/>\nDisplay di controllo: display a colori da 15\u2033 (\u00d7 2)<br \/>\nSistema di serraggio: mandrino a pinza Hainbuch TOPlus 40 Achsfix<\/p>\n<p>Trasportatore di trucioli a nastro incernierato con pompa di sollevamento<br \/>\nSistema ad alta pressione per l'olio (filtro 50 \/ 25 \u00b5m, pompe 5 \/ 12 MPa)<br \/>\nVari portautensili<br \/>\nSistema di estinzione degli incendi<br \/>\nAlimentatore di barre (versione con caricatore piatto)<br \/>\nSistema di caricamento dei pezzi<\/p>\n<p>La macchina \u00e8 perfettamente funzionante dal punto di vista elettrico e meccanico e pu\u00f2 essere ispezionata sotto tensione su appuntamento.<br \/>\nCon riserva di modifiche ed errori nei dati tecnici e nelle informazioni, nonch\u00e9 di vendita anticipata!<\/p>\n<p>CNC-DMG Gildemeister MULTISPRINT 36 \/ SWISSTYPE lavorazione fino a 170 mm di lunghezza di tornitura<br \/>\nAnno di produzione: 2018<br \/>\nOrario di funzionamento: 47548<br \/>\nTempo di lavorazione: 31241<br \/>\nStato: ottobre 2025<br \/>\nControllo: Fanuc 30i B<\/p>\n<p>Massima flessibilit\u00e0 della MULTISPRINT grazie alla modularit\u00e0 e agli assi Y in ogni posizione<br \/>\nUtilizzo di utensili azionati su tutte le posizioni del mandrino<br \/>\nAsse Y su tutte le posizioni del mandrino come standard<br \/>\nSWISSTYPEkit per torniture corte e lunghe fino a 170 mm di lunghezza<br \/>\nLavorazione di mandrini o barre: barre da 4 a \u00f8 36 mm, componenti di mandrini fino a \u00f8 50 mm Doppia lavorazione posteriore e decentrata<\/p>\n<p>Tipo di macchina: Tornio automatico multimandrino<br \/>\nLavorazione SWISSTYPE: fino a 170 mm di lunghezza di tornitura<br \/>\nControllo: FANUC Serie 30i<br \/>\nMassima flessibilit\u00e0 grazie alla modularit\u00e0 e agli assi Y su tutte le posizioni del mandrino<br \/>\nUtilizzo di utensili azionati su tutte le posizioni del mandrino<br \/>\nLavorazione: barre da \u00d8 4 a 36 mm, pezzi con mandrino fino a \u00d8 50 mm<br \/>\nPossibilit\u00e0 di doppia lavorazione posteriore e decentrata<\/p>\n<p>Dati sulle prestazioni<br \/>\nValore della caratteristica<br \/>\nDiametro massimo del pezzo 36 mm<br \/>\nLunghezza massima del pezzo 170 mm<br \/>\nCapacit\u00e0 massima di bar 36 mm<br \/>\nCorsa (X \/ Y \/ Z) 50 \/ 100 \/ 170 mm<\/p>\n<p>Mandrini principali<br \/>\nNumero: 6<br \/>\nAssi C (risoluzione dell'angolo): 0,002\u00b0<br \/>\nDiapositive incrociate: 6 \u00d7 (asse X\/Y)<br \/>\nCorsa Z1-Z6: 170 mm (con kit SWISSTYPE)<br \/>\nCapacit\u00e0 massima di bar: \u00d8 40 mm<br \/>\nVelocit\u00e0: fino a 7.500 giri\/min.<br \/>\nPotenza motrice (ciclo di lavoro 100%): 13,3 kW<br \/>\nCoppia (ciclo di lavoro 100%): 32 Nm<br \/>\nTempo di indicizzazione del tamburo: 0,65 s<\/p>\n<p>Contromandrino Mandrini pick-up<br \/>\nNumero: 2 (assi C con assi X\/Y\/Z)<br \/>\nForo passante: \u00d8 40 mm<br \/>\nVelocit\u00e0: 7.500 giri\/min.<br \/>\nPotenza di azionamento: 13,3 kW<br \/>\nCoppia: 32 Nm<br \/>\nDistanze di traslazione (Z7-Z8): 410 mm<br \/>\nCorsa (X7-X8 \/ Y7-Y8): 277 \/ 312 mm<br \/>\nVelocit\u00e0 di traslazione rapida: 40 m\/min<\/p>\n<p>Portautensili su slitta trasversale<br \/>\nNumero massimo di utensili: 3<br \/>\nVelocit\u00e0: 3.900 \/ 8.000 \/ 13.800 giri\/min.<br \/>\nPotenza di azionamento (ciclo di lavoro 100%): 0,9 kW<br \/>\nCoppia (ciclo di lavoro 100%): 5,8 \/ 2,9 \/ 1,7 Nm<br \/>\nDistanze di traslazione (X1-X6 \/ Y1-Y6): 50 \/ 100 mm<br \/>\nVelocit\u00e0 di traslazione rapida: 20 m\/min<br \/>\nSlitta per lavorazione posteriore<br \/>\nVelocit\u00e0 (U7-U8): 3.900 \/ 8.000 \/ 13.800 min-\u00b9<br \/>\nPotenza di azionamento: 0,9 kW<br \/>\nCoppia: 5,8 \/ 2,9 \/ 1,7 Nm<br \/>\nDisplay di controllo: display a colori da 15\u2033 (\u00d7 2)<br \/>\nSistema di serraggio: Hainbuch TOPlus 40 Porta pinze di serraggio fissate all'asse<\/p>\n<p>Trasportatore di trucioli a nastro incernierato con pompa di sollevamento<br \/>\nSistema ad alta pressione per l'olio (filtro 50 \/ 25 \u00b5m, pompe 5 \/ 12 MPa)<br \/>\nVari portautensili<br \/>\nSistema di estinzione degli incendi<br \/>\nCaricatore a barre (design a caricatore piatto)<br \/>\nSistema di caricamento dei pezzi<\/p>\n<p>La macchina \u00e8 perfettamente funzionante, sia dal punto di vista elettrico che meccanico, e pu\u00f2 essere visionata sotto tensione su appuntamento.<br \/>\nCon riserva di modifiche ed errori nei dati tecnici e nelle specifiche, nonch\u00e9 di vendita anticipata!<\/p>","protected":false},"excerpt":{"rendered":"<p>Standort: Deutschland, Baden-W\u00fcrttemberg S\u00fcdwest Zustand: Neuwertig Hersteller: DMG Modell: MULTISPRINT MS36-2 Baujahr: 2018 Betriebsstunden: 31241 CNC-DMG Gildemeister MULTISPRINT 36 \/ SWISSTYPE-Bearbeitung bis 170 mm Drehl\u00e4nge Baujahr: 2018 Betriebsstunden: 47548 Bearbeitungszeit: 31241 Stand: Oktober 2025 Steuerung: Fanuc 30i B H\u00f6chste Flexibilit\u00e4t der MULTISPRINT dank ihrer Modularit\u00e4t und ihrer Y-Achsen in jeder Postion Einsatz angetriebener Werkzeuge auf [&hellip;]<\/p>\n","protected":false},"featured_media":4346,"comment_status":"open","ping_status":"closed","template":"","meta":{"_uf_show_specific_survey":0,"_uf_disable_surveys":false},"product_brand":[],"product_cat":[108],"product_tag":[],"class_list":{"0":"post-4333","1":"product","2":"type-product","3":"status-publish","4":"has-post-thumbnail","6":"product_cat-mehrspindler","8":"first","9":"instock","10":"taxable","11":"shipping-taxable","12":"product-type-simple"},"aioseo_notices":[],"_links":{"self":[{"href":"https:\/\/mueller-wrh.de\/it\/wp-json\/wp\/v2\/product\/4333","targetHints":{"allow":["GET"]}}],"collection":[{"href":"https:\/\/mueller-wrh.de\/it\/wp-json\/wp\/v2\/product"}],"about":[{"href":"https:\/\/mueller-wrh.de\/it\/wp-json\/wp\/v2\/types\/product"}],"replies":[{"embeddable":true,"href":"https:\/\/mueller-wrh.de\/it\/wp-json\/wp\/v2\/comments?post=4333"}],"wp:featuredmedia":[{"embeddable":true,"href":"https:\/\/mueller-wrh.de\/it\/wp-json\/wp\/v2\/media\/4346"}],"wp:attachment":[{"href":"https:\/\/mueller-wrh.de\/it\/wp-json\/wp\/v2\/media?parent=4333"}],"wp:term":[{"taxonomy":"product_brand","embeddable":true,"href":"https:\/\/mueller-wrh.de\/it\/wp-json\/wp\/v2\/product_brand?post=4333"},{"taxonomy":"product_cat","embeddable":true,"href":"https:\/\/mueller-wrh.de\/it\/wp-json\/wp\/v2\/product_cat?post=4333"},{"taxonomy":"product_tag","embeddable":true,"href":"https:\/\/mueller-wrh.de\/it\/wp-json\/wp\/v2\/product_tag?post=4333"}],"curies":[{"name":"wp","href":"https:\/\/api.w.org\/{rel}","templated":true}]}}