{"id":4286,"date":"2025-10-18T09:40:01","date_gmt":"2025-10-18T09:40:01","guid":{"rendered":"https:\/\/mueller-wrh.de\/produkt\/star-sv-32jii_bj-2002_-typ-440_intnr231159\/"},"modified":"2025-10-18T09:40:01","modified_gmt":"2025-10-18T09:40:01","slug":"star-sv-32jii_bj-2002_-typ-440_intnr231159","status":"publish","type":"product","link":"https:\/\/mueller-wrh.de\/it\/prodotto\/star-sv-32jii_bj-2002_-typ-440_intnr231159\/","title":{"rendered":"Star SV-32JII_Anno 2002_Tipo 440_IntNo231159"},"content":{"rendered":"<p><b>Posizione:<\/b> Germania, Baden-W\u00fcrttemberg Sud-Ovest<\/p>\n<p><b>Condizioni:<\/b> Usato<\/p>\n<p><b>Produttore:<\/b> STAR Micronics<\/p>\n<p><b>Modello:<\/b> SV-32<\/p>\n<p><b>Anno di costruzione:<\/b> 2002<\/p>\n<p><b>Orario di funzionamento:<\/b> 18000<\/p>\n<p>IntNo231159<br \/>\nTipo di macchina Tornio automatico a fantina mobile CNC<br \/>\nProduttore STAR Micronics<br \/>\nModello SV32 JII<br \/>\nAnno di costruzione 2002<br \/>\nCondizioni molto buone (usato)<br \/>\nMacchina molto curata direttamente dall'utilizzatore<br \/>\nLa macchina ha funzionato solo con olio<br \/>\nOre di funzionamento circa 18.000 ore.<br \/>\nAccessori standard della macchina<br \/>\n. Bussola di guida ad azionamento sincrono<br \/>\n. Asse C su mandrino principale e pick-up<br \/>\n. Nastro trasportatore per pezzi<br \/>\n. Bussola di serraggio mandrino principale F37 (673-53)<br \/>\n. Mandrino di presa della bussola di serraggio F37 (673-73)<br \/>\n. Unit\u00e0 di foratura trasversale a 3 mandrini<br \/>\n. Portautensili a 4 stazioni 16x16mm<br \/>\n. Mandrino di prelievo con capacit\u00e0 di prelievo di 32 mm<br \/>\n. Dispositivo di sfiato parziale sul lato anteriore<br \/>\n. Espulsore di pezzi, protezione di espulsione dei pezzi,<br \/>\n. Protezione contro la frattura dell'acciaio da taglio<br \/>\n. Serbatoio dell'olio di raffreddamento separato con monitoraggio del livello e del flusso.<br \/>\n. Unit\u00e0 di lubrificazione centralizzata automatica con monitoraggio del livello dell'olio<br \/>\n. Bulloni e piastre di livellamento, cassetta degli attrezzi<br \/>\n. Interfaccia per alimentatore di barre<br \/>\n. Interfaccia RS232C<\/p>\n<p>Caricatore FMB Turbo 3-26 costruito nel 2004<br \/>\nSistema di estinzione degli incendi Kraft &amp; Bauer \/ GUT Feuerschutz<br \/>\nTrasportatore di trucioli Mayfran<\/p>\n<p>La macchina pu\u00f2 essere ispezionata su appuntamento.<br \/>\nCon riserva di modifiche ed errori nei dati tecnici e nelle informazioni, nonch\u00e9 di vendita anticipata!<\/p>\n<p>IntNo231159<br \/>\nTipo di macchina Tornio automatico a fantina mobile CNC<br \/>\nProduttore STAR Micronics<br \/>\nModello SV32 JII<br \/>\nanno di costruzione 2002<br \/>\nCondizioni molto buone (usato)<br \/>\nMacchina molto ben tenuta direttamente dall'utente<br \/>\nLa macchina ha funzionato solo con olio<br \/>\nOre di funzionamento circa 18.000 ore<br \/>\nMacchina con accessori standard<br \/>\n. Bussola di guida ad azionamento sincrono<br \/>\n. Asse C su mandrino principale e pick-up<br \/>\n. Nastro trasportatore per pezzi<br \/>\n. Bussola di serraggio mandrino principale F37 (673-53)<br \/>\n. Mandrino di presa della bussola di serraggio F37 (673-73)<br \/>\n. Unit\u00e0 di foratura trasversale a 3 mandrini<br \/>\n. Portautensili a 4 stazioni 16x16mm<br \/>\n. Mandrino pick-up con capacit\u00e0 di prelievo 32 mm<br \/>\n. Dispositivo di sfiato parziale sul lato anteriore<br \/>\n. Espulsore di pezzi, protezione di espulsione dei pezzi ,<br \/>\n. Protezione contro la rottura dell'acciaio da taglio<br \/>\n. Serbatoio dell'olio di raffreddamento separato con monitoraggio del livello e del flusso.<br \/>\n. Unit\u00e0 di lubrificazione centrale automatica con monitoraggio del livello dell'olio<br \/>\n. Bulloni e piastre di livellamento, cassetta degli attrezzi<br \/>\n. Interfaccia per alimentatore di barre<br \/>\n. Interfaccia RS232C<\/p>\n<p>Rivista di caricamento FMB Turbo 3-26 anno 2004<br \/>\nSistema di estinzione degli incendi Kraft &amp; Bauer \/ GUT Feuerschutz<br \/>\nTrasportatore di trucioli Mayfran<\/p>\n<p>La macchina pu\u00f2 essere ispezionata su appuntamento.<br \/>\nCon riserva di modifiche ed errori nei dati tecnici e nelle informazioni, nonch\u00e9 di vendita anticipata!<\/p>","protected":false},"excerpt":{"rendered":"<p>Standort: Deutschland, Baden-W\u00fcrttemberg S\u00fcdwest Zustand: Gebraucht Hersteller: STAR Micronics Modell: SV-32 Baujahr: 2002 Betriebsstunden: 18000 IntNr231159 Maschinentyp CNC-Langdrehautomat Hersteller STAR Micronics Modell SV32 JII Baujahr 2002 Zustand sehr gut (gebraucht) Sehr gepflegte Maschine direkt vom Anwender Maschine ist nur mit \u00d6l gelaufen Betriebsstunden um die 18.000std. Standardzubeh\u00f6r Maschine . Synchron angetriebene F\u00fchrungsb\u00fcchse . C-Achse auf [&hellip;]<\/p>\n","protected":false},"featured_media":4280,"comment_status":"open","ping_status":"closed","template":"","meta":{"_uf_show_specific_survey":0,"_uf_disable_surveys":false},"product_brand":[],"product_cat":[23],"product_tag":[],"class_list":{"0":"post-4286","1":"product","2":"type-product","3":"status-publish","4":"has-post-thumbnail","6":"product_cat-cnc-langdrehmaschinen","8":"first","9":"instock","10":"taxable","11":"shipping-taxable","12":"product-type-simple"},"aioseo_notices":[],"_links":{"self":[{"href":"https:\/\/mueller-wrh.de\/it\/wp-json\/wp\/v2\/product\/4286","targetHints":{"allow":["GET"]}}],"collection":[{"href":"https:\/\/mueller-wrh.de\/it\/wp-json\/wp\/v2\/product"}],"about":[{"href":"https:\/\/mueller-wrh.de\/it\/wp-json\/wp\/v2\/types\/product"}],"replies":[{"embeddable":true,"href":"https:\/\/mueller-wrh.de\/it\/wp-json\/wp\/v2\/comments?post=4286"}],"wp:featuredmedia":[{"embeddable":true,"href":"https:\/\/mueller-wrh.de\/it\/wp-json\/wp\/v2\/media\/4280"}],"wp:attachment":[{"href":"https:\/\/mueller-wrh.de\/it\/wp-json\/wp\/v2\/media?parent=4286"}],"wp:term":[{"taxonomy":"product_brand","embeddable":true,"href":"https:\/\/mueller-wrh.de\/it\/wp-json\/wp\/v2\/product_brand?post=4286"},{"taxonomy":"product_cat","embeddable":true,"href":"https:\/\/mueller-wrh.de\/it\/wp-json\/wp\/v2\/product_cat?post=4286"},{"taxonomy":"product_tag","embeddable":true,"href":"https:\/\/mueller-wrh.de\/it\/wp-json\/wp\/v2\/product_tag?post=4286"}],"curies":[{"name":"wp","href":"https:\/\/api.w.org\/{rel}","templated":true}]}}