{"id":3989,"date":"2025-09-13T11:44:34","date_gmt":"2025-09-13T11:44:34","guid":{"rendered":"https:\/\/mueller-wrh.de\/produkt\/lta-lufttechnik-e120-bsc-2-h-intnr231361\/"},"modified":"2025-09-13T11:44:34","modified_gmt":"2025-09-13T11:44:34","slug":"lta-lufttechnik-e120-bsc-2-h-intnr231361","status":"publish","type":"product","link":"https:\/\/mueller-wrh.de\/it\/prodotto\/lta-lufttechnik-e120-bsc-2-h-intnr231361\/","title":{"rendered":"LTA Lufttechnik E120 BSC-2-H, IntNo231361"},"content":{"rendered":"<p><b>Posizione:<\/b> Germania, Baden-W\u00fcrttemberg Sud-Ovest<\/p>\n<p><b>Condizioni:<\/b> Usato<\/p>\n<p><b>Produttore:<\/b> LTA<\/p>\n<p><b>Modello:<\/b> E120 BSC-2H<\/p>\n<p><b>Anno di costruzione:<\/b> 2025<\/p>\n<p><b>Orario di funzionamento:<\/b> 0<\/p>\n<p>Sistema di filtrazione E 120-BSC-2-H<br \/>\nSistemi di estrazione di nebbie di olio\/emulsione<\/p>\n<p>PROPRIET\u00c0 \/ CARATTERISTICHE:<br \/>\nDirezione di apertura della porta di servizio: in direzione del flusso verso l'alto<br \/>\nUscita dell'aria: RADIALE<br \/>\ncon prefiltro e filtro di neutralizzazione meccanico e..:<br \/>\ncostituito da due stadi di filtrazione elettrostatica per gli aerosol<br \/>\nda<br \/>\nIonizzatori e collettori<br \/>\n- Soffiante regolabile (ErP-Ready)<br \/>\n- Display pronto per il funzionamento<br \/>\n- Impianto elettrico conforme alla norma EN 60204<br \/>\n- Esecuzione dell'intero sistema in conformit\u00e0 a<br \/>\n  Direttiva Macchine <\/p>\n<p>DATI TECNICI:<br \/>\nCapacit\u00e0 del ventilatore: 2400 m\u00b3\/h (a soffio libero)<br \/>\nCapacit\u00e0 di estrazione: fino a 1200 m\u00b3\/h<br \/>\nTensione di funzionamento: 230 V +\/-10 % (207-253 V)<br \/>\nFrequenza: 50-60 Hz<br \/>\nCarico collegato: 0,93 kVA<br \/>\nPressione differenziale: 840 Pa<br \/>\nLivello di pressione sonora: circa 70 dB<br \/>\nTemperatura: max. 40 \u00b0C<br \/>\nGrado di protezione: IP 54 <\/p>\n<p>Pezzo di transizione E\/M 120\/240, 200-S-B-90<\/p>\n<p>E-120-BSC-2 : 84213925 Paese di origine CZ<br \/>\nSpina di collegamento alla rete: 85444290 Paese di origine DE<br \/>\nNumero di tariffa merci\/numero di tariffa doganale: 84213925 <\/p>\n<p>Dimensioni (L x P x A): 1130 x 660 x 610 mm <\/p>\n<p>Peso: circa 110 kg <\/p>\n<p>Garanzia: su richiesta<br \/>\nVerniciatura: RAL 7035 (grigio chiaro) o (su richiesta)<br \/>\nTempi di consegna: su richiesta<\/p>\n<p>Con riserva di modifiche ed errori nei dati tecnici e nelle informazioni, nonch\u00e9 di vendita anticipata!<\/p>\n<p>Sistema di filtrazione E 120-BSC-2-H<br \/>\nUnit\u00e0 di estrazione di nebbie di olio\/emulsione<\/p>\n<p>CARATTERISTICHE:<\/p>\n<p>Direzione di apertura della porta di servizio: verso l'alto, in direzione del flusso<\/p>\n<p>Uscita aria: radiale<\/p>\n<p>Con pre-filtro e filtro meccanico di neutralizzazione, nonch\u00e9:<br \/>\ndue stadi di filtrazione elettrostatica per aerosol costituiti da<br \/>\nionizzatori e collettori<\/p>\n<p>Ventola regolabile (predisposta per ErP)<\/p>\n<p>\"Indicatore \"Pronto per il funzionamento<\/p>\n<p>Sistema elettrico conforme alla norma EN 60204<\/p>\n<p>L'intero sistema \u00e8 stato progettato in conformit\u00e0 alla direttiva macchine applicabile.<\/p>\n<p>DATI TECNICI:<\/p>\n<p>Capacit\u00e0 del ventilatore: 2400 m\u00b3\/h (a soffio libero)<\/p>\n<p>Capacit\u00e0 di estrazione: fino a 1200 m\u00b3\/h<\/p>\n<p>Tensione di funzionamento: 230 V +\/-10 % (207-253 V)<\/p>\n<p>Frequenza: 50-60 Hz<\/p>\n<p>Carico collegato: 0,93 kVA<\/p>\n<p>Pressione differenziale: 840 Pa<\/p>\n<p>Livello di pressione sonora: circa 70 dB<\/p>\n<p>Temperatura: max. 40 \u00b0C<\/p>\n<p>Grado di protezione: IP 54<\/p>\n<p>Pezzo di transizione E\/M 120\/240, 200-S-B-90<\/p>\n<p>E-120-BSC-2: 84213925, paese di origine CZ<\/p>\n<p>Spina di alimentazione: 85444290, paese di origine DE<\/p>\n<p>Numero di tariffa doganale: 84213925<\/p>\n<p>Dimensioni (L x P x A): 1130 x 660 x 610 mm<br \/>\nPeso: circa 110 kg<br \/>\nGaranzia: soggetta ad accordo<br \/>\nVerniciatura: RAL 7035 (grigio chiaro) o (come concordato)<br \/>\nTempo di consegna: soggetto ad accordo<\/p>\n<p>I dati tecnici e le informazioni sono soggetti a modifiche ed errori. Vendita intermedia riservata.<\/p>","protected":false},"excerpt":{"rendered":"<p>Standort: Deutschland, Baden-W\u00fcrttemberg S\u00fcdwest Zustand: Gebraucht Hersteller: LTA Modell: E120 BSC-2H Baujahr: 2025 Betriebsstunden: 0 Filtrationssystem E 120-BSC-2-H \u00d6l-\/Emulsionsnebel-Abzugsanlagen EIGENSCHAFTEN \/ MERKMALE: \u00d6ffnungsrichtung Servicet\u00fcr: in Str\u00f6mungsrichtung OBEN Luftauslass : RADIAL mit Vorfilter und Neutralisationsfilter mechanisch sowie: zwei elektrostatischen Filtrationsstufen f\u00fcr Aerosole bestehend aus Ionisatoren und Kollektoren &#8211; Regelbares Gebl\u00e4se (ErP-Ready) &#8211; Anzeige Betriebsbereit &#8211; Elektrik [&hellip;]<\/p>\n","protected":false},"featured_media":3988,"comment_status":"open","ping_status":"closed","template":"","meta":{"_uf_show_specific_survey":0,"_uf_disable_surveys":false},"product_brand":[],"product_cat":[19],"product_tag":[],"class_list":{"0":"post-3989","1":"product","2":"type-product","3":"status-publish","4":"has-post-thumbnail","6":"product_cat-oel-emulsionsnebel-abzugsanlagen","8":"first","9":"instock","10":"taxable","11":"shipping-taxable","12":"product-type-simple"},"aioseo_notices":[],"_links":{"self":[{"href":"https:\/\/mueller-wrh.de\/it\/wp-json\/wp\/v2\/product\/3989","targetHints":{"allow":["GET"]}}],"collection":[{"href":"https:\/\/mueller-wrh.de\/it\/wp-json\/wp\/v2\/product"}],"about":[{"href":"https:\/\/mueller-wrh.de\/it\/wp-json\/wp\/v2\/types\/product"}],"replies":[{"embeddable":true,"href":"https:\/\/mueller-wrh.de\/it\/wp-json\/wp\/v2\/comments?post=3989"}],"wp:featuredmedia":[{"embeddable":true,"href":"https:\/\/mueller-wrh.de\/it\/wp-json\/wp\/v2\/media\/3988"}],"wp:attachment":[{"href":"https:\/\/mueller-wrh.de\/it\/wp-json\/wp\/v2\/media?parent=3989"}],"wp:term":[{"taxonomy":"product_brand","embeddable":true,"href":"https:\/\/mueller-wrh.de\/it\/wp-json\/wp\/v2\/product_brand?post=3989"},{"taxonomy":"product_cat","embeddable":true,"href":"https:\/\/mueller-wrh.de\/it\/wp-json\/wp\/v2\/product_cat?post=3989"},{"taxonomy":"product_tag","embeddable":true,"href":"https:\/\/mueller-wrh.de\/it\/wp-json\/wp\/v2\/product_tag?post=3989"}],"curies":[{"name":"wp","href":"https:\/\/api.w.org\/{rel}","templated":true}]}}