{"id":3473,"date":"2025-05-13T12:51:46","date_gmt":"2025-05-13T12:51:46","guid":{"rendered":"https:\/\/mueller-wrh.de\/produkt\/schunk-rota-2b-160-zwei-backen-keilspannfutter-schunk-rota-2b-160-two-jaw-wedge-style-power-chuck-intnr231294\/"},"modified":"2025-05-13T12:51:46","modified_gmt":"2025-05-13T12:51:46","slug":"schunk-rota-2b-160-zwei-backen-keilspannfutter-schunk-rota-2b-160-two-jaw-wedge-style-power-chuck-intnr231294","status":"publish","type":"product","link":"https:\/\/mueller-wrh.de\/it\/prodotto\/schunk-rota-2b-160-zwei-backen-keilspannfutter-schunk-rota-2b-160-two-jaw-wedge-style-power-chuck-intnr231294\/","title":{"rendered":"Schunk ROTA 2B 160 Zwei-Backen-Keilspannfutter \/ Schunk ROTA 2B 160 Mandrino a cuneo a due griffe IntNr231294"},"content":{"rendered":"<p><b>Posizione:<\/b> Germania, Baden-W\u00fcrttemberg Sud-Ovest<\/p>\n<p><b>Condizioni:<\/b> Come nuovo<\/p>\n<p><b>Modello:<\/b> Schunk<\/p>\n<p>Descrizione tecnica - Schunk ROTA 2B 160<br \/>\nDesignazione: Mandrino manuale a cuneo a due griffe<br \/>\nCostruttore: SCHUNK GmbH &amp; Co. KG<br \/>\nModello: ROTA 2B 160<br \/>\nStruttura: mandrino a cuneo ad azionamento manuale con 2 ganasce a serraggio centrale<\/p>\n<p>Dati tecnici tipici:<br \/>\nDiametro del mandrino: 160 mm<\/p>\n<p>Numero di ganasce: 2<\/p>\n<p>Azionamento: Manuale tramite chiave di serraggio<\/p>\n<p>Meccanismo di serraggio: principio del gancio a cuneo (per un'elevata forza di serraggio e affidabilit\u00e0)<\/p>\n<p>Foro passante centrale: circa 40-45 mm (a seconda del modello)<\/p>\n<p>Montaggio: flangia o montaggio diretto, ad es. DIN 55026 A5 (a seconda della versione)<\/p>\n<p>Forza massima di serraggio: circa 30-35 kN (a seconda della coppia della chiave di serraggio). Forza di serraggio: circa 30-35 kN (a seconda della coppia della chiave di serraggio)<\/p>\n<p>Precisione di ripetizione: tip. \u2264 0,02 mm<\/p>\n<p>Campo di applicazione: per pezzi non rotondi o sensibili, adatti a torni, teste divisorie e attrezzature speciali.<\/p>\n<p>Materiale: alloggiamento e componenti di serraggio temprati e rettificati per una lunga durata di servizio<\/p>\n<p>\u2699\ufe0f Caratteristiche speciali:<br \/>\nDesign a due ganasce per compiti di serraggio speciali (ad es. pezzi non rotondi o ovali)<\/p>\n<p>Elevata forza di serraggio grazie al meccanismo del gancio a cuneo<\/p>\n<p>Design compatto<\/p>\n<p>Durevole e a bassa manutenzione<\/p>\n<p>Salvo modifiche tecniche ed errori. Per i dati esatti, richiedere la scheda tecnica ufficiale di SCHUNK o contattare direttamente il produttore.<\/p>\n<p>? Descrizione tecnica - Schunk ROTA 2B 160<br \/>\nDesignazione: Mandrino manuale a due griffe tipo cuneo<br \/>\nCostruttore: SCHUNK GmbH &amp; Co. KG<br \/>\nModello: ROTA 2B 160<br \/>\nStruttura: mandrino a cuneo ad azionamento manuale con 2 ganasce autocentranti<\/p>\n<p>Dati tecnici tipici:<br \/>\nDiametro del mandrino: 160 mm<\/p>\n<p>Numero di ganasce: 2<\/p>\n<p>Azionamento: manuale tramite chiave di serraggio<\/p>\n<p>Meccanismo di serraggio: sistema a gancio a cuneo (per un'elevata forza di serraggio e affidabilit\u00e0)<\/p>\n<p>Foro passante centrale: circa 40-45 mm (a seconda della versione)<\/p>\n<p>Interfaccia di montaggio: Flangia o montaggio diretto, ad es. DIN 55026 A5 (a seconda della configurazione)<\/p>\n<p>Forza di serraggio massima: circa 30-35 kN (a seconda della coppia applicata)<\/p>\n<p>Ripetibilit\u00e0: tipicamente \u2264 0,02 mm<\/p>\n<p>Applicazione: adatto per pezzi irregolari o sensibili; ideale per l'uso su torni, attrezzature di indicizzazione e allestimenti personalizzati<\/p>\n<p>Materiale: Corpo e componenti di serraggio temprati e rettificati per una maggiore durata.<\/p>\n<p>\u2699\ufe0f Caratteristiche principali:<br \/>\nVersione a due ganasce per compiti di serraggio speciali (ad esempio, pezzi irregolari o ovali)<\/p>\n<p>Elevata forza di serraggio grazie al meccanismo del gancio a cuneo<\/p>\n<p>Design compatto e robusto<\/p>\n<p>Durevole e a bassa manutenzione<\/p>\n<p>Le specifiche tecniche sono soggette a modifiche ed errori. Per i dati esatti, consultare la scheda tecnica ufficiale SCHUNK o contattare direttamente il produttore.<\/p>","protected":false},"excerpt":{"rendered":"<p>Standort: Deutschland, Baden-W\u00fcrttemberg S\u00fcdwest Zustand: Neuwertig Modell: Schunk Technische Beschreibung \u2013 Schunk ROTA 2B 160 Bezeichnung: Manuelles Zwei-Backen-Keilspannfutter Hersteller: SCHUNK GmbH &amp; Co. KG Modell: ROTA 2B 160 Ausf\u00fchrung: Manuell bet\u00e4tigtes Keilspannfutter mit 2 zentrisch spannenden Backen ?\ufe0f Typische Technische Daten: Spannfutterdurchmesser: 160 mm Backenzahl: 2 Bet\u00e4tigung: Manuell \u00fcber Spannschl\u00fcssel Spannmechanismus: Keilhaken-Prinzip (f\u00fcr hohe Spannkraft [&hellip;]<\/p>\n","protected":false},"featured_media":3471,"comment_status":"open","ping_status":"closed","template":"","meta":{"_uf_show_specific_survey":0,"_uf_disable_surveys":false},"product_brand":[],"product_cat":[102],"product_tag":[],"class_list":{"0":"post-3473","1":"product","2":"type-product","3":"status-publish","4":"has-post-thumbnail","6":"product_cat-spannzangen","8":"first","9":"instock","10":"taxable","11":"shipping-taxable","12":"product-type-simple"},"aioseo_notices":[],"_links":{"self":[{"href":"https:\/\/mueller-wrh.de\/it\/wp-json\/wp\/v2\/product\/3473","targetHints":{"allow":["GET"]}}],"collection":[{"href":"https:\/\/mueller-wrh.de\/it\/wp-json\/wp\/v2\/product"}],"about":[{"href":"https:\/\/mueller-wrh.de\/it\/wp-json\/wp\/v2\/types\/product"}],"replies":[{"embeddable":true,"href":"https:\/\/mueller-wrh.de\/it\/wp-json\/wp\/v2\/comments?post=3473"}],"wp:featuredmedia":[{"embeddable":true,"href":"https:\/\/mueller-wrh.de\/it\/wp-json\/wp\/v2\/media\/3471"}],"wp:attachment":[{"href":"https:\/\/mueller-wrh.de\/it\/wp-json\/wp\/v2\/media?parent=3473"}],"wp:term":[{"taxonomy":"product_brand","embeddable":true,"href":"https:\/\/mueller-wrh.de\/it\/wp-json\/wp\/v2\/product_brand?post=3473"},{"taxonomy":"product_cat","embeddable":true,"href":"https:\/\/mueller-wrh.de\/it\/wp-json\/wp\/v2\/product_cat?post=3473"},{"taxonomy":"product_tag","embeddable":true,"href":"https:\/\/mueller-wrh.de\/it\/wp-json\/wp\/v2\/product_tag?post=3473"}],"curies":[{"name":"wp","href":"https:\/\/api.w.org\/{rel}","templated":true}]}}