{"id":3406,"date":"2025-04-29T16:39:31","date_gmt":"2025-04-29T16:39:31","guid":{"rendered":"https:\/\/mueller-wrh.de\/produkt\/gebr-profilprojektor-mitutoyo-pv-500-_intnr231045\/"},"modified":"2025-04-29T16:39:31","modified_gmt":"2025-04-29T16:39:31","slug":"gebr-profilprojektor-mitutoyo-pv-500-_intnr231045","status":"publish","type":"product","link":"https:\/\/mueller-wrh.de\/it\/prodotto\/gebr-profilprojektor-mitutoyo-pv-500-_intnr231045\/","title":{"rendered":"proiettore di profili usato Mitutoyo PV 500 _IntNr231045"},"content":{"rendered":"<p><b>Posizione:<\/b> Germania, Baden-W\u00fcrttemberg Sud-Ovest<\/p>\n<p><b>Condizioni:<\/b> Usato<\/p>\n<p><b>Orario di funzionamento:<\/b> nessuno<\/p>\n<p>IntNo231045<br \/>\nGebr.<br \/>\nProiettore di profili Mitutoyo PV 500<br \/>\ncon schermo da 500 mm e display digitale<br \/>\nDati tecnici:<br \/>\nProfilo proiettore marca MITUTOYO tipo PV-500<br \/>\nDiametro dello schermo 508 mm<br \/>\nSchermo girevole a 360\u00b0 (nonio 1')<br \/>\nIngrandimento possibile 5 x, 10 x, 20 x, 50 x, 100 x<br \/>\nInstallazione tramite sistema di inserimento con adattatore<br \/>\nPrecisione di ingrandimento con luce trasmessa\/luce riflessa +- 0,1% \/ +- 0,15%<br \/>\nRete 220 V, 50 Hz<br \/>\nConsumo di energia 340 VA<br \/>\nDimensioni dell'apparecchio di base 900 x 700 x 1700 mm<br \/>\nPeso 180 kg<br \/>\ncon<br \/>\n- Display digitale a 2 assi Mitutoyo<br \/>\nAccessori <\/p>\n<p>La macchina pu\u00f2 essere ispezionata su appuntamento.<br \/>\nCon riserva di modifiche ed errori nei dati tecnici e nelle informazioni, nonch\u00e9 di vendita anticipata!<\/p>\n<p>Usato<br \/>\nProiettore di profili Mitutoyo PV 500<br \/>\ncon schermo da 500 mm e display digitale<br \/>\nDati tecnici:<br \/>\nProfilo proiettore marca MITUTOYO tipo PV-500<br \/>\nDiametro dello schermo 508 mm<br \/>\nSchermo ruotabile di 360\u00b0 (nonio 1\u2032)<br \/>\nIngrandimento possibile 5 x, 10 x, 20 x, 50 x, 100 x<br \/>\nInstallazione tramite sistema a inserti con adattatore<br \/>\nPrecisione di ingrandimento con luce trasmessa\/luce riflessa +- 0,1% \/ +- 0,15%<br \/>\nRete 220 V, 50 Hz<br \/>\nConsumo di energia 340 VA<br \/>\nDimensioni del dispositivo di base 900 x 700 x 1700 mm<br \/>\nPeso 180 kg<br \/>\nCon<br \/>\n- Display digitale a 2 assi Mitutoyo<br \/>\nAccessori <\/p>\n<p>La macchina pu\u00f2 essere ispezionata su appuntamento.<br \/>\nCon riserva di modifiche ed errori nei dati tecnici e nelle informazioni, nonch\u00e9 di vendita anticipata!<\/p>","protected":false},"excerpt":{"rendered":"<p>Standort: Deutschland, Baden-W\u00fcrttemberg S\u00fcdwest Zustand: Gebraucht Betriebsstunden: keine IntNr231045 Gebr. Profilprojektor Mitutoyo PV 500 mit Bildschirm 500 mm und digitaler Anzeige Technische Daten: Profilprojektor Fabrikat MITUTOYO Typ PV-500 Bildschirmdurchmesser 508 mm Bildschirm drehbar um 360\u00b0 (Nonius 1\u00b4) Vergr\u00f6\u00dferung m\u00f6glich 5 x , 10 x , 20 x ,50x , 100 x Einbau erfolgt durch Einsatzsystem [&hellip;]<\/p>\n","protected":false},"featured_media":3402,"comment_status":"open","ping_status":"closed","template":"","meta":{"_uf_show_specific_survey":0,"_uf_disable_surveys":false},"product_brand":[],"product_cat":[98],"product_tag":[],"class_list":{"0":"post-3406","1":"product","2":"type-product","3":"status-publish","4":"has-post-thumbnail","6":"product_cat-messtechnik","8":"first","9":"instock","10":"taxable","11":"shipping-taxable","12":"product-type-simple"},"aioseo_notices":[],"_links":{"self":[{"href":"https:\/\/mueller-wrh.de\/it\/wp-json\/wp\/v2\/product\/3406","targetHints":{"allow":["GET"]}}],"collection":[{"href":"https:\/\/mueller-wrh.de\/it\/wp-json\/wp\/v2\/product"}],"about":[{"href":"https:\/\/mueller-wrh.de\/it\/wp-json\/wp\/v2\/types\/product"}],"replies":[{"embeddable":true,"href":"https:\/\/mueller-wrh.de\/it\/wp-json\/wp\/v2\/comments?post=3406"}],"wp:featuredmedia":[{"embeddable":true,"href":"https:\/\/mueller-wrh.de\/it\/wp-json\/wp\/v2\/media\/3402"}],"wp:attachment":[{"href":"https:\/\/mueller-wrh.de\/it\/wp-json\/wp\/v2\/media?parent=3406"}],"wp:term":[{"taxonomy":"product_brand","embeddable":true,"href":"https:\/\/mueller-wrh.de\/it\/wp-json\/wp\/v2\/product_brand?post=3406"},{"taxonomy":"product_cat","embeddable":true,"href":"https:\/\/mueller-wrh.de\/it\/wp-json\/wp\/v2\/product_cat?post=3406"},{"taxonomy":"product_tag","embeddable":true,"href":"https:\/\/mueller-wrh.de\/it\/wp-json\/wp\/v2\/product_tag?post=3406"}],"curies":[{"name":"wp","href":"https:\/\/api.w.org\/{rel}","templated":true}]}}