{"id":3297,"date":"2025-03-19T14:33:03","date_gmt":"2025-03-19T14:33:03","guid":{"rendered":"https:\/\/mueller-wrh.de\/produkt\/lang-lader_bevorratung-und-zufuehrsystem-inkl-20-schraubstoecke-intnr231262\/"},"modified":"2025-03-19T14:33:03","modified_gmt":"2025-03-19T14:33:03","slug":"lang-lader_bevorratung-und-zufuehrsystem-inkl-20-schraubstoecke-intnr231262","status":"publish","type":"product","link":"https:\/\/mueller-wrh.de\/it\/prodotto\/lang-lader_bevorratung-und-zufuehrsystem-inkl-20-schraubstoecke-intnr231262\/","title":{"rendered":"Caricatore LANG_sistema di stoccaggio e alimentazione, incl. 20 morse, IntNo231262"},"content":{"rendered":"<p><b>Posizione:<\/b> Germania, Baden-W\u00fcrttemberg Sud-Ovest<\/p>\n<p><b>Condizioni:<\/b> Usato<\/p>\n<p><b>Produttore:<\/b> LINGUA<\/p>\n<p><b>Modello:<\/b> LINGUA<\/p>\n<p><b>Anno di costruzione:<\/b> 2005<\/p>\n<p>Sistema di stoccaggio e alimentazione LANG Technik costruito nel 2005, con 20 morse.<\/p>\n<p>Sistema di automazione con disposizione a scivolo Capacit\u00e0 di stoccaggio di circa 50-60 morse.<\/p>\n<p>Descrizione tecnica:<br \/>\nSistema di stoccaggio e alimentazione LANG Technik<br \/>\nIl sistema di automazione LANG Technik con disposizione degli scivoli \u00e8 una soluzione avanzata di movimentazione e lavorazione automatizzata dei pezzi, progettata specificamente per la gestione efficiente e precisa delle morse di serraggio. Realizzato nel 2005, questo sistema \u00e8 stato progettato per automatizzare i processi produttivi e aumentare l'efficienza ottimizzando la movimentazione dei pezzi e riducendo gli interventi manuali.<\/p>\n<p>Disposizione scorrevole:<br \/>\nIl sistema di automazione \u00e8 dotato di un sistema di scivoli che consente di scaricare e trasportare i pezzi in modo continuo, sicuro e veloce. Gli scivoli fungono da elemento di collegamento tra le varie stazioni di lavorazione e sono appositamente progettati per garantire un movimento stabile e preciso dei pezzi durante l'intero processo produttivo.<\/p>\n<p>Sistema di controllo: la disposizione delle guide \u00e8 coordinata dall'unit\u00e0 di controllo centrale del sistema, in modo che il funzionamento sia completamente automatico ed efficiente.<\/p>\n<p>- Capacit\u00e0 di stoccaggio: circa 50-60 morse di serraggio<br \/>\n- Materiale della slitta: acciaio o alluminio, a seconda dell'applicazione<br \/>\n- Automazione: completamente automatizzata con unit\u00e0 di controllo centrale<br \/>\n- Campo di applicazione: per la lavorazione di pezzi di varie dimensioni e forme<br \/>\n- Applicazione: Particolarmente indicato per la lavorazione dei metalli e la produzione industriale<br \/>\n- Integrazione: facile da integrare nei processi produttivi esistenti<\/p>\n<p>La macchina pu\u00f2 essere ispezionata sotto tensione su appuntamento.<br \/>\nCon riserva di modifiche ed errori nei dati tecnici e nelle specifiche, nonch\u00e9 di vendita anticipata!<\/p>\n<p>Sistema di stoccaggio e alimentazione LANG Technik costruito nel 2005, con 20 morse.<\/p>\n<p>Sistema di automazione con disposizione a scivolo Capacit\u00e0 di stoccaggio di circa 50-60 morse.<\/p>\n<p>Descrizione tecnica:<br \/>\nSistema di stoccaggio e alimentazione LANG Technik<br \/>\nIl sistema di automazione LANG Technik con disposizione a scivolo \u00e8 una soluzione avanzata di movimentazione e lavorazione automatizzata dei pezzi, specificamente progettata per la gestione efficiente e precisa delle morse. Costruito nel 2005, questo sistema \u00e8 stato progettato per automatizzare i processi produttivi e aumentare l'efficienza ottimizzando la movimentazione dei pezzi e riducendo gli interventi manuali.<\/p>\n<p>Disposizione dello scivolo:<br \/>\nIl sistema di automazione \u00e8 dotato di un sistema di scivoli che consente di scaricare e trasportare i pezzi in modo continuo, sicuro e veloce. Gli scivoli fungono da elemento di collegamento tra le varie stazioni di lavorazione e sono appositamente progettati per garantire un movimento stabile e preciso dei pezzi durante l'intero processo produttivo.<\/p>\n<p>Controllo: la disposizione degli scivoli \u00e8 coordinata dall'unit\u00e0 di controllo centrale del sistema, in modo che il funzionamento sia completamente automatico ed efficiente.<\/p>\n<p>- Capacit\u00e0 di stoccaggio: circa 50-60 morse di serraggio<br \/>\n- Materiale della slitta: acciaio o alluminio, a seconda dell'applicazione<br \/>\n- Automazione: completamente automatizzata con unit\u00e0 di controllo centrale<br \/>\n- Campo di applicazione: per la lavorazione di pezzi di varie dimensioni e forme<br \/>\n- Applicazione: Particolarmente adatto per la lavorazione dei metalli e la produzione industriale<br \/>\n- Integrazione: facile da integrare nei processi produttivi esistenti<\/p>\n<p>La macchina pu\u00f2 essere ispezionata sotto tensione su appuntamento.<br \/>\nCon riserva di modifiche ed errori nei dati tecnici e nelle informazioni, nonch\u00e9 di vendita anticipata!<\/p>","protected":false},"excerpt":{"rendered":"<p>Standort: Deutschland, Baden-W\u00fcrttemberg S\u00fcdwest Zustand: Gebraucht Hersteller: LANG Modell: LANG Baujahr: 2005 LANG Technik Bevorratung und Zuf\u00fchrsystem Baujahr 2005, inkl. 20 Schraubst\u00f6cke Automationssystem mit Rutschen-Anordnung Speicherkapazit\u00e4t von ca. 50-60 Spannschraubstocken. Technische Beschreibung: LANG Technik Bevorratung und Zuf\u00fchrsystem LANG Technik Automationssystem mit Rutschenanordnung ist eine hochentwickelte, automatisierte L\u00f6sung zur Handhabung und Bearbeitung von Werkst\u00fccken, die speziell [&hellip;]<\/p>\n","protected":false},"featured_media":3287,"comment_status":"open","ping_status":"closed","template":"","meta":{"_uf_show_specific_survey":0,"_uf_disable_surveys":false},"product_brand":[],"product_cat":[105],"product_tag":[],"class_list":{"0":"post-3297","1":"product","2":"type-product","3":"status-publish","4":"has-post-thumbnail","6":"product_cat-zubehoer-sonstiges","8":"first","9":"instock","10":"taxable","11":"shipping-taxable","12":"product-type-simple"},"aioseo_notices":[],"_links":{"self":[{"href":"https:\/\/mueller-wrh.de\/it\/wp-json\/wp\/v2\/product\/3297","targetHints":{"allow":["GET"]}}],"collection":[{"href":"https:\/\/mueller-wrh.de\/it\/wp-json\/wp\/v2\/product"}],"about":[{"href":"https:\/\/mueller-wrh.de\/it\/wp-json\/wp\/v2\/types\/product"}],"replies":[{"embeddable":true,"href":"https:\/\/mueller-wrh.de\/it\/wp-json\/wp\/v2\/comments?post=3297"}],"wp:featuredmedia":[{"embeddable":true,"href":"https:\/\/mueller-wrh.de\/it\/wp-json\/wp\/v2\/media\/3287"}],"wp:attachment":[{"href":"https:\/\/mueller-wrh.de\/it\/wp-json\/wp\/v2\/media?parent=3297"}],"wp:term":[{"taxonomy":"product_brand","embeddable":true,"href":"https:\/\/mueller-wrh.de\/it\/wp-json\/wp\/v2\/product_brand?post=3297"},{"taxonomy":"product_cat","embeddable":true,"href":"https:\/\/mueller-wrh.de\/it\/wp-json\/wp\/v2\/product_cat?post=3297"},{"taxonomy":"product_tag","embeddable":true,"href":"https:\/\/mueller-wrh.de\/it\/wp-json\/wp\/v2\/product_tag?post=3297"}],"curies":[{"name":"wp","href":"https:\/\/api.w.org\/{rel}","templated":true}]}}