{"id":2967,"date":"2025-03-13T16:33:37","date_gmt":"2025-03-13T16:33:37","guid":{"rendered":"https:\/\/mueller-wrh.de\/produkt\/gebr-_messmaschine-keyence_3d_digi_xm2018_bj-11_2018-_intnr231039\/"},"modified":"2025-03-13T16:33:37","modified_gmt":"2025-03-13T16:33:37","slug":"gebr-_messmaschine-keyence_3d_digi_xm2018_bj-11_2018-_intnr231039","status":"publish","type":"product","link":"https:\/\/mueller-wrh.de\/it\/prodotto\/gebr-_messmaschine-keyence_3d_digi_xm2018_bj-11_2018-_intnr231039\/","title":{"rendered":"gebr._Messmaschine Keyence_3D_Digi_XM2018_Bj.11_2018 _IntNr231039"},"content":{"rendered":"<p><b>Standort:<\/b> Deutschland, Baden-W\u00fcrttemberg S\u00fcdwest<\/p>\n<p><b>Zustand:<\/b> Gebraucht<\/p>\n<p><b>Baujahr:<\/b> 2018<\/p>\n<p>IntNr231039<br \/>\nBetriebsstunden: nicht bekannt <\/p>\n<p>Gebr. KEYENCE_Modellreihe XM_(T2000- muss noch gepr\u00fcft werden) Bj.2018<br \/>\nMessger\u00e4t<br \/>\nMessbereich: 300 mm \u00d7 250 mm \u00d7 150 mm<br \/>\nKleinste Anzeigeeinheit: Abstand 1 \u00b5m \/ Winkel  0,0001 Grad<br \/>\nMessgenauigkeit:<br \/>\nWiederholgenauigkeit: \u00b13 \u03bcm<br \/>\nMessabweichung: \u00b18 \u03bcm<br \/>\nObjekttisch<br \/>\nMaximale Gewichtsbelastung: 25 kg<br \/>\nMesstaster: 2<br \/>\nEingebautes Display: 15-Zoll-LCD-Monitor (1024 \u00d7 768)<br \/>\nSchnittstellen: USB 2.0 Serie A: 3 Anschl\u00fcsse<br \/>\nUmgebungsbest\u00e4ndigkeit: +10 bis +35\u00b0C<br \/>\nUnter Bezugnahme auf ISO 10360-2<br \/>\n(innerhalb eines Bereichs von 200 \u00d7 200 \u00d7 150 mm bei einer Umgebungstemperatur im Betrieb von 23 \u00b11\u00b0C)<\/p>\n<p>Steuerger\u00e4t XM-1600<br \/>\nMesstaster: XM-P2000<\/p>\n<p>Funktionen:<br \/>\nEinstellmodus, Bildgef\u00fchrte Messung, Statistik und Analyse, Einzelmessung<br \/>\n500 (ohne Kommentar-Elemente)<br \/>\nGrundlegende Messung: Abstand, Winkel, Berechnung, CAD-Abstand<br \/>\nEbene, Gerade, Punkt, Kreis, Zylinder, Kegel, Kugel<br \/>\nPunkt \u2013 keine Korrektur, Ellipse, Punktkreis, Abgestufter Zylinder, Oval, Langloch,<br \/>\nEckenradius, Fase, Torus, CAD-Vergleich, Freiformfl\u00e4che<br \/>\nKonstruktion: Mittelpunkt, Tangentenpunkt, Schnittpunkt, Lot, Numerische Eingabe,<br \/>\nElementauswahl, Mittellinie, Tangente, Schnittlinie, Projektionslinie, Rotationslinie, Numerische Eingabe, Elementauswahl, Mittelebene, Parallelebene, Numerische Eingabe, Elementauswahl, Schnittkreis, Numerische Eingabe, Elementauswahl.<\/p>\n<p>Pr\u00fcfspezifikationen, Einzelobjektbericht, Einzelobjektbericht (mit Bauteilbild),<br \/>\nBildschirmbild, Grafikanzeigenbild, Bild von der Messtaster-Kamera, CSV-Ausgabe<\/p>\n<p>Abmessungen Maschine: ca. 900 x 500 x 1000 [mm]<br \/>\nGewicht Maschine: ca. 30 [kg]<\/p>\n<p>Abmessungen Maschine: ca. 400 x 300 x 600 [mm]<br \/>\nGewicht Maschine: ca. 6 [kg]<\/p>\n<p>Die Maschine kann nach Terminvereinbarung Strom besichtigt werden.<br \/>\nAenderungen und Irrtuemer in den technischen Daten und Angaben sowie Zwischenverkauf vorbehalten!<\/p>\n<p>Used. KEYENCE_Model series XM_(T2000- still to be checked) Year 2018<br \/>\nMeasuring device<br \/>\nMeasuring range: 300 mm \u00d7 250 mm \u00d7 150 mm<br \/>\nSmallest display unit: Distance 1 \u00b5m \/ angle 0.0001 degrees<br \/>\nMeasuring accuracy:<br \/>\nRepeatability: \u00b13 \u03bcm<br \/>\nMeasurement deviation: \u00b18 \u03bcm<br \/>\nObject table<br \/>\nMaximum weight load: 25 kg<br \/>\nMeasuring probe: 2<br \/>\nBuilt-in display: 15-inch LCD monitor (1024 \u00d7 768)<br \/>\nInterfaces: USB 2.0 Series A: 3 ports<br \/>\nEnvironmental resistance: +10 to +35\u00b0C<br \/>\nWith reference to ISO 10360-2<br \/>\n(within an area of 200 \u00d7 200 \u00d7 150 mm at an operating ambient temperature of 23 \u00b11\u00b0C)<\/p>\n<p>Control unit XM-1600<br \/>\nMeasuring probe: XM-P2000<\/p>\n<p>Functions:<br \/>\nSetting mode, image-guided measurement, statistics and analysis, single measurement<br \/>\n500 (without comment elements)<br \/>\nBasic measurement: Distance, angle, calculation, CAD distance<br \/>\nPlane, straight line, point, circle, cylinder, cone, sphere<br \/>\nPoint &#8211; no correction, ellipse, point circle, stepped cylinder, oval, slotted hole,<br \/>\ncorner radius, chamfer, torus, CAD comparison, free-form surface<br \/>\nConstruction: Center point, tangent point, intersection point, perpendicular, numerical input,<br \/>\nElement selection, center line, tangent, intersection line, projection line, rotation line, numerical input, element selection, center plane, parallel plane, numerical input, element selection, intersection circle, numerical input, element selection<br \/>\nTest specifications, individual object report, individual object report (with component image),<br \/>\nScreen image, graphic display image, image from the touch probe camera, CSV output<\/p>\n<p>Machine dimensions: approx. 900 x 500 x 1000 [mm]<br \/>\nMachine weight: approx. 30 [kg]<\/p>\n<p>Machine dimensions: approx. 400 x 300 x 600 [mm]<br \/>\nMachine weight: approx. 6 [kg]<\/p>\n<p>The machine can be inspected by appointment.<br \/>\nChanges and errors in the technical data and information as well as prior sale reserved!<\/p>\n","protected":false},"excerpt":{"rendered":"<p>Standort: Deutschland, Baden-W\u00fcrttemberg S\u00fcdwest Zustand: Gebraucht Baujahr: 2018 IntNr231039 Betriebsstunden: nicht bekannt Gebr. KEYENCE_Modellreihe XM_(T2000- muss noch gepr\u00fcft werden) Bj.2018 Messger\u00e4t Messbereich: 300 mm \u00d7 250 mm \u00d7 150 mm Kleinste Anzeigeeinheit: Abstand 1 \u00b5m \/ Winkel 0,0001 Grad Messgenauigkeit: Wiederholgenauigkeit: \u00b13 \u03bcm Messabweichung: \u00b18 \u03bcm Objekttisch Maximale Gewichtsbelastung: 25 kg Messtaster: 2 Eingebautes Display: [&hellip;]<\/p>\n","protected":false},"featured_media":2959,"comment_status":"open","ping_status":"closed","template":"","meta":{"_uf_show_specific_survey":0,"_uf_disable_surveys":false},"product_brand":[],"product_cat":[98],"product_tag":[],"class_list":{"0":"post-2967","1":"product","2":"type-product","3":"status-publish","4":"has-post-thumbnail","6":"product_cat-messtechnik","8":"first","9":"instock","10":"taxable","11":"shipping-taxable","12":"product-type-simple"},"aioseo_notices":[],"_links":{"self":[{"href":"https:\/\/mueller-wrh.de\/it\/wp-json\/wp\/v2\/product\/2967","targetHints":{"allow":["GET"]}}],"collection":[{"href":"https:\/\/mueller-wrh.de\/it\/wp-json\/wp\/v2\/product"}],"about":[{"href":"https:\/\/mueller-wrh.de\/it\/wp-json\/wp\/v2\/types\/product"}],"replies":[{"embeddable":true,"href":"https:\/\/mueller-wrh.de\/it\/wp-json\/wp\/v2\/comments?post=2967"}],"wp:featuredmedia":[{"embeddable":true,"href":"https:\/\/mueller-wrh.de\/it\/wp-json\/wp\/v2\/media\/2959"}],"wp:attachment":[{"href":"https:\/\/mueller-wrh.de\/it\/wp-json\/wp\/v2\/media?parent=2967"}],"wp:term":[{"taxonomy":"product_brand","embeddable":true,"href":"https:\/\/mueller-wrh.de\/it\/wp-json\/wp\/v2\/product_brand?post=2967"},{"taxonomy":"product_cat","embeddable":true,"href":"https:\/\/mueller-wrh.de\/it\/wp-json\/wp\/v2\/product_cat?post=2967"},{"taxonomy":"product_tag","embeddable":true,"href":"https:\/\/mueller-wrh.de\/it\/wp-json\/wp\/v2\/product_tag?post=2967"}],"curies":[{"name":"wp","href":"https:\/\/api.w.org\/{rel}","templated":true}]}}