{"id":2915,"date":"2025-03-13T16:31:55","date_gmt":"2025-03-13T16:31:55","guid":{"rendered":"https:\/\/mueller-wrh.de\/produkt\/bzi-52-sk-52-spannkoepfe-glatt-mit-quer-und-laengsrillen-intnr231184\/"},"modified":"2025-03-13T16:31:55","modified_gmt":"2025-03-13T16:31:55","slug":"bzi-52-sk-52-spannkoepfe-glatt-mit-quer-und-laengsrillen-intnr231184","status":"publish","type":"product","link":"https:\/\/mueller-wrh.de\/it\/prodotto\/bzi-52-sk-52-spannkoepfe-glatt-mit-quer-und-laengsrillen-intnr231184\/","title":{"rendered":"BZI 52 \/ SK 52 Teste di serraggio lisce, con scanalature trasversali e longitudinali IntNr231184"},"content":{"rendered":"<p><b>Posizione:<\/b> Germania, Baden-W\u00fcrttemberg Sud-Ovest<\/p>\n<p><b>Condizioni:<\/b> Come nuovo<\/p>\n<p><b>Modello:<\/b> BZI 52 \/ SK 52<\/p>\n<p>IntNo231184<br \/>\nDescrizione articolo: Teste di serraggio BZI 52 \/ SK 52<\/p>\n<p>Adatto per:<\/p>\n<p>HAINBUCH SPANNTOP 52-A5 \/ Nova e MINI<br \/>\nMarche \/ produttori comparabili<br \/>\nVersioni:<\/p>\n<p>Teste di serraggio lisce<br \/>\nCon scanalature trasversali e longitudinali per le materie prime<br \/>\nVarianti di profilo: Rotondo ed esagonale (aumento di 0,5 mm o 1 mm)<br \/>\nPossibili applicazioni: Lavorazione fine<br \/>\nCondizioni:<\/p>\n<p>Nuovi e usati disponibili in varie dimensioni<br \/>\nOrdine:<br \/>\nAl momento dell'ordine, specificare il serraggio desiderato\u2300.<\/p>\n<p>Aree di applicazione:<\/p>\n<p>Centri di lavoro<br \/>\nMacchine di misura<br \/>\nBloccaggio del pallet<br \/>\nNote:<\/p>\n<p>Teste di serraggio per profili speciali in base a requisiti individuali su richiesta<br \/>\nSu richiesta sono disponibili anche altre dimensioni e forme del cono (ad es. quadrato) e pezzi grezzi lavorabili.<\/p>\n<p>Con riserva di modifiche ed errori nei dati tecnici e nelle informazioni, nonch\u00e9 di vendita anticipata!<\/p>\n<p>Numero interno: IntNr231184<br \/>\nDescrizione dell'articolo: Teste di serraggio BZI 52 \/ SK 52<\/p>\n<p>Adatto per:<\/p>\n<p>HAINBUCH SPANNTOP 52-A5 \/ Nova e MINI<br \/>\nMarche \/ produttori comparabili<br \/>\nVersioni:<\/p>\n<p>Mandrini a espansione liscia<br \/>\nCon scanalature trasversali e longitudinali per le materie prime<br \/>\nVarianti di profilo: rotondo ed esagonale (incremento di 0,5 mm o 1 mm)<br \/>\nPossibili applicazioni: Lavorazione fine<br \/>\nCondizioni:<\/p>\n<p>Nuovi e usati disponibili in varie dimensioni<br \/>\nOrdine:<br \/>\nAl momento dell'ordine, specificare il serraggio \u2300 richiesto.<\/p>\n<p>Aree di applicazione:<\/p>\n<p>Centri di lavoro<br \/>\nMacchine di misura<br \/>\nBloccaggio del pallet<br \/>\nNote:<\/p>\n<p>Teste di serraggio per profili speciali in base a requisiti individuali su richiesta<br \/>\nSu richiesta sono disponibili anche altre dimensioni, forme (ad esempio quadrate) e pezzi grezzi lavorabili.<\/p>\n<p>Con riserva di modifiche ed errori nei dati tecnici e nelle informazioni, nonch\u00e9 di vendita anticipata!<\/p>","protected":false},"excerpt":{"rendered":"<p>Standort: Deutschland, Baden-W\u00fcrttemberg S\u00fcdwest Zustand: Neuwertig Modell: BZI 52 \/ SK 52 IntNr231184 Artikelbeschreibung: BZI 52 \/ SK 52 Spannk\u00f6pfe Geeignet f\u00fcr: HAINBUCH SPANNTOP 52-A5 \/ Nova und MINI Vergleichbare Fabrikate \/ Hersteller Ausf\u00fchrungen: Glatte Spannk\u00f6pfe Mit Quer- und L\u00e4ngsrillen f\u00fcr Rohmaterial Profilvarianten: Rund und 6-Kant (0,5 mm oder 1 mm steigend) Einsatzm\u00f6glichkeiten: Feinbearbeitung Zustand: [&hellip;]<\/p>\n","protected":false},"featured_media":2909,"comment_status":"open","ping_status":"closed","template":"","meta":{"_uf_show_specific_survey":0,"_uf_disable_surveys":false},"product_brand":[],"product_cat":[102],"product_tag":[],"class_list":{"0":"post-2915","1":"product","2":"type-product","3":"status-publish","4":"has-post-thumbnail","6":"product_cat-spannzangen","8":"first","9":"instock","10":"taxable","11":"shipping-taxable","12":"product-type-simple"},"aioseo_notices":[],"_links":{"self":[{"href":"https:\/\/mueller-wrh.de\/it\/wp-json\/wp\/v2\/product\/2915","targetHints":{"allow":["GET"]}}],"collection":[{"href":"https:\/\/mueller-wrh.de\/it\/wp-json\/wp\/v2\/product"}],"about":[{"href":"https:\/\/mueller-wrh.de\/it\/wp-json\/wp\/v2\/types\/product"}],"replies":[{"embeddable":true,"href":"https:\/\/mueller-wrh.de\/it\/wp-json\/wp\/v2\/comments?post=2915"}],"wp:featuredmedia":[{"embeddable":true,"href":"https:\/\/mueller-wrh.de\/it\/wp-json\/wp\/v2\/media\/2909"}],"wp:attachment":[{"href":"https:\/\/mueller-wrh.de\/it\/wp-json\/wp\/v2\/media?parent=2915"}],"wp:term":[{"taxonomy":"product_brand","embeddable":true,"href":"https:\/\/mueller-wrh.de\/it\/wp-json\/wp\/v2\/product_brand?post=2915"},{"taxonomy":"product_cat","embeddable":true,"href":"https:\/\/mueller-wrh.de\/it\/wp-json\/wp\/v2\/product_cat?post=2915"},{"taxonomy":"product_tag","embeddable":true,"href":"https:\/\/mueller-wrh.de\/it\/wp-json\/wp\/v2\/product_tag?post=2915"}],"curies":[{"name":"wp","href":"https:\/\/api.w.org\/{rel}","templated":true}]}}