{"id":2885,"date":"2025-03-13T16:30:19","date_gmt":"2025-03-13T16:30:19","guid":{"rendered":"https:\/\/mueller-wrh.de\/produkt\/werkzeughalter-star-431-03-00-2-stationen-16x16mm-fuer-rueckseite-intnr231162\/"},"modified":"2025-03-13T16:30:19","modified_gmt":"2025-03-13T16:30:19","slug":"werkzeughalter-star-431-03-00-2-stationen-16x16mm-fuer-rueckseite-intnr231162","status":"publish","type":"product","link":"https:\/\/mueller-wrh.de\/it\/prodotto\/werkzeughalter-star-431-03-00-2-stationen-16x16mm-fuer-rueckseite-intnr231162\/","title":{"rendered":"Suporte de ferramentas STAR 431-03-00 2 esta\u00e7\u00f5es 16x16mm; para a retaguarda (IntNo231162)"},"content":{"rendered":"<p><b>Posizione:<\/b> Germania, Baden-W\u00fcrttemberg Sud-Ovest<\/p>\n<p><b>Condizioni:<\/b> Come nuovo<\/p>\n<p><b>Produttore:<\/b> n.d.<\/p>\n<p><b>Modello:<\/b> 431-03-00<\/p>\n<p>Portautensili a 2 stazioni; codolo: 16x16 mm; per lavorazione posteriore<br \/>\nContromandrino (IntNo231162)<br \/>\n431-03-00<br \/>\nAdatto ai seguenti tipi di macchine STAR:<br \/>\nSV-32 \/ ECAS32T \/ SV-38R \/ ST-38 SV-32J \/ SV-32J II \/ SV-12 \/ SV-20 \/ ECAS20T <\/p>\n<p>Con riserva di modifiche ed errori nei dati tecnici e nelle informazioni, nonch\u00e9 di vendita anticipata!<\/p>\n<p>Portautensili a 2 stazioni; codolo: 16x16 mm; per lavorazione posteriore<br \/>\nContromandrino (IntNo231162)<br \/>\n431-03-00<br \/>\nAdatto ai seguenti tipi di macchine STAR:<br \/>\nSV-32 \/ ECAS32T \/ SV-38R \/ ST-38 SV-32J \/ SV-32J II \/ SV-12 \/ SV-20 \/ ECAS20T <\/p>\n<p>Con riserva di modifiche ed errori nei dati tecnici e nelle informazioni, nonch\u00e9 di vendita anticipata!<\/p>","protected":false},"excerpt":{"rendered":"<p>Standort: Deutschland, Baden-W\u00fcrttemberg S\u00fcdwest Zustand: Neuwertig Hersteller: n.a. Modell: 431-03-00 2-Stationen-Werkzeughalter; Schaft: 16x16mm; f\u00fcr R\u00fcckseitenbearbeitung Gegensspindel (IntNr231162) 431-03-00 Passend f\u00fcr folgende STAR-Maschinentypen: SV-32 \/ ECAS32T \/ SV-38R \/ ST-38 SV-32J \/ SV-32J II \/ SV-12 \/ SV-20 \/ ECAS20T Aenderungen und Irrtuemer in den technischen Daten und Angaben sowie Zwischenverkauf vorbehalten! 2-station tool holder; shank: [&hellip;]<\/p>\n","protected":false},"featured_media":2884,"comment_status":"open","ping_status":"closed","template":"","meta":{"_uf_show_specific_survey":0,"_uf_disable_surveys":false},"product_brand":[],"product_cat":[20],"product_tag":[],"class_list":{"0":"post-2885","1":"product","2":"type-product","3":"status-publish","4":"has-post-thumbnail","6":"product_cat-werkzeughalter","8":"first","9":"instock","10":"taxable","11":"shipping-taxable","12":"purchasable","13":"product-type-simple"},"aioseo_notices":[],"_links":{"self":[{"href":"https:\/\/mueller-wrh.de\/it\/wp-json\/wp\/v2\/product\/2885","targetHints":{"allow":["GET"]}}],"collection":[{"href":"https:\/\/mueller-wrh.de\/it\/wp-json\/wp\/v2\/product"}],"about":[{"href":"https:\/\/mueller-wrh.de\/it\/wp-json\/wp\/v2\/types\/product"}],"replies":[{"embeddable":true,"href":"https:\/\/mueller-wrh.de\/it\/wp-json\/wp\/v2\/comments?post=2885"}],"wp:featuredmedia":[{"embeddable":true,"href":"https:\/\/mueller-wrh.de\/it\/wp-json\/wp\/v2\/media\/2884"}],"wp:attachment":[{"href":"https:\/\/mueller-wrh.de\/it\/wp-json\/wp\/v2\/media?parent=2885"}],"wp:term":[{"taxonomy":"product_brand","embeddable":true,"href":"https:\/\/mueller-wrh.de\/it\/wp-json\/wp\/v2\/product_brand?post=2885"},{"taxonomy":"product_cat","embeddable":true,"href":"https:\/\/mueller-wrh.de\/it\/wp-json\/wp\/v2\/product_cat?post=2885"},{"taxonomy":"product_tag","embeddable":true,"href":"https:\/\/mueller-wrh.de\/it\/wp-json\/wp\/v2\/product_tag?post=2885"}],"curies":[{"name":"wp","href":"https:\/\/api.w.org\/{rel}","templated":true}]}}