{"id":2821,"date":"2025-03-13T16:26:50","date_gmt":"2025-03-13T16:26:50","guid":{"rendered":"https:\/\/mueller-wrh.de\/produkt\/gebr-werkzeughalter-star-221-01-00-intnr231146\/"},"modified":"2025-03-13T16:26:50","modified_gmt":"2025-03-13T16:26:50","slug":"gebr-werkzeughalter-star-221-01-00-intnr231146","status":"publish","type":"product","link":"https:\/\/mueller-wrh.de\/it\/prodotto\/gebr-werkzeughalter-star-221-01-00-intnr231146\/","title":{"rendered":"Portautensili di marca STAR 221-01-00 IntNo231146"},"content":{"rendered":"<p><b>Posizione:<\/b> Germania, Baden-W\u00fcrttemberg Sud-Ovest<\/p>\n<p><b>Condizioni:<\/b> Come nuovo<\/p>\n<p><b>Produttore:<\/b> STAR Micronics<\/p>\n<p>Portautensili singoli con gambo 16 x 16 mm con alimentazione del refrigerante<br \/>\n al mandrino principale<br \/>\n221-01-00<br \/>\nAdatto ai seguenti tipi di macchine STAR:<br \/>\nST-20-32-38 SV-12-20-32 \/ ECAS<br \/>\nCon riserva di modifiche ed errori nei dati tecnici e nelle informazioni, nonch\u00e9 di vendita anticipata!<\/p>\n<p>Portautensili a 1 piega con codolo 16 x 16 mm e alimentazione del refrigerante<br \/>\n per il mandrino principale<br \/>\n221-01-00<br \/>\nAdatto ai seguenti tipi di macchine STAR:<br \/>\nST-20-32-38 SV-12-20-32 \/ ECAS<br \/>\nCon riserva di modifiche ed errori nei dati tecnici e nelle informazioni, nonch\u00e9 di vendita anticipata!<\/p>","protected":false},"excerpt":{"rendered":"<p>Standort: Deutschland, Baden-W\u00fcrttemberg S\u00fcdwest Zustand: Neuwertig Hersteller: STAR Micronics 1-fach Werkzeughalter 16 x 16mm Schaft mit K\u00fchlmittelzuf\u00fchrung zu Hauptspindel 221-01-00 Passend f\u00fcr folgende STAR-Maschinentypen: ST-20-32-38 SV-12-20-32 \/ ECAS Aenderungen und Irrtuemer in den technischen Daten und Angaben sowie Zwischenverkauf vorbehalten! 1-fold tool holder 16 x 16 mm shank with coolant supply for main spindle 221-01-00 [&hellip;]<\/p>\n","protected":false},"featured_media":2819,"comment_status":"open","ping_status":"closed","template":"","meta":{"_uf_show_specific_survey":0,"_uf_disable_surveys":false},"product_brand":[],"product_cat":[20],"product_tag":[],"class_list":{"0":"post-2821","1":"product","2":"type-product","3":"status-publish","4":"has-post-thumbnail","6":"product_cat-werkzeughalter","8":"first","9":"instock","10":"taxable","11":"shipping-taxable","12":"product-type-simple"},"aioseo_notices":[],"_links":{"self":[{"href":"https:\/\/mueller-wrh.de\/it\/wp-json\/wp\/v2\/product\/2821","targetHints":{"allow":["GET"]}}],"collection":[{"href":"https:\/\/mueller-wrh.de\/it\/wp-json\/wp\/v2\/product"}],"about":[{"href":"https:\/\/mueller-wrh.de\/it\/wp-json\/wp\/v2\/types\/product"}],"replies":[{"embeddable":true,"href":"https:\/\/mueller-wrh.de\/it\/wp-json\/wp\/v2\/comments?post=2821"}],"wp:featuredmedia":[{"embeddable":true,"href":"https:\/\/mueller-wrh.de\/it\/wp-json\/wp\/v2\/media\/2819"}],"wp:attachment":[{"href":"https:\/\/mueller-wrh.de\/it\/wp-json\/wp\/v2\/media?parent=2821"}],"wp:term":[{"taxonomy":"product_brand","embeddable":true,"href":"https:\/\/mueller-wrh.de\/it\/wp-json\/wp\/v2\/product_brand?post=2821"},{"taxonomy":"product_cat","embeddable":true,"href":"https:\/\/mueller-wrh.de\/it\/wp-json\/wp\/v2\/product_cat?post=2821"},{"taxonomy":"product_tag","embeddable":true,"href":"https:\/\/mueller-wrh.de\/it\/wp-json\/wp\/v2\/product_tag?post=2821"}],"curies":[{"name":"wp","href":"https:\/\/api.w.org\/{rel}","templated":true}]}}