{"id":2741,"date":"2025-03-13T16:17:32","date_gmt":"2025-03-13T16:17:32","guid":{"rendered":"https:\/\/mueller-wrh.de\/produkt\/gebr-tsugami-hs2075ax-bj-2012-intnr230381\/"},"modified":"2025-07-14T09:54:40","modified_gmt":"2025-07-14T09:54:40","slug":"gebr-tsugami-hs2075ax-bj-2012-intnr230381","status":"publish","type":"product","link":"https:\/\/mueller-wrh.de\/it\/prodotto\/gebr-tsugami-hs2075ax-bj-2012-intnr230381\/","title":{"rendered":"marca Tsugami HS2075AX, anno 2012 (IntNo230381)"},"content":{"rendered":"<p><b>Posizione:<\/b> Germania, Baden-W\u00fcrttemberg Sud-Ovest<\/p>\n<p><b>Condizioni:<\/b> Usato<\/p>\n<p><b>Produttore:<\/b> TSUGAMI<\/p>\n<p><b>Modello:<\/b> HS2075AX<\/p>\n<p><b>Anno di costruzione:<\/b> 2012<\/p>\n<p>Centro di tornitura\/fresatura CNC a fantina mobile con asse B<br \/>\nOre di funzionamento: 7200<br \/>\nSistema di controllo: Fanuc 31i-A<br \/>\nLunghezza di lavorazione: max. 250 mm<br \/>\nNumero di assi controllati: 7 assi e max. 5 assi contemporaneamente<br \/>\nAsse B: 0\u00b0-130\u00b0 liberamente programmabile<br \/>\nPassaggio dell'asta: da \u00d8 3 mm a \u00d8 20 mm max.<br \/>\nPotenza di azionamento del mandrino principale: 3,7 kW<br \/>\nPotenza di azionamento del contromandrino: 2,2 kW<br \/>\nVelocit\u00e0 del mandrino principale: 10.000 giri\/min<br \/>\nVelocit\u00e0 del contromandrino: 10.000 giri\/min<br \/>\nAsse C: mandrino principale e contromandrino<br \/>\nNumero di supporti lineari: 2 pezzi<br \/>\nNumero totale di utensili: 35 pezzi<br \/>\nDimensioni (LxLxH) in mm: 2.110\u00d71.200\u00d71.885<br \/>\nPeso: 3.300 kg<br \/>\nConversione da tornitura lunga a tornitura corta<br \/>\nStazioni di perforazione profonda<br \/>\nMandrino ad alta velocit\u00e0 NAKANISHI<br \/>\nSlitta posteriore con asse Y<br \/>\nForatura trasversale lato posteriore<br \/>\nTrasportatore di trucioli<br \/>\nSistema di estinzione degli incendi<br \/>\nCaricatore di barre FMB Minimag 20, anno 2012<\/p>\n<p>La macchina pu\u00f2 essere ispezionata sotto tensione previo accordo.<br \/>\nCon riserva di modifiche ed errori nei dati tecnici e nelle informazioni, nonch\u00e9 di vendita anticipata!<\/p>\n<p>Centro di tornitura\/fresatura CNC Swiss-typeands usato con asse B<br \/>\nore di funzionamento: 7200<br \/>\ncontrollo: Fanuc 31i-A<br \/>\nlunghezza di lavorazione: max. 250 mm<br \/>\nNumero di assi controllati: 7 assi e max. 5 assi simultanei<br \/>\nAsse B: 0\u00b0-130\u00b0 liberamente programmabile<br \/>\nCapacit\u00e0 della barra: \u00d8 3 mm fino a max. \u00d8 20 mm<br \/>\npotenza di azionamento del mandrino principale: 3,7 kW<br \/>\npotenza di azionamento del contromandrino: 2,2 kW<br \/>\nvelocit\u00e0 mandrino principale: 10.000 giri\/min<br \/>\nvelocit\u00e0 del contromandrino: 10.000 giri\/min<br \/>\nAsse C: mandrino principale e contromandrino<br \/>\nnumero di supporti lineari: 2 pezzi<br \/>\nNumero totale di utensili: 35 pezzi<br \/>\nDimensioni (LxLxH) in mm: 2.110\u00d71.200\u00d71.885<br \/>\npeso: 3.300 kg<br \/>\nConversione da tornitura lunga a tornitura corta<br \/>\nStazioni di perforazione profonda<br \/>\nMandrino ad alta velocit\u00e0 NAKANISHI<br \/>\nDiapositiva posteriore con asse Y<br \/>\nForatura trasversale lato posteriore<br \/>\nTrasportatore di trucioli<br \/>\nSistema di estinzione degli incendi<br \/>\nAlimentatore di barre FMB Minimag 20, anno 2012<\/p>\n<p>La macchina pu\u00f2 essere ispezionata sotto tensione su appuntamento.<br \/>\nModifiche ed errori nei dati tecnici e nelle informazioni sono soggetti a preventiva vendita!<\/p>","protected":false},"excerpt":{"rendered":"<p>Standort: Deutschland, Baden-W\u00fcrttemberg S\u00fcdwest Zustand: Gebraucht Hersteller: TSUGAMI Modell: HS2075AX Baujahr: 2012 gebr. CNC-Lang-Kurzdreh\/Fr\u00e4szentrum mit B-Achse Betriebsstunden: 7200 Steuerung: Fanuc 31i-A Bearbeitungsl\u00e4nge: max. 250 mm Anzahl gesteuerter Achsen: 7 Achsen und max. 5-Achsen simultan B-Achse: 0\u00b0-130\u00b0 frei programmierbar Stangendurchlass: \u00d8 3 mm bis max. \u00d8 20 mm Antriebsleistung Hauptspindel: 3,7 kW Antriebsleistung Gegenspindel: 2,2 kW [&hellip;]<\/p>\n","protected":false},"featured_media":2732,"comment_status":"open","ping_status":"closed","template":"","meta":{"_uf_show_specific_survey":0,"_uf_disable_surveys":false},"product_brand":[],"product_cat":[23],"product_tag":[],"class_list":{"0":"post-2741","1":"product","2":"type-product","3":"status-publish","4":"has-post-thumbnail","6":"product_cat-cnc-langdrehmaschinen","8":"first","9":"instock","10":"taxable","11":"shipping-taxable","12":"product-type-simple"},"aioseo_notices":[],"_links":{"self":[{"href":"https:\/\/mueller-wrh.de\/it\/wp-json\/wp\/v2\/product\/2741","targetHints":{"allow":["GET"]}}],"collection":[{"href":"https:\/\/mueller-wrh.de\/it\/wp-json\/wp\/v2\/product"}],"about":[{"href":"https:\/\/mueller-wrh.de\/it\/wp-json\/wp\/v2\/types\/product"}],"replies":[{"embeddable":true,"href":"https:\/\/mueller-wrh.de\/it\/wp-json\/wp\/v2\/comments?post=2741"}],"wp:featuredmedia":[{"embeddable":true,"href":"https:\/\/mueller-wrh.de\/it\/wp-json\/wp\/v2\/media\/2732"}],"wp:attachment":[{"href":"https:\/\/mueller-wrh.de\/it\/wp-json\/wp\/v2\/media?parent=2741"}],"wp:term":[{"taxonomy":"product_brand","embeddable":true,"href":"https:\/\/mueller-wrh.de\/it\/wp-json\/wp\/v2\/product_brand?post=2741"},{"taxonomy":"product_cat","embeddable":true,"href":"https:\/\/mueller-wrh.de\/it\/wp-json\/wp\/v2\/product_cat?post=2741"},{"taxonomy":"product_tag","embeddable":true,"href":"https:\/\/mueller-wrh.de\/it\/wp-json\/wp\/v2\/product_tag?post=2741"}],"curies":[{"name":"wp","href":"https:\/\/api.w.org\/{rel}","templated":true}]}}