{"id":266,"date":"2024-11-16T12:31:43","date_gmt":"2024-11-16T12:31:43","guid":{"rendered":"https:\/\/mueller-wrh.de\/widerrufsbelehrung\/"},"modified":"2024-11-17T16:21:31","modified_gmt":"2024-11-17T16:21:31","slug":"widerrufsbelehrung","status":"publish","type":"page","link":"https:\/\/mueller-wrh.de\/it\/widerrufsbelehrung\/","title":{"rendered":"Politica di cancellazione"},"content":{"rendered":"<p>I privati\/consumatori hanno un diritto di cancellazione di quattordici giorni.<\/p>\n\n\n\n<p>Il cliente ha il diritto di recedere dal presente contratto entro quattordici giorni senza fornire alcuna motivazione. Il termine di recesso \u00e8 di quattordici giorni dal giorno in cui voi o un terzo da voi nominato, che non sia il trasportatore, avete preso possesso dell'ultima merce.<\/p>\n\n\n\n<p>Per esercitare il diritto di recesso, \u00e8 necessario informare M\u00fcller Werkzeugmaschinen Robotik &amp; Handelshaus e. K., Turmstr. 1, 72351 Geislingen, telefono: +49 7428 9188869, indirizzo e-mail: Rolf.Mueller@mueller-wrh.de) della vostra decisione di recedere dal presente contratto mediante una dichiarazione inequivocabile (ad esempio, una lettera inviata per posta, fax o e-mail). \u00c8 possibile utilizzare il modulo di recesso allegato, ma non \u00e8 obbligatorio.<\/p>\n\n\n\n<p>Per rispettare il termine di cancellazione, \u00e8 sufficiente che il cliente invii la notifica di esercizio del diritto di cancellazione prima della scadenza del periodo di cancellazione.<\/p>\n\n\n\n<p>Conseguenze della cancellazione<\/p>\n\n\n\n<p>Se Lei recede dal presente contratto, Le rimborseremo tutti i pagamenti da Lei ricevuti, compresi i costi di consegna (ad eccezione dei costi supplementari derivanti dalla Sua scelta di un tipo di consegna diverso dal tipo meno costoso di consegna standard da noi offerto), senza indebito ritardo e in ogni caso non oltre 14 giorni dal giorno in cui siamo informati della Sua decisione di recedere dal presente contratto. Per questo rimborso, utilizzeremo lo stesso mezzo di pagamento che avete utilizzato per la transazione originale, a meno che non sia stato espressamente concordato diversamente con voi; in nessun caso vi saranno addebitate spese per questo rimborso. Potremo trattenere il rimborso finch\u00e9 non avremo ricevuto la merce o finch\u00e9 il cliente non avr\u00e0 fornito la prova di averla restituita, a seconda di quale delle due condizioni si verifichi per prima.<\/p>\n\n\n\n<p>Dovete restituirci o consegnarci la merce immediatamente e comunque entro e non oltre quattordici giorni dal giorno in cui ci avete informato della cancellazione del presente contratto. Il termine \u00e8 rispettato se la merce viene spedita prima della scadenza del periodo di quattordici giorni. I costi diretti della restituzione della merce sono a vostro carico. Il cliente \u00e8 tenuto a pagare l'eventuale perdita di valore della merce solo se tale perdita di valore \u00e8 dovuta a una manipolazione della merce non necessaria per verificarne lo stato, le propriet\u00e0 e la funzionalit\u00e0.<\/p>\n\n\n\n<p>Motivi di esclusione o cancellazione<\/p>\n\n\n\n<p>Il diritto di recesso non si applica ai contratti<\/p>\n\n\n\n<p>- per la consegna di beni prefabbricati e per la cui fabbricazione \u00e8 determinante la scelta o la determinazione individuale da parte del consumatore o che sono chiaramente personalizzati in base alle esigenze personali del consumatore;<\/p>\n\n\n\n<p>Il diritto di recesso si estingue anticipatamente per i contratti<\/p>\n\n\n\n<p>- per la consegna di merci sigillate che non possono essere restituite per motivi di tutela della salute o di igiene, se il sigillo \u00e8 stato rimosso dopo la consegna;<\/p>\n\n\n\n<p>- per la consegna di merci che, a causa della loro natura, sono state mescolate in modo inscindibile con altre merci dopo la consegna;<\/p>\n\n\n\n<p>Esempio di modulo di cancellazione<\/p>\n\n\n\n<p>(Se si desidera annullare il contratto, si prega di compilare e restituire il presente modulo).<\/p>\n\n\n\n<p>- A M\u00fcller Werkzeugmaschinen Robotik &amp; Handelshaus e. K., Turmstr. 1, 72351 Geislingen, telefono: +49 7428 9188869, indirizzo e-mail: Rolf.Mueller@mueller-wrh.de<\/p>\n\n\n\n<p>- Con la presente io\/noi (*) revochiamo il contratto stipulato da me\/noi (*) per l'acquisto dei seguenti beni (*)\/la fornitura del seguente servizio (*)<\/p>\n\n\n\n<p>- Ordinato il (*)\/ricevuto il (*)<\/p>\n\n\n\n<p>- Nome del\/i consumatore\/i<\/p>\n\n\n\n<p>- Indirizzo del\/i consumatore\/i<\/p>\n\n\n\n<p>- Firma del\/i consumatore\/i (solo per la notifica su carta)<\/p>\n\n\n\n<p>- Data (*) Cancellare la dicitura non pertinente.<\/p>","protected":false},"excerpt":{"rendered":"<p>Privatpersonen\/Verbraucher haben ein vierzehnt\u00e4giges Widerrufsrecht. Sie haben das Recht, binnen vierzehn Tagen ohne Angabe von Gr\u00fcnden diesen Vertrag zu widerrufen. Die Widerrufsfrist betr\u00e4gt vierzehn Tage ab dem Tag an dem Sie oder ein von Ihnen benannter Dritter, der nicht der Bef\u00f6rderer ist, die letzte Ware in Besitz genommen haben bzw. hat. Um Ihr Widerrufsrecht auszu\u00fcben, [&hellip;]<\/p>\n","protected":false},"author":1,"featured_media":0,"parent":0,"menu_order":0,"comment_status":"closed","ping_status":"closed","template":"","meta":{"_uf_show_specific_survey":0,"_uf_disable_surveys":false,"footnotes":""},"class_list":["post-266","page","type-page","status-publish","hentry"],"aioseo_notices":[],"_links":{"self":[{"href":"https:\/\/mueller-wrh.de\/it\/wp-json\/wp\/v2\/pages\/266","targetHints":{"allow":["GET"]}}],"collection":[{"href":"https:\/\/mueller-wrh.de\/it\/wp-json\/wp\/v2\/pages"}],"about":[{"href":"https:\/\/mueller-wrh.de\/it\/wp-json\/wp\/v2\/types\/page"}],"author":[{"embeddable":true,"href":"https:\/\/mueller-wrh.de\/it\/wp-json\/wp\/v2\/users\/1"}],"replies":[{"embeddable":true,"href":"https:\/\/mueller-wrh.de\/it\/wp-json\/wp\/v2\/comments?post=266"}],"version-history":[{"count":1,"href":"https:\/\/mueller-wrh.de\/it\/wp-json\/wp\/v2\/pages\/266\/revisions"}],"predecessor-version":[{"id":791,"href":"https:\/\/mueller-wrh.de\/it\/wp-json\/wp\/v2\/pages\/266\/revisions\/791"}],"wp:attachment":[{"href":"https:\/\/mueller-wrh.de\/it\/wp-json\/wp\/v2\/media?parent=266"}],"curies":[{"name":"wp","href":"https:\/\/api.w.org\/{rel}","templated":true}]}}