{"id":265,"date":"2024-11-16T12:31:43","date_gmt":"2024-11-16T12:31:43","guid":{"rendered":"https:\/\/mueller-wrh.de\/agb\/"},"modified":"2024-11-17T12:20:56","modified_gmt":"2024-11-17T12:20:56","slug":"agb","status":"publish","type":"page","link":"https:\/\/mueller-wrh.de\/it\/agb\/","title":{"rendered":"GTC"},"content":{"rendered":"<p>1. AMBITO DI APPLICAZIONE<\/p>\n\n\n\n<p>I seguenti termini e condizioni si applicano a tutti gli ordini effettuati tramite il nostro negozio online da consumatori e imprenditori.<\/p>\n\n\n\n<p>Un consumatore \u00e8 una persona fisica che conclude un negozio giuridico per scopi prevalentemente estranei alla propria attivit\u00e0 commerciale, imprenditoriale o professionale. Un imprenditore \u00e8 una persona fisica o giuridica o una societ\u00e0 di persone con capacit\u00e0 giuridica che, nel concludere un negozio giuridico, agisce nell'esercizio della propria attivit\u00e0 commerciale o professionale.<\/p>\n\n\n\n<p>Per gli imprenditori vale quanto segue: se l'imprenditore utilizza condizioni generali di contratto contrastanti o aggiuntive, la loro validit\u00e0 \u00e8 respinta; esse diventano parte integrante del contratto solo se noi le abbiamo espressamente accettate.<\/p>\n\n\n\n<p>2. PARTNER CONTRATTUALI, STIPULA DEL CONTRATTO, OPZIONI DI CORREZIONE<\/p>\n\n\n\n<p>Con l'inserimento dei prodotti nel negozio online, viene presentata un'offerta vincolante per la stipula di un contratto relativo a tali articoli. Inizialmente potete inserire senza impegno i nostri prodotti nel carrello e correggere le vostre voci in qualsiasi momento prima di inviare l'ordine vincolante, utilizzando gli ausili di correzione messi a disposizione e spiegati a questo scopo nel processo d'ordine. Il contratto \u00e8 concluso quando accettate l'offerta per la merce contenuta nel carrello cliccando sul pulsante \"Ordina\". Subito dopo l'invio dell'ordine, riceverete una nuova conferma via e-mail.<\/p>\n\n\n\n<p>3. LINGUA DEL CONTRATTO, MEMORIZZAZIONE DEL TESTO DEL CONTRATTO<\/p>\n\n\n\n<p>La lingua o le lingue disponibili per la conclusione del contratto: Tedesco<\/p>\n\n\n\n<p>Salviamo il testo del contratto e vi inviamo i dati dell'ordine. \u00c8 possibile visualizzare il testo del contratto e i termini e le condizioni nel nostro login clienti.<\/p>\n\n\n\n<p>4. TERMINI DI CONSEGNA<\/p>\n\n\n\n<p>Le spese di spedizione possono essere aggiunte ai prezzi dei prodotti indicati. Per maggiori informazioni sulle spese di spedizione, consultare le offerte.<\/p>\n\n\n\n<p>5. PAGAMENTO<\/p>\n\n\n\n<p>Nel nostro negozio sono disponibili i seguenti metodi di pagamento:<\/p>\n\n\n\n<p>Pagamento anticipato<\/p>\n\n\n\n<p>Se scegliete di pagare in anticipo, vi invieremo le nostre coordinate bancarie in un'e-mail separata e consegneremo la merce dopo aver ricevuto il pagamento.<\/p>\n\n\n\n<p>Contanti alla consegna<\/p>\n\n\n\n<p>Il prezzo di acquisto viene pagato direttamente al corriere. \u00c8 previsto un costo aggiuntivo di 6,50 euro.<\/p>\n\n\n\n<p>Carta di credito<\/p>\n\n\n\n<p>I dati della carta di credito vengono inseriti al momento dell'ordine. Una volta legittimato il titolare della carta, la transazione di pagamento verr\u00e0 effettuata automaticamente e la carta verr\u00e0 addebitata.<\/p>\n\n\n\n<p>PayPal Plus<\/p>\n\n\n\n<p>Nell'ambito del servizio di pagamento PayPal Plus, vi offriamo diversi metodi di pagamento come servizi PayPal. Verrete reindirizzati al sito web del provider online PayPal. L\u00ec potrete inserire i vostri dati di pagamento, confermare l'utilizzo dei vostri dati da parte di PayPal e le istruzioni di pagamento a PayPal.<\/p>\n\n\n\n<p>Se avete scelto il metodo di pagamento PayPal, per poter pagare l'importo della fattura dovete essere registrati o registrarvi prima e legittimarvi con i vostri dati di accesso. La transazione di pagamento verr\u00e0 effettuata automaticamente da PayPal subito dopo la conferma dell'ordine di pagamento. Riceverete ulteriori istruzioni durante il processo d'ordine.<\/p>\n\n\n\n<p>Google Pay<\/p>\n\n\n\n<p>Per poter pagare l'importo della fattura tramite Google Pay, \u00e8 necessario essere registrati presso il fornitore di servizi Google, aver attivato la funzione Google Pay, legittimarsi con i propri dati di accesso e confermare l'istruzione di pagamento. La transazione di pagamento viene effettuata immediatamente dopo l'ordine. Riceverete ulteriori istruzioni durante il processo di ordinazione.<\/p>\n\n\n\n<p>Amazon Pay<\/p>\n\n\n\n<p>Durante il processo d'ordine, prima di completare il processo d'ordine nel nostro negozio online, sarete reindirizzati al sito web del fornitore online Amazon. Per completare il processo di ordinazione e pagare l'importo della fattura tramite Amazon, \u00e8 necessario essere registrati o registrarsi e legittimarsi con i propri dati di accesso. L\u00ec potrete selezionare l'indirizzo di consegna e la modalit\u00e0 di pagamento memorizzata presso Amazon, confermare l'utilizzo dei vostri dati da parte di Amazon e l'istruzione di pagamento a noi. Verrete quindi reindirizzati al nostro negozio online, dove potrete completare la procedura d'ordine. Subito dopo aver effettuato l'ordine, chiederemo ad Amazon di avviare la transazione di pagamento. La transazione di pagamento viene eseguita automaticamente da Amazon. Riceverete ulteriori istruzioni durante il processo di ordinazione.<\/p>\n\n\n\n<p>6. DIRITTO DI RECESSO<\/p>\n\n\n\n<p>I consumatori hanno diritto al diritto di cancellazione previsto dalla legge, come descritto nella politica di cancellazione. Agli imprenditori non \u00e8 concesso il diritto di cancellazione volontaria.<\/p>\n\n\n\n<p>7. RISERVA DI PROPRIET\u00c0<\/p>\n\n\n\n<p>La merce rimane di nostra propriet\u00e0 fino al ricevimento del pagamento completo.<\/p>\n\n\n\n<p>Per gli imprenditori vale anche quanto segue: ci riserviamo la propriet\u00e0 della merce fino alla completa liquidazione di tutti i crediti derivanti da un rapporto commerciale in corso. Potete rivendere la merce soggetta a riserva di propriet\u00e0 nell'ambito della normale attivit\u00e0 commerciale; ci cedete anticipatamente tutti i crediti derivanti da tale rivendita - indipendentemente da qualsiasi combinazione o commistione della merce soggetta a riserva di propriet\u00e0 con un nuovo articolo - per l'importo della fattura e noi accettiamo tale cessione. Il cliente rimane autorizzato a riscuotere i crediti, ma possiamo anche riscuotere noi stessi i crediti se il cliente non rispetta i suoi obblighi di pagamento.<\/p>\n\n\n\n<p>8. DANNI DA TRASPORTO<\/p>\n\n\n\n<p>Per i consumatori vale quanto segue: se la merce viene consegnata con evidenti danni dovuti al trasporto, si prega di reclamare tali difetti al pi\u00f9 presto al corriere e di contattarci immediatamente. La mancata presentazione di un reclamo o il mancato contatto con noi non ha alcuna conseguenza sui vostri diritti legali e sulla loro applicazione, in particolare sui vostri diritti di garanzia. Tuttavia, ci aiuterete a far valere i nostri diritti nei confronti del trasportatore o della compagnia di assicurazione del trasporto.<\/p>\n\n\n\n<p>Agli imprenditori si applica quanto segue: il rischio di perdita accidentale e di deterioramento accidentale passa a voi non appena abbiamo consegnato la merce allo spedizioniere, al vettore o ad altra persona o istituzione designata per effettuare la spedizione. Ai commercianti si applica l'obbligo di ispezione e di notifica dei difetti di cui al \u00a7 377 HGB. Se non ci comunicate quanto previsto, la merce si considera approvata, a meno che il difetto non sia stato riconoscibile durante l'ispezione. Ci\u00f2 non si applica se abbiamo occultato fraudolentemente un difetto.<\/p>\n\n\n\n<p>9. GARANZIA E GARANZIE<\/p>\n\n\n\n<p>Se non espressamente concordato diversamente di seguito, si applica la responsabilit\u00e0 legale per i difetti.<\/p>\n\n\n\n<p>Per l'acquisto di beni usati da parte dei consumatori vale quanto segue: se il difetto si verifica dopo la scadenza di un anno dalla consegna della merce, i reclami per difetti sono esclusi. I difetti che si verificano entro un anno dalla consegna della merce possono essere rivendicati entro il termine di prescrizione legale di due anni dalla consegna della merce.<\/p>\n\n\n\n<p>Per gli imprenditori, il periodo di prescrizione dei diritti di garanzia per i beni di nuova produzione \u00e8 di un anno dal trasferimento del rischio. La vendita di beni usati \u00e8 soggetta all'esclusione di qualsiasi garanzia. I termini di prescrizione previsti dalla legge per il diritto di rivalsa ai sensi del \u00a7 445a BGB rimangono inalterati.<\/p>\n\n\n\n<p>In relazione agli imprenditori, solo le nostre informazioni e le descrizioni dei prodotti del produttore incluse nel contratto sono considerate un accordo sulla qualit\u00e0 della merce; non ci assumiamo alcuna responsabilit\u00e0 per le dichiarazioni pubbliche del produttore o per altre dichiarazioni pubblicitarie.<\/p>\n\n\n\n<p>Se l'articolo consegnato \u00e8 difettoso, in un primo momento forniremo una garanzia agli imprenditori a nostra discrezione, eliminando il difetto (rettifica) o consegnando un articolo privo di difetti (consegna sostitutiva).<\/p>\n\n\n\n<p>Le limitazioni e le riduzioni dei termini di cui sopra non si applicano alle richieste di risarcimento basate su danni causati da noi, dai nostri rappresentanti legali o da agenti ausiliari.<\/p>\n\n\n\n<p>- in caso di lesioni alla vita, all'incolumit\u00e0 fisica o alla salute<\/p>\n\n\n\n<p>- in caso di violazione dolosa o gravemente colposa del dovere e di intento fraudolento<\/p>\n\n\n\n<p>- in caso di violazione di obblighi contrattuali essenziali, il cui adempimento \u00e8 fondamentale per la corretta esecuzione del contratto e sulla cui osservanza il partner contrattuale pu\u00f2 regolarmente fare affidamento (obblighi cardinali)<\/p>\n\n\n\n<p>- nell'ambito di una promessa di garanzia, se concordata, oppure<\/p>\n\n\n\n<p>- nella misura in cui si apre il campo di applicazione della legge sulla responsabilit\u00e0 per danno da prodotti.<\/p>\n\n\n\n<p>Le informazioni su eventuali garanzie aggiuntive e sulle loro condizioni esatte sono disponibili con il prodotto e nelle pagine informative speciali del negozio online.<\/p>\n\n\n\n<p>10. RESPONSABILIT\u00c0<\/p>\n\n\n\n<p>Siamo sempre responsabili senza limitazioni per le richieste di risarcimento basate su danni causati da noi, dai nostri rappresentanti legali o da agenti ausiliari.<\/p>\n\n\n\n<p>- in caso di lesioni alla vita, all'incolumit\u00e0 fisica o alla salute<\/p>\n\n\n\n<p>- in caso di violazione dolosa o gravemente colposa del dovere<\/p>\n\n\n\n<p>- per le promesse di garanzia, se concordate, o<\/p>\n\n\n\n<p>- nella misura in cui si apre il campo di applicazione della legge sulla responsabilit\u00e0 per danno da prodotti.<\/p>\n\n\n\n<p>In caso di violazione di obblighi contrattuali essenziali, il cui adempimento \u00e8 indispensabile per la corretta esecuzione del contratto e sulla cui osservanza il partner contrattuale pu\u00f2 regolarmente fare affidamento (obblighi cardinali) a causa di una lieve negligenza da parte nostra, dei nostri rappresentanti legali o dei nostri ausiliari, l'importo della responsabilit\u00e0 sar\u00e0 limitato al danno prevedibile al momento della stipula del contratto, il cui verificarsi deve essere tipicamente previsto.<\/p>\n\n\n\n<p>In caso contrario, le richieste di risarcimento danni sono escluse.<\/p>\n\n\n\n<p>11. RISOLUZIONE DELLE CONTROVERSIE<\/p>\n\n\n\n<p>La Commissione europea mette a disposizione una piattaforma per la risoluzione delle controversie online (OS), che potete trovare qui. Non siamo obbligati o disposti a partecipare a una procedura di risoluzione delle controversie davanti a un collegio arbitrale dei consumatori.<\/p>\n\n\n\n<p>12. PROTEZIONE DEI MINORI<\/p>\n\n\n\n<p>Se il vostro ordine comprende merce la cui vendita \u00e8 soggetta a restrizioni di et\u00e0, utilizziamo una procedura affidabile che prevede un controllo dell'identit\u00e0 personale e dell'et\u00e0 per garantire che il cliente abbia raggiunto l'et\u00e0 minima richiesta. Lo spedizioniere consegner\u00e0 la merce solo dopo aver effettuato il controllo dell'et\u00e0 e solo al cliente in persona.<\/p>\n\n\n\n<p>13. GENERALE<\/p>\n\n\n\n<p>L'aspetto dei prodotti pu\u00f2 differire dalle foto mostrate.&nbsp;<\/p>\n\n\n\n<p>14. DISPOSIZIONI FINALI<\/p>\n\n\n\n<p>Se siete un imprenditore, si applica il diritto tedesco con l'esclusione della Convenzione delle Nazioni Unite sui contratti di vendita internazionale di beni.<\/p>","protected":false},"excerpt":{"rendered":"<p>1. GELTUNGSBEREICH F\u00fcr alle Bestellungen \u00fcber unseren Online-Shop durch Verbraucher und Unternehmer gelten die nachfolgenden AGB. Verbraucher ist jede nat\u00fcrliche Person, die ein Rechtsgesch\u00e4ft zu Zwecken abschlie\u00dft, die \u00fcberwiegend weder ihrer gewerblichen noch ihrer selbst\u00e4ndigen beruflichen T\u00e4tigkeit zugerechnet werden k\u00f6nnen. Unternehmer ist eine nat\u00fcrliche oder juristische Person oder eine rechtsf\u00e4hige Personengesellschaft, die bei Abschluss eines [&hellip;]<\/p>\n","protected":false},"author":1,"featured_media":0,"parent":0,"menu_order":0,"comment_status":"closed","ping_status":"closed","template":"","meta":{"_uf_show_specific_survey":0,"_uf_disable_surveys":false,"footnotes":""},"class_list":["post-265","page","type-page","status-publish","hentry"],"aioseo_notices":[],"_links":{"self":[{"href":"https:\/\/mueller-wrh.de\/it\/wp-json\/wp\/v2\/pages\/265","targetHints":{"allow":["GET"]}}],"collection":[{"href":"https:\/\/mueller-wrh.de\/it\/wp-json\/wp\/v2\/pages"}],"about":[{"href":"https:\/\/mueller-wrh.de\/it\/wp-json\/wp\/v2\/types\/page"}],"author":[{"embeddable":true,"href":"https:\/\/mueller-wrh.de\/it\/wp-json\/wp\/v2\/users\/1"}],"replies":[{"embeddable":true,"href":"https:\/\/mueller-wrh.de\/it\/wp-json\/wp\/v2\/comments?post=265"}],"version-history":[{"count":1,"href":"https:\/\/mueller-wrh.de\/it\/wp-json\/wp\/v2\/pages\/265\/revisions"}],"predecessor-version":[{"id":738,"href":"https:\/\/mueller-wrh.de\/it\/wp-json\/wp\/v2\/pages\/265\/revisions\/738"}],"wp:attachment":[{"href":"https:\/\/mueller-wrh.de\/it\/wp-json\/wp\/v2\/media?parent=265"}],"curies":[{"name":"wp","href":"https:\/\/api.w.org\/{rel}","templated":true}]}}