{"id":263,"date":"2024-11-16T12:31:43","date_gmt":"2024-11-16T12:31:43","guid":{"rendered":"https:\/\/mueller-wrh.de\/impressum\/"},"modified":"2025-09-05T11:53:03","modified_gmt":"2025-09-05T11:53:03","slug":"impressum","status":"publish","type":"page","link":"https:\/\/mueller-wrh.de\/it\/impressum\/","title":{"rendered":"Impronta"},"content":{"rendered":"<p>Informazioni ai sensi del \u00a7 5 TMG<\/p>\n<p>M\u00fcller Werkzeugmaschinen Robotik &amp; Handelshaus e.K.<\/p>\n<p>Ufficio:<\/p>\n<p>Turmstrasse 1<\/p>\n<p>72351 Geislingen<\/p>\n<p>Cuscinetto:<\/p>\n<p>Sull'Hub 10<\/p>\n<p>76307 Karlsbad<\/p>\n<p>Partita IVA: DE194044973<\/p>\n<p>Contatto:<\/p>\n<p>Telefono: <a href=\"tel:+49 (0) 7428 9188869\">+49 (0) 7428 9188869<\/a><\/p>\n<p>Mobile: <a href=\"tel:+49 (0) 151 61553657\">+49 (0) 151 61553657<\/a><\/p>\n<p>E-mail: office@mueller-wrh.de<\/p>\n<p>Iscrizione al registro delle imprese:<\/p>\n<p>Tribunale di Stoccarda Tribunale di Stoccarda<\/p>\n<p>Registro commerciale: HRA 737211<\/p>\n<p>Responsabile del contenuto ai sensi del \u00a7 55 Abs. 2 RStV<\/p>\n<p>Rolf M\u00fcller<\/p>\n<p>Turmstrasse 1<\/p>\n<p>72351 Geislingen<\/p>\n<p>Risoluzione delle controversie<\/p>\n<p>La Commissione europea mette a disposizione una piattaforma per la risoluzione delle controversie online (OS): https:\/\/ec.europa.eu\/consumers\/odr.<\/p>\n<p>Il nostro indirizzo e-mail \u00e8 riportato nella nota legale di cui sopra.<\/p>\n<p>Non siamo disposti o obbligati a partecipare a procedure di risoluzione delle controversie davanti a un collegio arbitrale dei consumatori.<\/p>\n<p>Responsabilit\u00e0 per i contenuti<\/p>\n<p>In qualit\u00e0 di fornitore di servizi, siamo responsabili dei nostri contenuti su queste pagine, ai sensi dell'articolo 7 (1) TMG (legge tedesca sui media telematici) e della legislazione generale. Ai sensi dei \u00a7\u00a7 8-10 TMG, tuttavia, in qualit\u00e0 di fornitore di servizi non siamo obbligati a monitorare le informazioni trasmesse o memorizzate da terzi o a indagare su circostanze che indicano un'attivit\u00e0 illegale.<\/p>\n<p>L'obbligo di rimuovere o bloccare l'uso delle informazioni in conformit\u00e0 alla legislazione generale rimane inalterato. Tuttavia, la responsabilit\u00e0 in questo senso \u00e8 possibile solo dal momento in cui veniamo a conoscenza di una specifica violazione. Non appena verremo a conoscenza di tali violazioni, provvederemo a rimuovere immediatamente tali contenuti.<\/p>\n<p>Responsabilit\u00e0 per i link<\/p>\n<p>Il nostro sito web contiene link a siti esterni di terzi sui cui contenuti non abbiamo alcuna influenza. Pertanto, non ci assumiamo alcuna responsabilit\u00e0 per questi contenuti di terzi. Il rispettivo fornitore o gestore delle pagine \u00e8 sempre responsabile del contenuto delle pagine collegate. Le pagine collegate sono state controllate per verificare eventuali violazioni di legge al momento del collegamento. I contenuti illegali non erano riconoscibili al momento del collegamento.<\/p>\n<p>Tuttavia, il monitoraggio permanente del contenuto delle pagine collegate non \u00e8 ragionevole senza prove concrete di una violazione. Se veniamo a conoscenza di violazioni legali, rimuoveremo immediatamente tali link.<\/p>\n<p>Copyright<\/p>\n<p>I contenuti e le opere create dagli operatori del sito su queste pagine sono soggetti alla legge tedesca sul diritto d'autore. La duplicazione, l'elaborazione, la distribuzione e qualsiasi tipo di utilizzo al di fuori dei limiti della legge sul copyright richiedono il consenso scritto del rispettivo autore o creatore. Download e copie di questo sito sono consentiti solo per uso privato e non commerciale.<\/p>\n<p>Nella misura in cui i contenuti di questo sito non sono stati creati dal gestore, vengono rispettati i diritti d'autore di terzi. In particolare, i contenuti di terzi sono contrassegnati come tali. Se tuttavia doveste venire a conoscenza di una violazione del copyright, vi preghiamo di informarci. Qualora venissimo a conoscenza di violazioni, provvederemo a rimuovere immediatamente tali contenuti.<\/p>","protected":false},"excerpt":{"rendered":"<p>Angaben gem\u00e4\u00df \u00a7 5 TMG M\u00fcller Werkzeugmaschinen Robotik &amp; Handelshaus e.K. Office: Turmstra\u00dfe 1 72351 Geislingen Lager: Auf der Hub 10 76307 Karlsbad Ust.-Id-Nr.: DE194044973 Kontakt: Telefon: +49 (0) 7428 9188869 Mobilt.: +49 (0) 151 61553657 E-Mail: office@mueller-wrh.de Handelsregistereintrag: Registergericht Amtsgericht Stuttgart Handelsregister: HRA 737211 Verantwortlich f\u00fcr den Inhalt nach \u00a7 55 Abs. 2 RStV [&hellip;]<\/p>\n","protected":false},"author":1,"featured_media":0,"parent":0,"menu_order":0,"comment_status":"closed","ping_status":"closed","template":"","meta":{"_uf_show_specific_survey":0,"_uf_disable_surveys":false,"footnotes":""},"class_list":["post-263","page","type-page","status-publish","hentry"],"aioseo_notices":[],"_links":{"self":[{"href":"https:\/\/mueller-wrh.de\/it\/wp-json\/wp\/v2\/pages\/263","targetHints":{"allow":["GET"]}}],"collection":[{"href":"https:\/\/mueller-wrh.de\/it\/wp-json\/wp\/v2\/pages"}],"about":[{"href":"https:\/\/mueller-wrh.de\/it\/wp-json\/wp\/v2\/types\/page"}],"author":[{"embeddable":true,"href":"https:\/\/mueller-wrh.de\/it\/wp-json\/wp\/v2\/users\/1"}],"replies":[{"embeddable":true,"href":"https:\/\/mueller-wrh.de\/it\/wp-json\/wp\/v2\/comments?post=263"}],"version-history":[{"count":3,"href":"https:\/\/mueller-wrh.de\/it\/wp-json\/wp\/v2\/pages\/263\/revisions"}],"predecessor-version":[{"id":3923,"href":"https:\/\/mueller-wrh.de\/it\/wp-json\/wp\/v2\/pages\/263\/revisions\/3923"}],"wp:attachment":[{"href":"https:\/\/mueller-wrh.de\/it\/wp-json\/wp\/v2\/media?parent=263"}],"curies":[{"name":"wp","href":"https:\/\/api.w.org\/{rel}","templated":true}]}}