{"id":5594,"date":"2026-05-13T14:40:55","date_gmt":"2026-05-13T14:40:55","guid":{"rendered":"https:\/\/mueller-wrh.de\/produkt\/citizen-miyano-bne-65myy-bj-2023_-intnr231583\/"},"modified":"2026-05-13T14:40:55","modified_gmt":"2026-05-13T14:40:55","slug":"citizen-miyano-bne-65myy-bj-2023_-intnr231583","status":"publish","type":"product","link":"https:\/\/mueller-wrh.de\/fr\/produit\/citizen-miyano-bne-65myy-bj-2023_-intnr231583\/","title":{"rendered":"Citizen Miyano BNE-65MYY, Bj. 2023_ IntNr231583"},"content":{"rendered":"<p><b>Emplacement :<\/b> Allemagne, Baden-W\u00fcrttemberg S\u00fcdwest<\/p>\n<p><b>\u00e9tat :<\/b> Occasion<\/p>\n<p><b>fabricant :<\/b> Miyano<\/p>\n<p><b>mod\u00e8le :<\/b> BNE-65 MYY<\/p>\n<p><b>Ann\u00e9e de construction :<\/b> 2023<\/p>\n<p>CNC-Kurzdrehautomat \u2013 Citizen Miyano BNE-65 MYY<br \/>\n\u00c9tat : tr\u00e8s bon, pr\u00eat \u00e0 l'emploi<br \/>\nDisponibilit\u00e9 : A court terme<\/p>\n<p>Technische Kurzbeschreibung<\/p>\n<p>Fabrikat: Miyano<br \/>\nTyp: BNE 65 MYY<br \/>\nAnn\u00e9e de construction : 2023<br \/>\nSteuerung: Mitsubishi M800<\/p>\n<p>\u00c9quipement :<\/p>\n<p>Broche principale et contre-broche<br \/>\n2- Y-Achse<br \/>\nOutils entra\u00een\u00e9s<br \/>\nMehrkanalsteuerung<br \/>\nConvoyeur \u00e0 copeaux<br \/>\nStangenlader <\/p>\n<p>Course de d\u00e9placement :<\/p>\n<p>X-Achse: ca. 260 mm<br \/>\nY-Achse: ca. \u00b150 mm<br \/>\nZ-Achse: ca. 800 mm<\/p>\n<p>Drehzahlen &amp; Leistungen:<\/p>\n<p>Hauptspindel: bis ca. 5.000 U\/min, ca. 15\u201318 kW<br \/>\nGegenspindel: bis ca. 5.000 U\/min, ca. 11\u201315 kW<br \/>\nAngetriebene Werkzeuge: bis ca. 6.000 U\/min, ca. 3\u20135 kW<\/p>\n<p>Machine enti\u00e8rement fonctionnelle \u00e9lectriquement et m\u00e9caniquement<br \/>\nDocumentation technique compl\u00e8te disponible<\/p>\n<p>La machine peut \u00eatre visit\u00e9e sous tension sur rendez-vous.<br \/>\nSous r\u00e9serve de modifications et d'erreurs dans les donn\u00e9es techniques et les indications ainsi que de vente interm\u00e9diaire !<\/p>\n<p>CNC Sliding Head Lathe \u2013 Miyano BNE-65 MYY<br \/>\nCondition: Very good, fully operational<br \/>\nAvailability: Short-term<\/p>\n<p>Technical Description<\/p>\n<p>Make: Miyano<br \/>\nModel: BNE 65 MYY<br \/>\nAnn\u00e9e de fabrication : 2023<br \/>\nControl system: Mitsubishi M800<\/p>\n<p>\u00c9quipement :<br \/>\nMain spindle and sub spindle<br \/>\n2 Y-axes (Y1 &amp; Y2)<br \/>\nOutils de pilotage<br \/>\nMulti-channel control<br \/>\nConvoyeur \u00e0 puce<br \/>\nBar feeder interface<br \/>\nDistances de voyage :<br \/>\nX-axis: approx. 260 mm<br \/>\nY-axis: approx. \u00b150 mm<br \/>\nZ-axis: approx. 800 mm<br \/>\nSpindle speeds &amp; power:<br \/>\nMain spindle: up to approx. 5,000 rpm, approx. 15\u201318 kW<br \/>\nSub spindle: up to approx. 5,000 rpm, approx. 11\u201315 kW<br \/>\nDriven tools: up to approx. 6,000 rpm, approx. 3\u20135 kW<\/p>\n<p>The machine is fully mechanically and electrically operational.<br \/>\nComplete technical documentation is available.<\/p>\n<p>La machine peut \u00eatre inspect\u00e9e sous tension sur rendez-vous.<\/p>\n<p>Subject to prior sale, errors, and changes in technical data and specifications.<\/p>","protected":false},"excerpt":{"rendered":"<p>Standort: Deutschland, Baden-W\u00fcrttemberg S\u00fcdwest Zustand: Gebraucht Hersteller: Miyano Modell: BNE-65 MYY Baujahr: 2023 CNC-Kurzdrehautomat \u2013 Citizen Miyano BNE-65 MYY Zustand: Sehr gut, betriebsbereit Verf\u00fcgbarkeit: Kurzfristig Technische Kurzbeschreibung Fabrikat: Miyano Typ: BNE 65 MYY Baujahr: 2023 Steuerung: Mitsubishi M800 Ausstattung: Haupt- und Gegenspindel 2- Y-Achse Angetriebene Werkzeuge Mehrkanalsteuerung Sp\u00e4nef\u00f6rderer Stangenlader Verfahrwege: X-Achse: ca. 260 mm Y-Achse: [&hellip;]<\/p>\n","protected":false},"featured_media":5587,"comment_status":"open","ping_status":"closed","template":"","meta":{"_uf_show_specific_survey":0,"_uf_disable_surveys":false},"product_brand":[],"product_cat":[89],"product_tag":[],"class_list":{"0":"post-5594","1":"product","2":"type-product","3":"status-publish","4":"has-post-thumbnail","6":"product_cat-cnc-kurzdrehmaschinen","8":"first","9":"instock","10":"taxable","11":"shipping-taxable","12":"product-type-simple"},"aioseo_notices":[],"_links":{"self":[{"href":"https:\/\/mueller-wrh.de\/fr\/wp-json\/wp\/v2\/product\/5594","targetHints":{"allow":["GET"]}}],"collection":[{"href":"https:\/\/mueller-wrh.de\/fr\/wp-json\/wp\/v2\/product"}],"about":[{"href":"https:\/\/mueller-wrh.de\/fr\/wp-json\/wp\/v2\/types\/product"}],"replies":[{"embeddable":true,"href":"https:\/\/mueller-wrh.de\/fr\/wp-json\/wp\/v2\/comments?post=5594"}],"wp:featuredmedia":[{"embeddable":true,"href":"https:\/\/mueller-wrh.de\/fr\/wp-json\/wp\/v2\/media\/5587"}],"wp:attachment":[{"href":"https:\/\/mueller-wrh.de\/fr\/wp-json\/wp\/v2\/media?parent=5594"}],"wp:term":[{"taxonomy":"product_brand","embeddable":true,"href":"https:\/\/mueller-wrh.de\/fr\/wp-json\/wp\/v2\/product_brand?post=5594"},{"taxonomy":"product_cat","embeddable":true,"href":"https:\/\/mueller-wrh.de\/fr\/wp-json\/wp\/v2\/product_cat?post=5594"},{"taxonomy":"product_tag","embeddable":true,"href":"https:\/\/mueller-wrh.de\/fr\/wp-json\/wp\/v2\/product_tag?post=5594"}],"curies":[{"name":"wp","href":"https:\/\/api.w.org\/{rel}","templated":true}]}}