{"id":5461,"date":"2026-04-28T15:55:06","date_gmt":"2026-04-28T15:55:06","guid":{"rendered":"https:\/\/mueller-wrh.de\/produkt\/cnc-dn-solutions-doosan-leo-1600-bj-23_-intnr231501\/"},"modified":"2026-04-28T15:55:06","modified_gmt":"2026-04-28T15:55:06","slug":"cnc-dn-solutions-doosan-leo-1600-bj-23_-intnr231501","status":"publish","type":"product","link":"https:\/\/mueller-wrh.de\/fr\/produit\/cnc-dn-solutions-doosan-leo-1600-bj-23_-intnr231501\/","title":{"rendered":"CNC DN Solutions Doosan LEO 1600, ann\u00e9e `23_ IntNr231501"},"content":{"rendered":"<p><b>Emplacement :<\/b> Allemagne, Baden-W\u00fcrttemberg S\u00fcdwest<\/p>\n<p><b>\u00e9tat :<\/b> Occasion<\/p>\n<p><b>fabricant :<\/b> DOOSAN-PUMA<\/p>\n<p><b>mod\u00e8le :<\/b> LEO 1600<\/p>\n<p><b>Ann\u00e9e de construction :<\/b> 2023<\/p>\n<p>Tour CNC - DN Solutions (Doosan) LEO 1600<br \/>\nAnn\u00e9e de construction : 2023<\/p>\n<p>\u00c9quipement \/ Points forts<br \/>\nTour horizontal CNC<br \/>\nBroche principale puissante<br \/>\nConstruction robuste de la machine pour une grande pr\u00e9cision dimensionnelle<br \/>\nTourelle porte-outils avec indexation rapide<br \/>\nConstruction compacte, faible encombrement<br \/>\nCommande CNC conviviale<br \/>\nHaute fiabilit\u00e9 et faible entretien<\/p>\n<p>Donn\u00e9es techniques<br \/>\nLongueur max. Diam\u00e8tre de rotation : env. 300 mm<br \/>\nLongueur max. Longueur de tournage : env. 300 mm<br \/>\nAl\u00e9sage de la broche : env. \u00d8 52 mm<br \/>\nVitesse de rotation de la broche principale : jusqu'\u00e0 environ 4.500 tr\/min<br \/>\nTourelle porte-outils : 12 stations<br \/>\nCommande : FANUC CNC<br \/>\nPoids de la machine : env. 2 200 kg<\/p>\n<p>Machine enti\u00e8rement fonctionnelle \u00e9lectriquement et m\u00e9caniquement<br \/>\nDocumentation technique compl\u00e8te disponible<\/p>\n<p>La machine peut \u00eatre visit\u00e9e sur rendez-vous.<br \/>\nSous r\u00e9serve de modifications et d'erreurs dans les donn\u00e9es techniques et les indications ainsi que de vente interm\u00e9diaire !<\/p>\n<p>Latte CNC - DN Solutions (Doosan) LEO 1600<br \/>\nAnn\u00e9e de fabrication : 2023<\/p>\n<p>Caract\u00e9ristiques\/points forts<br \/>\nLisse horizontale CNC<br \/>\nBroche principale puissante<br \/>\nConstruction robuste de la machine pour une pr\u00e9cision dimensionnelle \u00e9lev\u00e9e<br \/>\nTool turret avec indexation rapide<br \/>\nDesign compact, faible encombrement<br \/>\nContr\u00f4le CNC convivial<br \/>\nHaute fiabilit\u00e9 et faible maintenance<\/p>\n<p>Donn\u00e9es techniques<br \/>\nDiam\u00e8tre maxi \u00e0 tourner : environ 300 mm<br \/>\nLongueur max. de rotation : env. 300 mm<br \/>\nDiam\u00e8tre de la broche : env. \u00d8 52 mm<br \/>\nVitesse de la broche principale : jusqu'\u00e0 environ 4,500 rpm<br \/>\nTool turret : 12 stations<br \/>\nContr\u00f4le : FANUC CNC<br \/>\nPoids de la machine : env. 2,200 kg<\/p>\n<p>Machine enti\u00e8rement fonctionnelle, tant \u00e9lectriquement que m\u00e9caniquement<br \/>\nDocumentation technique compl\u00e8te disponible<\/p>\n<p>La machine peut \u00eatre visit\u00e9e sur rendez-vous.<br \/>\nSous r\u00e9serve de modifications et d'erreurs dans les donn\u00e9es techniques et les sp\u00e9cifications, ainsi que de vente pr\u00e9alable !<\/p>","protected":false},"excerpt":{"rendered":"<p>Standort: Deutschland, Baden-W\u00fcrttemberg S\u00fcdwest Zustand: Gebraucht Hersteller: DOOSAN-PUMA Modell: LEO 1600 Baujahr: 2023 CNC-Drehmaschine \u2013 DN Solutions (Doosan) LEO 1600 Baujahr: 2023 Ausstattung \/ Highlights Horizontale CNC-Drehmaschine Leistungsstarke Hauptspindel Robuste Maschinenkonstruktion f\u00fcr hohe Ma\u00dfhaltigkeit Werkzeugrevolver mit schneller Indexierung Kompakte Bauweise, geringer Platzbedarf Bedienerfreundliche CNC-Steuerung Hohe Zuverl\u00e4ssigkeit und geringer Wartungsaufwand Technische Daten Max. Drehdurchmesser: ca. 300 [&hellip;]<\/p>\n","protected":false},"featured_media":5456,"comment_status":"open","ping_status":"closed","template":"","meta":{"_uf_show_specific_survey":0,"_uf_disable_surveys":false},"product_brand":[],"product_cat":[89],"product_tag":[],"class_list":{"0":"post-5461","1":"product","2":"type-product","3":"status-publish","4":"has-post-thumbnail","6":"product_cat-cnc-kurzdrehmaschinen","8":"first","9":"instock","10":"taxable","11":"shipping-taxable","12":"product-type-simple"},"aioseo_notices":[],"_links":{"self":[{"href":"https:\/\/mueller-wrh.de\/fr\/wp-json\/wp\/v2\/product\/5461","targetHints":{"allow":["GET"]}}],"collection":[{"href":"https:\/\/mueller-wrh.de\/fr\/wp-json\/wp\/v2\/product"}],"about":[{"href":"https:\/\/mueller-wrh.de\/fr\/wp-json\/wp\/v2\/types\/product"}],"replies":[{"embeddable":true,"href":"https:\/\/mueller-wrh.de\/fr\/wp-json\/wp\/v2\/comments?post=5461"}],"wp:featuredmedia":[{"embeddable":true,"href":"https:\/\/mueller-wrh.de\/fr\/wp-json\/wp\/v2\/media\/5456"}],"wp:attachment":[{"href":"https:\/\/mueller-wrh.de\/fr\/wp-json\/wp\/v2\/media?parent=5461"}],"wp:term":[{"taxonomy":"product_brand","embeddable":true,"href":"https:\/\/mueller-wrh.de\/fr\/wp-json\/wp\/v2\/product_brand?post=5461"},{"taxonomy":"product_cat","embeddable":true,"href":"https:\/\/mueller-wrh.de\/fr\/wp-json\/wp\/v2\/product_cat?post=5461"},{"taxonomy":"product_tag","embeddable":true,"href":"https:\/\/mueller-wrh.de\/fr\/wp-json\/wp\/v2\/product_tag?post=5461"}],"curies":[{"name":"wp","href":"https:\/\/api.w.org\/{rel}","templated":true}]}}