{"id":5415,"date":"2026-04-21T19:41:02","date_gmt":"2026-04-21T19:41:02","guid":{"rendered":"https:\/\/mueller-wrh.de\/produkt\/tornos-r10-bj-87-mit-lademagazin-barboy-typ-29-aa-1_-intnr231511\/"},"modified":"2026-04-21T19:41:02","modified_gmt":"2026-04-21T19:41:02","slug":"tornos-r10-bj-87-mit-lademagazin-barboy-typ-29-aa-1_-intnr231511","status":"publish","type":"product","link":"https:\/\/mueller-wrh.de\/fr\/produit\/tornos-r10-bj-87-mit-lademagazin-barboy-typ-29-aa-1_-intnr231511\/","title":{"rendered":"TORNOS R10 Ann\u00e9e `87 avec chargeur Barboy type 29-AA-1_ IntNr231511"},"content":{"rendered":"<p><b>Emplacement :<\/b> Allemagne, Baden-W\u00fcrttemberg S\u00fcdwest<\/p>\n<p><b>\u00e9tat :<\/b> Occasion<\/p>\n<p><b>fabricant :<\/b> Tornos<\/p>\n<p><b>mod\u00e8le :<\/b> R10<\/p>\n<p><b>Ann\u00e9e de construction :<\/b> 1987<\/p>\n<p>\u00c0 vendre, un d\u00e9colleteuse d'occasion TORNOS R10, ann\u00e9e de fabrication 1987, \u00e9quip\u00e9 d'un chargeur de barres BARBOY type 29-AA-1. <\/p>\n<p>Donn\u00e9es techniques TORNOS R10 :<br \/>\nType de machine : Tour \u00e0 poup\u00e9es mobiles<br \/>\nDiam\u00e8tre max. du mat\u00e9riau : 10 mm<br \/>\nAl\u00e9sage de la broche : 13 mm<br \/>\nMax. diam\u00e8tre de filetage : M8<br \/>\nLongueur max. de tirage avec came plate : 70 mm<br \/>\nLongueur de d\u00e9filement max. avec courbe de cloche\u00a0: 100\u00a0mm<br \/>\nNombre de burins rotatifs : 5<br \/>\nVitesse de rotation de la broche : 20 paliers de 1 050 \u00e0 8 000 tr\/min<br \/>\nConnexion \u00e9lectrique : 50 Hz \/ 3 x 380 V<br \/>\nPoids de la machine : environ 860 kg<br \/>\nDimensions : env. 1 500 x 750 x 1 450 mm<\/p>\n<p>Sp\u00e9cifications techniques magasin de chargement BARBOY type 29-AA-1 :<br \/>\nFabricant : BARBOY<br \/>\nType : 29-AA-1<br \/>\nType d'appareil : chargeur de barres<br \/>\nLongueur du magasin : 3 000 mm<\/p>\n<p>La machine peut \u00eatre visit\u00e9e sur rendez-vous.<br \/>\nSous r\u00e9serve de modifications et d'erreurs dans les donn\u00e9es techniques et les indications ainsi que de vente interm\u00e9diaire !<\/p>\n<p>\u00c0 vendre : un tour automatique \u00e0 poup\u00e9e mobile d'occasion TORNOS R10, fabriqu\u00e9 en 1987 et \u00e9quip\u00e9 d'un chargeur de barres BARBOY Type 29-AA-1. <\/p>\n<p>Sp\u00e9cifications techniques TORNOS R10 :<br \/>\nType de machine : Tour automatique \u00e0 poup\u00e9e mobile<br \/>\nDiam\u00e8tre max. du mat\u00e9riau : 10 mm<br \/>\nAl\u00e9sage de broche : 13 mm<br \/>\nDiam\u00e8tre maximal du filetage : M8<br \/>\nLongueur de tournage max. avec came plate : 70 mm<br \/>\nMax. longueur de tournage avec came de barillet : 100 mm<br \/>\nNombre d'outils de tournage : 5<br \/>\nVitesse de broche : 20 vitesses de 1 050 \u00e0 8 000 tr\/min<br \/>\nConnexion \u00e9lectrique : 50 Hz \/ 3 x 380 V<br \/>\nPoids de la machine : environ 860 kg<br \/>\nDimensions : environ 1 500 x 750 x 1 450 mm<\/p>\n<p>Donn\u00e9es techniques pour alimenteur de barres BARBOY Type 29-AA-1 :<br \/>\nFabricant : BARBOY<br \/>\nType\u00a0: 29-AA-1<br \/>\nType d'\u00e9quipement : Chargeur de barres<br \/>\nLongueur du convoyeur : 3 000 mm<\/p>\n<p>La machine peut \u00eatre visit\u00e9e sur rendez-vous.<br \/>\nNous nous r\u00e9servons le droit d'apporter des modifications et des corrections aux donn\u00e9es techniques et aux sp\u00e9cifications, et de vendre l'article dans l'intervalle !<\/p>","protected":false},"excerpt":{"rendered":"<p>Standort: Deutschland, Baden-W\u00fcrttemberg S\u00fcdwest Zustand: Gebraucht Hersteller: Tornos Modell: R10 Baujahr: 1987 Zum Verkauf steht ein gebrauchter Langdrehautomat \/ Drehautomat TORNOS R10, Baujahr 1987, ausgestattet mit einem Stangenlademagazin BARBOY Typ 29-AA-1. Technische Daten TORNOS R10: Maschinenart: Langdrehautomat Max. Materialdurchmesser: 10 mm Spindelbohrung: 13 mm Max. Gewindedurchmesser: M8 Max. Drehl\u00e4nge mit Flachkurve: 70 mm Max. Drehl\u00e4nge [&hellip;]<\/p>\n","protected":false},"featured_media":5409,"comment_status":"open","ping_status":"closed","template":"","meta":{"_uf_show_specific_survey":0,"_uf_disable_surveys":false},"product_brand":[],"product_cat":[112],"product_tag":[],"class_list":{"0":"post-5415","1":"product","2":"type-product","3":"status-publish","4":"has-post-thumbnail","6":"product_cat-langdrehmaschinen","8":"first","9":"instock","10":"taxable","11":"shipping-taxable","12":"product-type-simple"},"aioseo_notices":[],"_links":{"self":[{"href":"https:\/\/mueller-wrh.de\/fr\/wp-json\/wp\/v2\/product\/5415","targetHints":{"allow":["GET"]}}],"collection":[{"href":"https:\/\/mueller-wrh.de\/fr\/wp-json\/wp\/v2\/product"}],"about":[{"href":"https:\/\/mueller-wrh.de\/fr\/wp-json\/wp\/v2\/types\/product"}],"replies":[{"embeddable":true,"href":"https:\/\/mueller-wrh.de\/fr\/wp-json\/wp\/v2\/comments?post=5415"}],"wp:featuredmedia":[{"embeddable":true,"href":"https:\/\/mueller-wrh.de\/fr\/wp-json\/wp\/v2\/media\/5409"}],"wp:attachment":[{"href":"https:\/\/mueller-wrh.de\/fr\/wp-json\/wp\/v2\/media?parent=5415"}],"wp:term":[{"taxonomy":"product_brand","embeddable":true,"href":"https:\/\/mueller-wrh.de\/fr\/wp-json\/wp\/v2\/product_brand?post=5415"},{"taxonomy":"product_cat","embeddable":true,"href":"https:\/\/mueller-wrh.de\/fr\/wp-json\/wp\/v2\/product_cat?post=5415"},{"taxonomy":"product_tag","embeddable":true,"href":"https:\/\/mueller-wrh.de\/fr\/wp-json\/wp\/v2\/product_tag?post=5415"}],"curies":[{"name":"wp","href":"https:\/\/api.w.org\/{rel}","templated":true}]}}