{"id":5408,"date":"2026-04-21T19:21:11","date_gmt":"2026-04-21T19:21:11","guid":{"rendered":"https:\/\/mueller-wrh.de\/produkt\/tornos-ms7-hy-6-bj-1989-mit-lademagazin-iemca-elite-112_bj-12-intnr231512\/"},"modified":"2026-04-21T19:21:11","modified_gmt":"2026-04-21T19:21:11","slug":"tornos-ms7-hy-6-bj-1989-mit-lademagazin-iemca-elite-112_bj-12-intnr231512","status":"publish","type":"product","link":"https:\/\/mueller-wrh.de\/fr\/produit\/tornos-ms7-hy-6-bj-1989-mit-lademagazin-iemca-elite-112_bj-12-intnr231512\/","title":{"rendered":"TORNOS MS7 HY 6 Ann\u00e9e 1989 avec chargeur de barres IEMCA Elite 112 Ann\u00e9e `12 IntNr231512"},"content":{"rendered":"<p><b>Emplacement :<\/b> Allemagne, Baden-W\u00fcrttemberg S\u00fcdwest<\/p>\n<p><b>\u00e9tat :<\/b> Occasion<\/p>\n<p><b>fabricant :<\/b> Tornos<\/p>\n<p><b>mod\u00e8le :<\/b> HY 6<\/p>\n<p><b>Ann\u00e9e de construction :<\/b> 1989<\/p>\n<p>\u00c0 vendre, un tour de pr\u00e9cision d'occasion TORNOS MS7 HY 6, ann\u00e9e 1989, \u00e9quip\u00e9 d'un chargeur automatique de barres IEMCA ELITE 112, ann\u00e9e 2012.<br \/>\nDonn\u00e9es Techniques TORNOS MS7 \/ MS7 HY 6 :<\/p>\n<p>Type de machine : Tour \u00e0 poup\u00e9es mobiles<br \/>\nDiam\u00e8tre max. de la pi\u00e8ce : 7 mm<br \/>\nPer\u00e7age de broche : 8 mm<br \/>\nCintre plat : 60 mm<br \/>\nDiam\u00e8tre de filetage maximal : M6<br \/>\nNombre de burins rotatifs : 5<br \/>\nVitesses de rotation de la broche : 20 vitesses, 1 400\u201310 000 tr\/min<br \/>\nConnexion \u00e9lectrique : 3 x 380 V \/ 50 Hz<br \/>\nPuissance totale : environ 2 CV<br \/>\nPoids de la machine : env. 520 kg<br \/>\nDimensions : env. 1 200 x 700 x 1 400 mm<br \/>\n\u00c9quipement selon la source disponible : Lampe, lubrification centralis\u00e9e, capot de protection<\/p>\n<p>Donn\u00e9es techniques IEMCA ELITE 112, Ann\u00e9e de fabrication 2012 :<br \/>\nFabricant : IEMCA<br \/>\nType : \u00c9lite 112<br \/>\nAnn\u00e9e de construction : 2012<br \/>\nLa s\u00e9rie ELITE-112, selon le fabricant, est con\u00e7ue pour le traitement de tiges minces et, selon la version, couvre une plage de 0,8 \u00e0 12,7 mm.<\/p>\n<p>La machine peut \u00eatre visit\u00e9e sur rendez-vous.<br \/>\nSous r\u00e9serve de modifications et d'erreurs dans les donn\u00e9es techniques et les indications ainsi que de vente interm\u00e9diaire !<\/p>\n<p>Tour automatique de pr\u00e9cision TORNOS MS7 HY 6 d'occasion, fabriqu\u00e9 en 1989, est \u00e0 vendre, \u00e9quip\u00e9 d'un chargeur automatique IEMCA ELITE 112, fabriqu\u00e9 en 2012.<br \/>\nSp\u00e9cifications techniques TORNOS MS7 \/ MS7 HY 6 :<\/p>\n<p>Type de machine : Tour automatique \u00e0 banc allong\u00e9<br \/>\nDiam\u00e8tre max. de la pi\u00e8ce : 7 mm<br \/>\nAl\u00e9sage de broche : 8 mm<br \/>\nCourse avec came plate : 60 mm<br \/>\nDiam\u00e8tre maximal du filetage : M6<br \/>\nNombre d'outils de tournage : 5<br \/>\nVitesse de broche : 20 vitesses, 1\u00a0400\u201310\u00a0000 tr\/min<br \/>\nConnexion \u00e9lectrique : 3 x 380 V \/ 50 Hz<br \/>\nPuissance totale : env. 2 ch<br \/>\nPoids de la machine : environ 520 kg<br \/>\nDimensions : environ 1 200 x 700 x 1 400 mm<br \/>\n\u00c9quipement selon la source disponible : Lampe, lubrification centrale, carter de protection<\/p>\n<p>Donn\u00e9es techniques IEMCA ELITE 112, ann\u00e9e de construction 2012 :<br \/>\nFabricant : IEMCA<br \/>\nMod\u00e8le : ELITE 112<br \/>\nAnn\u00e9e de fabrication : 2012<br \/>\nSelon le fabricant, la s\u00e9rie ELITE 112 est con\u00e7ue pour l'usinage de barres minces et, selon les versions, couvre une plage allant de 0,8 \u00e0 12,7 mm.<\/p>\n<p>La machine peut \u00eatre visit\u00e9e sur rendez-vous.<br \/>\nNous nous r\u00e9servons le droit d'apporter des modifications et des corrections aux donn\u00e9es techniques et aux sp\u00e9cifications, et de vendre l'article dans l'intervalle !<\/p>","protected":false},"excerpt":{"rendered":"<p>Standort: Deutschland, Baden-W\u00fcrttemberg S\u00fcdwest Zustand: Gebraucht Hersteller: Tornos Modell: HY 6 Baujahr: 1989 Zum Verkauf steht ein gebrauchter Pr\u00e4zisions-Drehautomat TORNOS MS7 HY 6, Baujahr 1989, ausgestattet mit einem Stangenlademagazin IEMCA ELITE 112, Baujahr 2012. Technische Daten TORNOS MS7 \/ MS7 HY 6: Maschinenart: Langdrehautomat Max. Werkst\u00fcckdurchmesser: 7 mm Spindelbohrung: 8 mm Hub mit Flachkurve: 60 [&hellip;]<\/p>\n","protected":false},"featured_media":5401,"comment_status":"open","ping_status":"closed","template":"","meta":{"_uf_show_specific_survey":0,"_uf_disable_surveys":false},"product_brand":[],"product_cat":[112],"product_tag":[],"class_list":{"0":"post-5408","1":"product","2":"type-product","3":"status-publish","4":"has-post-thumbnail","6":"product_cat-langdrehmaschinen","8":"first","9":"instock","10":"taxable","11":"shipping-taxable","12":"product-type-simple"},"aioseo_notices":[],"_links":{"self":[{"href":"https:\/\/mueller-wrh.de\/fr\/wp-json\/wp\/v2\/product\/5408","targetHints":{"allow":["GET"]}}],"collection":[{"href":"https:\/\/mueller-wrh.de\/fr\/wp-json\/wp\/v2\/product"}],"about":[{"href":"https:\/\/mueller-wrh.de\/fr\/wp-json\/wp\/v2\/types\/product"}],"replies":[{"embeddable":true,"href":"https:\/\/mueller-wrh.de\/fr\/wp-json\/wp\/v2\/comments?post=5408"}],"wp:featuredmedia":[{"embeddable":true,"href":"https:\/\/mueller-wrh.de\/fr\/wp-json\/wp\/v2\/media\/5401"}],"wp:attachment":[{"href":"https:\/\/mueller-wrh.de\/fr\/wp-json\/wp\/v2\/media?parent=5408"}],"wp:term":[{"taxonomy":"product_brand","embeddable":true,"href":"https:\/\/mueller-wrh.de\/fr\/wp-json\/wp\/v2\/product_brand?post=5408"},{"taxonomy":"product_cat","embeddable":true,"href":"https:\/\/mueller-wrh.de\/fr\/wp-json\/wp\/v2\/product_cat?post=5408"},{"taxonomy":"product_tag","embeddable":true,"href":"https:\/\/mueller-wrh.de\/fr\/wp-json\/wp\/v2\/product_tag?post=5408"}],"curies":[{"name":"wp","href":"https:\/\/api.w.org\/{rel}","templated":true}]}}