{"id":5399,"date":"2026-04-21T18:56:18","date_gmt":"2026-04-21T18:56:18","guid":{"rendered":"https:\/\/mueller-wrh.de\/produkt\/miyano-cnc-kurzdrehmaschine-bne-51s-bj-1999_-mit-iemca-boss-552-hd-intnr231509\/"},"modified":"2026-04-21T18:56:18","modified_gmt":"2026-04-21T18:56:18","slug":"miyano-cnc-kurzdrehmaschine-bne-51s-bj-1999_-mit-iemca-boss-552-hd-intnr231509","status":"publish","type":"product","link":"https:\/\/mueller-wrh.de\/fr\/produit\/miyano-cnc-kurzdrehmaschine-bne-51s-bj-1999_-mit-iemca-boss-552-hd-intnr231509\/","title":{"rendered":"Tour \u00e0 d\u00e9colleter CNC Miyano BNE-51S, ann\u00e9e 1999_ avec IEMCA BOSS 552-HD IntNr231509"},"content":{"rendered":"<p><b>Emplacement :<\/b> Allemagne, Baden-W\u00fcrttemberg S\u00fcdwest<\/p>\n<p><b>\u00e9tat :<\/b> Occasion<\/p>\n<p><b>fabricant :<\/b> Miyano<\/p>\n<p><b>mod\u00e8le :<\/b> BNE-51S<\/p>\n<p><b>Ann\u00e9e de construction :<\/b> 1999<\/p>\n<p>\u00c0 vendre : un tour CNC Miyano BNE-51S avec chargeur de barres IEMCA BOSS 552-HD.<br \/>\nAnn\u00e9e de construction 1999<br \/>\nCommande : FANUC Series 18-T (Commande \u00e0 double canal)<\/p>\n<p>Donn\u00e9es techniques<\/p>\n<p>Max. diam\u00e8tre de tige : 51 mm<br \/>\nLongueur de per\u00e7age max. : env. 125 mm<br \/>\nCourses : * X1 \/ X2 : 150 mm \/ 115 mm<br \/>\nZ1 \/ Z2 : 380 mm \/ 125 mm<br \/>\nAxe Y : +\/- 40 mm (tourelle sup\u00e9rieure)<\/p>\n<p>Broches (broche principale et contre-broche)<br \/>\nPlage de rotation : 135 \u2013 5\u00a0000 tr\/min (les deux broches)<br \/>\nPuissance d'entra\u00eenement : 11 kW \/ 15 kW (broche principale)<br \/>\nAxe C\u00a0: 0,001\u00b0 sur les deux broches pour l'usinage de contour complet<\/p>\n<p>Syst\u00e8me d'outillage (2 x Revolvers)<br \/>\nRevolver 1 (ci-dessus) : 12 stations (toutes motoris\u00e9es, y compris l'axe Y)<br \/>\nRevolver 2 (Bas) : 12 stations (toutes motoris\u00e9es)<br \/>\nVitesse AGW : max. 3 200 tr\/min<\/p>\n<p>Chargeur de barres : IEMCA BOSS 552-HD<br \/>\nGamme de diam\u00e8tres : 5 mm \u00e0 51 mm<br \/>\nLongueur de tige : jusqu'\u00e0 3\u00a0200\u00a0mm<br \/>\nConvoyeur \u00e0 copeaux<br \/>\nSyst\u00e8me d'extinction Batec<\/p>\n<p>La machine peut \u00eatre visit\u00e9e sur rendez-vous.<br \/>\nSous r\u00e9serve de modifications et d'erreurs dans les donn\u00e9es techniques et les indications ainsi que de vente interm\u00e9diaire !<\/p>\n<p>Une tour CNC Miyano BNE-51S avec chargeur de barres IEMCA BOSS 552-HD est \u00e0 vendre.<br \/>\nAnn\u00e9e de fabrication : 1999<br \/>\nSyst\u00e8me de commande : FANUC Series 18-T (double canal)<\/p>\n<p>Sp\u00e9cifications techniques<\/p>\n<p>Diam\u00e8tre max. barre : 51 mm<br \/>\nLongueur de tournage max. : env. 125 mm<br \/>\nCourses de d\u00e9placement : * X1 \/ X2 : 150 mm \/ 115 mm<br \/>\nZ1 \/ Z2 : 380 mm \/ 125 mm<br \/>\nAxe Y : +\/- 40 mm (tourelle sup\u00e9rieure)<\/p>\n<p>Broches (broche principale et contre-broche)<br \/>\nPlage de vitesse : 135 \u2013 5 000 tr\/min (broches jumelles)<br \/>\nPuissance de commande\u00a0: 11 kW \/ 15 kW (broche principale)<br \/>\nAxe C : 0,001\u00b0 sur les deux broches pour l'usinage de contour complet<\/p>\n<p>Syst\u00e8me d'outillage (2 x tourelles)<br \/>\nTourelles 1 (haut) : 12 stations (toutes entra\u00een\u00e9es, y compris l'axe Y)<br \/>\nTourelles 2 (bas) : 12 postes (tous motoris\u00e9s)<br \/>\nVitesse de broche : max. 3 200 tr\/min<\/p>\n<p>Chargeur de magasin : IEMCA BOSS 552-HD<br \/>\nPlage de diam\u00e8tre : 5 mm \u00e0 51 mm<br \/>\nLongueur de la barre : jusqu'\u00e0 3 200 mm<br \/>\nConvoyeur \u00e0 puce<br \/>\nSyst\u00e8me de suppression d'incendie Batec<\/p>\n<p>La machine peut \u00eatre visit\u00e9e sur rendez-vous.<br \/>\nSous r\u00e9serve de modifications et d'erreurs dans les donn\u00e9es techniques et les sp\u00e9cifications, ainsi que de vente pr\u00e9alable !<\/p>","protected":false},"excerpt":{"rendered":"<p>Standort: Deutschland, Baden-W\u00fcrttemberg S\u00fcdwest Zustand: Gebraucht Hersteller: Miyano Modell: BNE-51S Baujahr: 1999 Zum Verkauf steht eine CNC-Drehmaschine vom Typ Miyano BNE-51S mit Lademagazin IEMCA BOSS 552-HD. Baujahr 1999 Steuerung: FANUC Series 18-T (Doppel-Kanalsteuerung) Technische Daten Max. Stangendurchmesser: 51 mm Max. Drehl\u00e4nge: ca. 125 mm Verfahrwege: * X1 \/ X2: 150 mm \/ 115 mm Z1 [&hellip;]<\/p>\n","protected":false},"featured_media":5390,"comment_status":"open","ping_status":"closed","template":"","meta":{"_uf_show_specific_survey":0,"_uf_disable_surveys":false},"product_brand":[],"product_cat":[89],"product_tag":[],"class_list":{"0":"post-5399","1":"product","2":"type-product","3":"status-publish","4":"has-post-thumbnail","6":"product_cat-cnc-kurzdrehmaschinen","8":"first","9":"instock","10":"taxable","11":"shipping-taxable","12":"product-type-simple"},"aioseo_notices":[],"_links":{"self":[{"href":"https:\/\/mueller-wrh.de\/fr\/wp-json\/wp\/v2\/product\/5399","targetHints":{"allow":["GET"]}}],"collection":[{"href":"https:\/\/mueller-wrh.de\/fr\/wp-json\/wp\/v2\/product"}],"about":[{"href":"https:\/\/mueller-wrh.de\/fr\/wp-json\/wp\/v2\/types\/product"}],"replies":[{"embeddable":true,"href":"https:\/\/mueller-wrh.de\/fr\/wp-json\/wp\/v2\/comments?post=5399"}],"wp:featuredmedia":[{"embeddable":true,"href":"https:\/\/mueller-wrh.de\/fr\/wp-json\/wp\/v2\/media\/5390"}],"wp:attachment":[{"href":"https:\/\/mueller-wrh.de\/fr\/wp-json\/wp\/v2\/media?parent=5399"}],"wp:term":[{"taxonomy":"product_brand","embeddable":true,"href":"https:\/\/mueller-wrh.de\/fr\/wp-json\/wp\/v2\/product_brand?post=5399"},{"taxonomy":"product_cat","embeddable":true,"href":"https:\/\/mueller-wrh.de\/fr\/wp-json\/wp\/v2\/product_cat?post=5399"},{"taxonomy":"product_tag","embeddable":true,"href":"https:\/\/mueller-wrh.de\/fr\/wp-json\/wp\/v2\/product_tag?post=5399"}],"curies":[{"name":"wp","href":"https:\/\/api.w.org\/{rel}","templated":true}]}}