{"id":5389,"date":"2026-04-21T18:50:01","date_gmt":"2026-04-21T18:50:01","guid":{"rendered":"https:\/\/mueller-wrh.de\/produkt\/5-achs-cnc-baz-chiron-fz08s-bj-98-intnr231520\/"},"modified":"2026-04-21T18:50:01","modified_gmt":"2026-04-21T18:50:01","slug":"5-achs-cnc-baz-chiron-fz08s-bj-98-intnr231520","status":"publish","type":"product","link":"https:\/\/mueller-wrh.de\/fr\/produit\/5-achs-cnc-baz-chiron-fz08s-bj-98-intnr231520\/","title":{"rendered":"Centre d'usinage CNC 5 axes Chiron FZ08S ann\u00e9e 98 IntNr231520"},"content":{"rendered":"<p><b>Emplacement :<\/b> Allemagne, Baden-W\u00fcrttemberg S\u00fcdwest<\/p>\n<p><b>\u00e9tat :<\/b> Occasion<\/p>\n<p>\u00c0 vendre : centre d'usinage CNC 5 axes CHIRON FZ 08 S d'occasion, ann\u00e9e de fabrication 1998. <\/p>\n<p>Donn\u00e9es techniques :<\/p>\n<p>Type de machine : Centre d'usinage CNC 5 axes \/ centre d'usinage vertical<br \/>\nCommande CNC : selon la version FANUC 21i-M<br \/>\nCourse de d\u00e9placement :<br \/>\nAxe X : environ 300\u2013350 mm<br \/>\nAxe Y\u00a0: 250\u00a0mm<br \/>\nAxe Z : 250 mm<br \/>\nAxe A : 360\u00b0 pour les ex\u00e9cutions correspondantes \u00e0 5 axes \/ axes rotatifs.<br \/>\nAxe B \/ Axe de pivotement : -20\u00b0 \/ +110\u00b0.<br \/>\nDimensions de la table \/ surface de serrage : 550 x 300 mm,<br \/>\nPoids max. de la pi\u00e8ce : dans les sp\u00e9cifications du march\u00e9, environ 50 kg.<br \/>\nMagasin d'outils : 12 outils<br \/>\nPorte-outil : HSK-A 40<br \/>\nVitesse de broche : jusqu'\u00e0 10 000 (15 000) tr\/min<br \/>\nPuissance du moteur de broche : 3,7 kW<br \/>\nPoids de la machine : 1 820 kg<br \/>\nDimensions : 2050 x 2250 x 1900 mm <\/p>\n<p>La machine peut \u00eatre visit\u00e9e sur rendez-vous.<br \/>\nSous r\u00e9serve de modifications et d'erreurs dans les donn\u00e9es techniques et les indications ainsi que de vente interm\u00e9diaire !<\/p>\n<p>Un centre d'usinage CNC 5 axes d'occasion, le CHIRON FZ 08 S, fabriqu\u00e9 en 1998, est \u00e0 vendre. <\/p>\n<p>Sp\u00e9cifications techniques :<\/p>\n<p>Type de machine : centre d'usinage CNC 5 axes \/ centre d'usinage vertical<br \/>\nCommande CNC : FANUC 21i-M, selon mod\u00e8le<br \/>\nZones de d\u00e9placement :<br \/>\nAxe X : environ 300\u2013350 mm<br \/>\nAxe Y : 250 mm<br \/>\nAxe Z : 250 mm<br \/>\nAxe A : 360\u00b0 pour les mod\u00e8les correspondants \u00e0 5 axes \/ axe rotatif.<br \/>\nAxe B \/ axe pivotant : -20\u00b0 \/ +110\u00b0.<br \/>\nSurface de table \/ surface de serrage\u00a0: 550 x 300\u00a0mm,<br \/>\nPoids max. de la pi\u00e8ce : env. 50 kg selon les sp\u00e9cifications de certains march\u00e9s.<br \/>\nMagazine d'outils : 12 outils<br \/>\nMontage de broche : HSK-A 40<br \/>\nVitesse de broche : jusqu'\u00e0 10\u00a0000 (15\u00a0000) tr\/min<br \/>\nPuissance du moteur de broche : 3,7 kW<br \/>\nPoids de la machine : 1 820 kg<br \/>\nDimensions : 2 050 x 2 250 x 1 900 mm <\/p>\n<p>La machine peut \u00eatre visit\u00e9e sur rendez-vous.<br \/>\nNous nous r\u00e9servons le droit d'apporter des modifications et des corrections aux donn\u00e9es techniques et aux sp\u00e9cifications, et de vendre l'article dans l'intervalle !<\/p>","protected":false},"excerpt":{"rendered":"<p>Standort: Deutschland, Baden-W\u00fcrttemberg S\u00fcdwest Zustand: Gebraucht Zum Verkauf steht ein gebrauchtes 5-Achs-CNC-Bearbeitungszentrum CHIRON FZ 08 S, Baujahr 1998. Technische Daten: Maschinenart: 5-Achs-CNC-Bearbeitungszentrum \/ vertikales BAZ CNC-Steuerung: je nach Ausf\u00fchrung FANUC 21i-M Verfahrwege: X-Achse: ca. 300\u2013350 mm Y-Achse: 250 mm Z-Achse: 250 mm A-Achse: 360\u00b0 bei entsprechenden 5-Achs-\/Rundachsen-Ausf\u00fchrungen. B-Achse \/ Schwenkachse: -20\u00b0 \/ +110\u00b0. Tischgr\u00f6\u00dfe \/ [&hellip;]<\/p>\n","protected":false},"featured_media":5381,"comment_status":"open","ping_status":"closed","template":"","meta":{"_uf_show_specific_survey":0,"_uf_disable_surveys":false},"product_brand":[],"product_cat":[21],"product_tag":[],"class_list":{"0":"post-5389","1":"product","2":"type-product","3":"status-publish","4":"has-post-thumbnail","6":"product_cat-cnc-bearbeitungszentrum","8":"first","9":"instock","10":"taxable","11":"shipping-taxable","12":"product-type-simple"},"aioseo_notices":[],"_links":{"self":[{"href":"https:\/\/mueller-wrh.de\/fr\/wp-json\/wp\/v2\/product\/5389","targetHints":{"allow":["GET"]}}],"collection":[{"href":"https:\/\/mueller-wrh.de\/fr\/wp-json\/wp\/v2\/product"}],"about":[{"href":"https:\/\/mueller-wrh.de\/fr\/wp-json\/wp\/v2\/types\/product"}],"replies":[{"embeddable":true,"href":"https:\/\/mueller-wrh.de\/fr\/wp-json\/wp\/v2\/comments?post=5389"}],"wp:featuredmedia":[{"embeddable":true,"href":"https:\/\/mueller-wrh.de\/fr\/wp-json\/wp\/v2\/media\/5381"}],"wp:attachment":[{"href":"https:\/\/mueller-wrh.de\/fr\/wp-json\/wp\/v2\/media?parent=5389"}],"wp:term":[{"taxonomy":"product_brand","embeddable":true,"href":"https:\/\/mueller-wrh.de\/fr\/wp-json\/wp\/v2\/product_brand?post=5389"},{"taxonomy":"product_cat","embeddable":true,"href":"https:\/\/mueller-wrh.de\/fr\/wp-json\/wp\/v2\/product_cat?post=5389"},{"taxonomy":"product_tag","embeddable":true,"href":"https:\/\/mueller-wrh.de\/fr\/wp-json\/wp\/v2\/product_tag?post=5389"}],"curies":[{"name":"wp","href":"https:\/\/api.w.org\/{rel}","templated":true}]}}