{"id":5335,"date":"2026-04-21T17:49:28","date_gmt":"2026-04-21T17:49:28","guid":{"rendered":"https:\/\/mueller-wrh.de\/produkt\/saeulenbohrmaschine-altmetall-ax3-sv-n-bj-96-intnr231517\/"},"modified":"2026-04-21T17:49:28","modified_gmt":"2026-04-21T17:49:28","slug":"saeulenbohrmaschine-altmetall-ax3-sv-n-bj-96-intnr231517","status":"publish","type":"product","link":"https:\/\/mueller-wrh.de\/fr\/produit\/saeulenbohrmaschine-altmetall-ax3-sv-n-bj-96-intnr231517\/","title":{"rendered":"Perceuse \u00e0 colonne M\u00e9tal de r\u00e9cup\u00e9ration AX3\/SV-N Ann\u00e9e `96 IntNr231517"},"content":{"rendered":"<p><b>Emplacement :<\/b> Allemagne, Baden-W\u00fcrttemberg S\u00fcdwest<\/p>\n<p><b>\u00e9tat :<\/b> Occasion<\/p>\n<p><b>fabricant :<\/b> Alzmetall<\/p>\n<p><b>mod\u00e8le :<\/b> AX3\/SV-N<\/p>\n<p><b>Ann\u00e9e de construction :<\/b> 1996<\/p>\n<p>\u00c0 vendre, une perceuse \u00e0 colonne d'occasion ALZMETALL AX 3\/SV-N, ann\u00e9e de fabrication 1996, con\u00e7ue pour un usage industriel robuste.<br \/>\nDonn\u00e9es techniques :<br \/>\nContr\u00f4le : conventionnel<br \/>\nCapacit\u00e9 de per\u00e7age dans l'acier E335 (St 60) : 40 mm<br \/>\nCapacit\u00e9 de per\u00e7age dans l'acier : 32 mm<br \/>\n\u00c9paisseur de mur moul\u00e9e en fonte EN-GJL-200 : 38 mm<br \/>\nTaraudage dans l'acier : M24<br \/>\nFiletage dans la fonte : M30<br \/>\nPorte-outil : CM 3<br \/>\nCourse de la broche : 120 mm<br \/>\nD\u00e9chargement : 293 mm<br \/>\nDiam\u00e8tre du montant : 115 mm<br \/>\nTaille de table \/ surface de serrage : 515 x 360 mm<br \/>\nRainures en T : 2 x 14 x 224 mm<br \/>\nDistance broche-table min.\/max. : 117 \/ 701 mm<br \/>\nAvance : automatique, suppl\u00e9mentaire \u00e0 commande manuelle ; indiqu\u00e9e dans une source de march\u00e9 \u00e0 0,10 \/ 0,20 mm\/tr ou 0,10 \/ 0,30 mm\/tr selon la version.<br \/>\nR\u00e9glage de la vitesse : progressif<br \/>\nVitesse de rotation de la broche : 160\u20132250 tr\/min<br \/>\nPoids de la machine : environ 270 kg<br \/>\nDimensions env. : 700 x 1000 x 1900 mm<\/p>\n<p>La machine peut \u00eatre visit\u00e9e sur rendez-vous.<br \/>\nSous r\u00e9serve de modifications et d'erreurs dans les donn\u00e9es techniques et les indications ainsi que de vente interm\u00e9diaire !<\/p>\n<p>Une perceuse \u00e0 colonne ALZMETALL AX 3\/SV-N d'occasion, fabriqu\u00e9e en 1996, de conception industrielle robuste, est \u00e0 vendre.<br \/>\nSp\u00e9cifications techniques :<br \/>\nSyst\u00e8me de contr\u00f4le : conventionnel<br \/>\nCapacit\u00e9 de per\u00e7age dans l'acier E335 (St 60) : 40 mm<br \/>\nCapacit\u00e9 de per\u00e7age dans l'acier : 32 mm<br \/>\nCapacit\u00e9 de per\u00e7age dans l'acier EN-GJL-200 : 38 mm<br \/>\nFiletage dans l'acier : M24<br \/>\nFiletage en fonte : M30<br \/>\nMandrin de broche : MK 3<br \/>\nCourse de la broche : 120 mm<br \/>\nD\u00e9bord : 293 mm<br \/>\nDiam\u00e8tre de colonne : 115 mm<br \/>\nTable dimension \/ surface d'appui\u00a0: 515 x 360\u00a0mm<br \/>\nRainures en T : 2 x 14 x 224 mm<br \/>\nDistance entre la broche et la table min.\/max. : 117 \/ 701 mm<br \/>\nAlimentation : automatique, en plus manuelle ; sp\u00e9cifi\u00e9e dans une source du march\u00e9 comme 0,10 \/ 0,20 mm\/tr ou 0,10 \/ 0,30 mm\/tr selon le mod\u00e8le.<br \/>\nR\u00e9glage de la vitesse : infiniment variable<br \/>\nVitesse de la broche : 160\u20132250 tr\/min<br \/>\nPoids de la machine : env. 270 kg<br \/>\nDimensions env. : 700 x 1000 x 1900 mm<\/p>\n<p>La machine peut \u00eatre visit\u00e9e sur rendez-vous.<br \/>\nNous nous r\u00e9servons le droit d'apporter des modifications et des corrections aux donn\u00e9es techniques et aux sp\u00e9cifications, et de vendre l'article dans l'intervalle !<\/p>","protected":false},"excerpt":{"rendered":"<p>Standort: Deutschland, Baden-W\u00fcrttemberg S\u00fcdwest Zustand: Gebraucht Hersteller: Alzmetall Modell: AX3\/SV-N Baujahr: 1996 Zum Verkauf steht eine gebrauchte S\u00e4ulenbohrmaschine ALZMETALL AX 3\/SV-N, Baujahr 1996, in robuster Industrieausf\u00fchrung. Technische Daten: Steuerung: konventionell Bohrverm\u00f6gen in Stahl E335 (St 60): 40 mm Bohrleistung in Stahl: 32 mm Bohrleistung in Guss EN-GJL-200: 38 mm Gewindeschneiden in Stahl: M24 Gewindeschneiden in [&hellip;]<\/p>\n","protected":false},"featured_media":5332,"comment_status":"open","ping_status":"closed","template":"","meta":{"_uf_show_specific_survey":0,"_uf_disable_surveys":false},"product_brand":[],"product_cat":[105],"product_tag":[],"class_list":{"0":"post-5335","1":"product","2":"type-product","3":"status-publish","4":"has-post-thumbnail","6":"product_cat-zubehoer-sonstiges","8":"first","9":"instock","10":"taxable","11":"shipping-taxable","12":"product-type-simple"},"aioseo_notices":[],"_links":{"self":[{"href":"https:\/\/mueller-wrh.de\/fr\/wp-json\/wp\/v2\/product\/5335","targetHints":{"allow":["GET"]}}],"collection":[{"href":"https:\/\/mueller-wrh.de\/fr\/wp-json\/wp\/v2\/product"}],"about":[{"href":"https:\/\/mueller-wrh.de\/fr\/wp-json\/wp\/v2\/types\/product"}],"replies":[{"embeddable":true,"href":"https:\/\/mueller-wrh.de\/fr\/wp-json\/wp\/v2\/comments?post=5335"}],"wp:featuredmedia":[{"embeddable":true,"href":"https:\/\/mueller-wrh.de\/fr\/wp-json\/wp\/v2\/media\/5332"}],"wp:attachment":[{"href":"https:\/\/mueller-wrh.de\/fr\/wp-json\/wp\/v2\/media?parent=5335"}],"wp:term":[{"taxonomy":"product_brand","embeddable":true,"href":"https:\/\/mueller-wrh.de\/fr\/wp-json\/wp\/v2\/product_brand?post=5335"},{"taxonomy":"product_cat","embeddable":true,"href":"https:\/\/mueller-wrh.de\/fr\/wp-json\/wp\/v2\/product_cat?post=5335"},{"taxonomy":"product_tag","embeddable":true,"href":"https:\/\/mueller-wrh.de\/fr\/wp-json\/wp\/v2\/product_tag?post=5335"}],"curies":[{"name":"wp","href":"https:\/\/api.w.org\/{rel}","templated":true}]}}