{"id":5331,"date":"2026-04-21T17:38:27","date_gmt":"2026-04-21T17:38:27","guid":{"rendered":"https:\/\/mueller-wrh.de\/produkt\/saeulenbohrmaschine-alzmetall-alzstar-30-s-bj-04-intnr231518\/"},"modified":"2026-04-21T17:38:27","modified_gmt":"2026-04-21T17:38:27","slug":"saeulenbohrmaschine-alzmetall-alzstar-30-s-bj-04-intnr231518","status":"publish","type":"product","link":"https:\/\/mueller-wrh.de\/fr\/produit\/saeulenbohrmaschine-alzmetall-alzstar-30-s-bj-04-intnr231518\/","title":{"rendered":"Perceuse \u00e0 colonne Alzmetall Alzstar 30\/S Ann\u00e9e 2004 N\u00b0 int. 231518"},"content":{"rendered":"<p><b>Emplacement :<\/b> Allemagne, Baden-W\u00fcrttemberg S\u00fcdwest<\/p>\n<p><b>\u00e9tat :<\/b> Occasion<\/p>\n<p><b>fabricant :<\/b> Alzmetall<\/p>\n<p><b>mod\u00e8le :<\/b> 30\/S<\/p>\n<p><b>Ann\u00e9e de construction :<\/b> 2004<\/p>\n<p>\u00c0 vendre, une perceuse \u00e0 colonne Alzmetall ALZSTAR 30\/S d'occasion, ann\u00e9e de fabrication 2004, de fabrication allemande de qualit\u00e9. <\/p>\n<p>Donn\u00e9es techniques :<br \/>\nCapacit\u00e9 de per\u00e7age dans l'acier E335 (St 60) : 30 mm<br \/>\nCapacit\u00e9 de taraudage dans l'acier E335 : M16<br \/>\nPerformance de taraudage dans la fonte EN-GJL-200 : M20<br \/>\nPorte-outil : CM 3<br \/>\nCourse de la broche \/ Axe Z : 140 mm<br \/>\nD\u00e9gagement \/ Entre-axe broche-colonne : 293 mm<br \/>\nDiam\u00e8tre du montant : 115 mm<br \/>\nTaille de la table \/ surface de serrage : 514 x 360 mm (\u00e9galement indiqu\u00e9 comme 515 x 360 mm sur la page produit)<br \/>\nRainures en T : 2 x 14 x 224 mm<br \/>\nDistance broche\/table min.\/max. : 132 \/ 724 mm<br \/>\nEntra\u00eenement : \u00e0 variation continue, variateur m\u00e9canique<br \/>\nPlage de vitesse de broche : 225-4300 tr\/min<br \/>\nPuissance du moteur \u00e0 750 \/ 1500 tr\/min : 1,0 \/ 1,6 kW<br \/>\nHauteur de la machine : environ 1790 mm<br \/>\nPoids de la machine : env. 260 kg<\/p>\n<p>La machine peut \u00eatre visit\u00e9e sur rendez-vous.<br \/>\nSous r\u00e9serve de modifications et d'erreurs dans les donn\u00e9es techniques et les indications ainsi que de vente interm\u00e9diaire !<\/p>\n<p>\u00c0 vendre : une colonne de forage d'occasion Alzmetall ALZSTAR 30\/S, fabriqu\u00e9e en 2004, un produit de l'ing\u00e9nierie allemande de qualit\u00e9. <\/p>\n<p>Sp\u00e9cifications techniques :<br \/>\nCapacit\u00e9 de per\u00e7age dans l'acier E335 (St 60) : 30 mm<br \/>\nCapacit\u00e9 de taraudage en acier E335 : M16<br \/>\nCapacit\u00e9 de filetage en fonte EN-GJL-200 : M20<br \/>\nMandrin de broche : MK 3<br \/>\nCourse de la broche \/ course de l'axe Z : 140 mm<br \/>\nPorte-\u00e0-faux \/ distance de la broche \u00e0 la colonne : 293 mm<br \/>\nDiam\u00e8tre de colonne : 115 mm<br \/>\nTaille de table \/ surface de serrage : 514 x 360 mm (\u00e9galement indiqu\u00e9 comme 515 x 360 mm sur la page produit)<br \/>\nRainures en T : 2 x 14 x 224 mm<br \/>\nDistance arbre\/table min.\/max. : 132 \/ 724 mm<br \/>\nEntra\u00eenement : variateur m\u00e9canique \u00e0 variation continue<br \/>\nPlage de vitesse de broche\u00a0: 225\u20134\u00a0300 tr\/min<br \/>\nPuissance moteur \u00e0 750 \/ 1500 tr\/min : 1.0 \/ 1.6 kW<br \/>\nHauteur de la machine : env. 1790 mm<br \/>\nPoids de la machine : environ 260 kg<\/p>\n<p>La machine peut \u00eatre visit\u00e9e sur rendez-vous.<br \/>\nNous nous r\u00e9servons le droit d'apporter des modifications et des corrections aux donn\u00e9es techniques et aux sp\u00e9cifications, et de vendre l'article dans l'intervalle !<\/p>","protected":false},"excerpt":{"rendered":"<p>Standort: Deutschland, Baden-W\u00fcrttemberg S\u00fcdwest Zustand: Gebraucht Hersteller: Alzmetall Modell: 30\/S Baujahr: 2004 Zum Verkauf steht eine gebrauchte S\u00e4ulenbohrmaschine Alzmetall ALZSTAR 30\/S, Baujahr 2004, aus deutscher Qualit\u00e4tsfertigung. Technische Daten: Bohrverm\u00f6gen in Stahl E335 (St 60): 30 mm Gewindeschneidleistung in Stahl E335: M16 Gewindeschneidleistung in Gusseisen EN-GJL-200: M20 Spindelaufnahme: MK 3 Pinolenhub \/ Z-Hub der Spindel: 140 [&hellip;]<\/p>\n","protected":false},"featured_media":5327,"comment_status":"open","ping_status":"closed","template":"","meta":{"_uf_show_specific_survey":0,"_uf_disable_surveys":false},"product_brand":[],"product_cat":[105],"product_tag":[],"class_list":{"0":"post-5331","1":"product","2":"type-product","3":"status-publish","4":"has-post-thumbnail","6":"product_cat-zubehoer-sonstiges","8":"first","9":"instock","10":"taxable","11":"shipping-taxable","12":"product-type-simple"},"aioseo_notices":[],"_links":{"self":[{"href":"https:\/\/mueller-wrh.de\/fr\/wp-json\/wp\/v2\/product\/5331","targetHints":{"allow":["GET"]}}],"collection":[{"href":"https:\/\/mueller-wrh.de\/fr\/wp-json\/wp\/v2\/product"}],"about":[{"href":"https:\/\/mueller-wrh.de\/fr\/wp-json\/wp\/v2\/types\/product"}],"replies":[{"embeddable":true,"href":"https:\/\/mueller-wrh.de\/fr\/wp-json\/wp\/v2\/comments?post=5331"}],"wp:featuredmedia":[{"embeddable":true,"href":"https:\/\/mueller-wrh.de\/fr\/wp-json\/wp\/v2\/media\/5327"}],"wp:attachment":[{"href":"https:\/\/mueller-wrh.de\/fr\/wp-json\/wp\/v2\/media?parent=5331"}],"wp:term":[{"taxonomy":"product_brand","embeddable":true,"href":"https:\/\/mueller-wrh.de\/fr\/wp-json\/wp\/v2\/product_brand?post=5331"},{"taxonomy":"product_cat","embeddable":true,"href":"https:\/\/mueller-wrh.de\/fr\/wp-json\/wp\/v2\/product_cat?post=5331"},{"taxonomy":"product_tag","embeddable":true,"href":"https:\/\/mueller-wrh.de\/fr\/wp-json\/wp\/v2\/product_tag?post=5331"}],"curies":[{"name":"wp","href":"https:\/\/api.w.org\/{rel}","templated":true}]}}