{"id":5326,"date":"2026-04-21T16:27:33","date_gmt":"2026-04-21T16:27:33","guid":{"rendered":"https:\/\/mueller-wrh.de\/produkt\/hd-einheit-combiloob-cl1-f-30-20-a-bj-07-intnr231557\/"},"modified":"2026-04-21T16:27:33","modified_gmt":"2026-04-21T16:27:33","slug":"hd-einheit-combiloob-cl1-f-30-20-a-bj-07-intnr231557","status":"publish","type":"product","link":"https:\/\/mueller-wrh.de\/fr\/produit\/hd-einheit-combiloob-cl1-f-30-20-a-bj-07-intnr231557\/","title":{"rendered":"Unit\u00e9 HD Combiloob CL1-F-30-20-A, ann\u00e9e 07, N\u00b0 interne 231557"},"content":{"rendered":"<p><b>Emplacement :<\/b> Allemagne, Baden-W\u00fcrttemberg S\u00fcdwest<\/p>\n<p><b>\u00e9tat :<\/b> Occasion<\/p>\n<p><b>fabricant :<\/b> Hydraulique M\u00fcller<\/p>\n<p><b>mod\u00e8le :<\/b> CL1<\/p>\n<p><b>Ann\u00e9e de construction :<\/b> 2007<\/p>\n<p>\u00c0 vendre, une unit\u00e9 HD puissante Combiloop CL1-F-30-20-A de 2007. <\/p>\n<p>Donn\u00e9es techniques :<br \/>\nType d'installation : unit\u00e9 haute pression (HP)<br \/>\nMilieu de chauffage : huile<br \/>\nPression de service max. : env. 20\u201330 bars<br \/>\nD\u00e9bit\u00a0: environ 20\u201330\u00a0l\/min<br \/>\nMoteur \u00e9lectrique<br \/>\nTension : 400 V \/ 50 Hz (triphas\u00e9)<br \/>\nCommande : unit\u00e9 de commande int\u00e9gr\u00e9e<br \/>\nForme de construction : unit\u00e9 compacte et ferm\u00e9e<br \/>\nAnschluss\u00a0: connexions industrielles standardis\u00e9es<\/p>\n<p>\u00c9quipement et composants :<br \/>\nPompe haute pression<br \/>\nUnit\u00e9 de filtration pour le traitement des m\u00e9dias<br \/>\nVannes de s\u00e9curit\u00e9 et surveillance de la pression<br \/>\nSyst\u00e8me de retour pour circuits ferm\u00e9s<br \/>\nBo\u00eetiers en acier robustes \/ mobiles<\/p>\n<p>L'unit\u00e9 peut \u00eatre visit\u00e9e sur rendez-vous.<br \/>\nSous r\u00e9serve de modifications et d'erreurs dans les donn\u00e9es techniques et les indications ainsi que de vente interm\u00e9diaire !<\/p>\n<p>\u00c0 vendre, un groupe haute pression Combiloop CL1-F-30-20-A haute performance, fabriqu\u00e9 en 2007. <\/p>\n<p>Sp\u00e9cifications techniques :<br \/>\nType de syst\u00e8me : Unit\u00e9 haute pression (HP)<br \/>\nFluide: Huile<br \/>\nPression de service max. : env. 20-30 bars<br \/>\nD\u00e9bit : environ 20\u201330 l\/min<br \/>\nEntra\u00eenement : Moteur \u00e9lectrique<br \/>\nTension : 400 V \/ 50 Hz (triphas\u00e9)<br \/>\nContr\u00f4le : Unit\u00e9 de contr\u00f4le int\u00e9gr\u00e9e<br \/>\nConception : Unit\u00e9 compacte et ferm\u00e9e<br \/>\nConnexions : connexions industrielles standardis\u00e9es<\/p>\n<p>Caract\u00e9ristiques et composants :<br \/>\nPompe haute pression<br \/>\nUnit\u00e9 de filtration pour la pr\u00e9paration de milieux<br \/>\nVannes de s\u00e9curit\u00e9 et surveillance de la pression<br \/>\nSyst\u00e8me pour circuits ferm\u00e9s<br \/>\nBo\u00eetier en acier robuste \/ mobile<\/p>\n<p>L'unit\u00e9 peut \u00eatre visit\u00e9e sur rendez-vous.<br \/>\nNous nous r\u00e9servons le droit d'apporter des modifications et des corrections aux donn\u00e9es et sp\u00e9cifications techniques, et de vendre des articles avant la commande !<\/p>","protected":false},"excerpt":{"rendered":"<p>Standort: Deutschland, Baden-W\u00fcrttemberg S\u00fcdwest Zustand: Gebraucht Hersteller: M\u00fcller Hydraulik Modell: CL1 Baujahr: 2007 Zum Verkauf steht eine leistungsstarke HD-Einheit Combiloop CL1-F-30-20-A aus dem Baujahr 2007. Technische Daten: Anlagenart: Hochdruck-Einheit (HD) F\u00f6rdermedium: \u00d6l Max. Betriebsdruck: ca. 20\u201330 bar F\u00f6rderleistung: ca. 20\u201330 l\/min Antrieb: Elektromotor Spannung: 400 V \/ 50 Hz (Drehstrom) Steuerung: integrierte Steuerungseinheit Bauform: kompakte, [&hellip;]<\/p>\n","protected":false},"featured_media":5323,"comment_status":"open","ping_status":"closed","template":"","meta":{"_uf_show_specific_survey":0,"_uf_disable_surveys":false},"product_brand":[],"product_cat":[104],"product_tag":[],"class_list":{"0":"post-5326","1":"product","2":"type-product","3":"status-publish","4":"has-post-thumbnail","6":"product_cat-hochdruckanlagen","8":"first","9":"instock","10":"taxable","11":"shipping-taxable","12":"product-type-simple"},"aioseo_notices":[],"_links":{"self":[{"href":"https:\/\/mueller-wrh.de\/fr\/wp-json\/wp\/v2\/product\/5326","targetHints":{"allow":["GET"]}}],"collection":[{"href":"https:\/\/mueller-wrh.de\/fr\/wp-json\/wp\/v2\/product"}],"about":[{"href":"https:\/\/mueller-wrh.de\/fr\/wp-json\/wp\/v2\/types\/product"}],"replies":[{"embeddable":true,"href":"https:\/\/mueller-wrh.de\/fr\/wp-json\/wp\/v2\/comments?post=5326"}],"wp:featuredmedia":[{"embeddable":true,"href":"https:\/\/mueller-wrh.de\/fr\/wp-json\/wp\/v2\/media\/5323"}],"wp:attachment":[{"href":"https:\/\/mueller-wrh.de\/fr\/wp-json\/wp\/v2\/media?parent=5326"}],"wp:term":[{"taxonomy":"product_brand","embeddable":true,"href":"https:\/\/mueller-wrh.de\/fr\/wp-json\/wp\/v2\/product_brand?post=5326"},{"taxonomy":"product_cat","embeddable":true,"href":"https:\/\/mueller-wrh.de\/fr\/wp-json\/wp\/v2\/product_cat?post=5326"},{"taxonomy":"product_tag","embeddable":true,"href":"https:\/\/mueller-wrh.de\/fr\/wp-json\/wp\/v2\/product_tag?post=5326"}],"curies":[{"name":"wp","href":"https:\/\/api.w.org\/{rel}","templated":true}]}}