{"id":5313,"date":"2026-04-21T15:54:39","date_gmt":"2026-04-21T15:54:39","guid":{"rendered":"https:\/\/mueller-wrh.de\/produkt\/jung-flachschleifmaschine-hf-40-bj-1977-intnr231519\/"},"modified":"2026-04-21T15:54:39","modified_gmt":"2026-04-21T15:54:39","slug":"jung-flachschleifmaschine-hf-40-bj-1977-intnr231519","status":"publish","type":"product","link":"https:\/\/mueller-wrh.de\/fr\/produit\/jung-flachschleifmaschine-hf-40-bj-1977-intnr231519\/","title":{"rendered":"Jung Flachschleifmaschine HF 40 Bj. 1977 IntNr231519"},"content":{"rendered":"<p><b>Emplacement :<\/b> Allemagne, Baden-W\u00fcrttemberg S\u00fcdwest<\/p>\n<p><b>\u00e9tat :<\/b> Occasion<\/p>\n<p><b>fabricant :<\/b> Jung<\/p>\n<p><b>mod\u00e8le :<\/b> HF 40<\/p>\n<p><b>Ann\u00e9e de construction :<\/b> 1977<\/p>\n<p>\u00c0 vendre, une rectifieuse plane d'occasion Jung HF 40, ann\u00e9e 1977, de construction solide et lourde. <\/p>\n<p>Donn\u00e9es techniques :<br \/>\nEx\u00e9cution : hydraulique<br \/>\nTaille de la table : 400 x 150 mm<br \/>\nLongueur de rectification : 400 mm<br \/>\nLargeur de meulage : 150 mm<br \/>\nDiam\u00e8tre du disque de meulage : 200 mm<br \/>\nLargeur du disque de rectification : 16 mm<br \/>\nVitesse de rotation de la broche : env. 2 800 tr\/min<br \/>\nVitesse de la table : continue 2\u201320 m\/min<br \/>\nAlimentation verticale automatique : 0,002\u20130,013 mm<br \/>\nPoids de la machine : env. 900 kg<br \/>\nDimensions de la machine : environ 1 300 x 1 200 x 1 500 mm<\/p>\n<p>La machine peut \u00eatre visit\u00e9e sur rendez-vous.<br \/>\nSous r\u00e9serve de modifications et d'erreurs dans les donn\u00e9es techniques et les indications ainsi que de vente interm\u00e9diaire !<\/p>\n<p>Une rectifieuse plane Jung HF 40 d'occasion, construite en 1977, est \u00e0 vendre. Il s'agit d'un mod\u00e8le robuste et robuste. <\/p>\n<p>Sp\u00e9cifications techniques :<br \/>\nType : hydraulique<br \/>\nTaille de la table : 400 x 150 mm<br \/>\nLongueur de rectification : 400 mm<br \/>\nLargeur de meulage : 150 mm<br \/>\nDiam\u00e8tre de la meule : 200 mm<br \/>\nLargeur de la meule : 16 mm<br \/>\nVitesse de broche : env. 2 800 tr\/min<br \/>\nVitesse de table : variable \u00e0 l'infini 2\u201320 m\/min<br \/>\nAlimentation verticale automatique : 0,002\u20130,013 mm<br \/>\nPoids de la machine : environ 900 kg<br \/>\nDimensions de la machine : environ 1 300 x 1 200 x 1 500 mm<\/p>\n<p>La machine peut \u00eatre visit\u00e9e sur rendez-vous.<br \/>\nNous nous r\u00e9servons le droit d'apporter des modifications et des corrections aux donn\u00e9es techniques et aux sp\u00e9cifications, et de vendre l'article dans l'intervalle !<\/p>","protected":false},"excerpt":{"rendered":"<p>Standort: Deutschland, Baden-W\u00fcrttemberg S\u00fcdwest Zustand: Gebraucht Hersteller: Jung Modell: HF 40 Baujahr: 1977 Zum Verkauf steht eine gebrauchte Flachschleifmaschine Jung HF 40, Baujahr 1977, in solider, schwerer Ausf\u00fchrung. Technische Daten: Ausf\u00fchrung: hydraulisch Tischgr\u00f6\u00dfe: 400 x 150 mm Schleifl\u00e4nge: 400 mm Schleifbreite: 150 mm Schleifscheibendurchmesser: 200 mm Schleifscheibenbreite: 16 mm Spindeldrehzahl: ca. 2.800 U\/min Tischgeschwindigkeit: stufenlos [&hellip;]<\/p>\n","protected":false},"featured_media":5306,"comment_status":"open","ping_status":"closed","template":"","meta":{"_uf_show_specific_survey":0,"_uf_disable_surveys":false},"product_brand":[],"product_cat":[111],"product_tag":[],"class_list":{"0":"post-5313","1":"product","2":"type-product","3":"status-publish","4":"has-post-thumbnail","6":"product_cat-schleifmaschinen","8":"first","9":"instock","10":"taxable","11":"shipping-taxable","12":"product-type-simple"},"aioseo_notices":[],"_links":{"self":[{"href":"https:\/\/mueller-wrh.de\/fr\/wp-json\/wp\/v2\/product\/5313","targetHints":{"allow":["GET"]}}],"collection":[{"href":"https:\/\/mueller-wrh.de\/fr\/wp-json\/wp\/v2\/product"}],"about":[{"href":"https:\/\/mueller-wrh.de\/fr\/wp-json\/wp\/v2\/types\/product"}],"replies":[{"embeddable":true,"href":"https:\/\/mueller-wrh.de\/fr\/wp-json\/wp\/v2\/comments?post=5313"}],"wp:featuredmedia":[{"embeddable":true,"href":"https:\/\/mueller-wrh.de\/fr\/wp-json\/wp\/v2\/media\/5306"}],"wp:attachment":[{"href":"https:\/\/mueller-wrh.de\/fr\/wp-json\/wp\/v2\/media?parent=5313"}],"wp:term":[{"taxonomy":"product_brand","embeddable":true,"href":"https:\/\/mueller-wrh.de\/fr\/wp-json\/wp\/v2\/product_brand?post=5313"},{"taxonomy":"product_cat","embeddable":true,"href":"https:\/\/mueller-wrh.de\/fr\/wp-json\/wp\/v2\/product_cat?post=5313"},{"taxonomy":"product_tag","embeddable":true,"href":"https:\/\/mueller-wrh.de\/fr\/wp-json\/wp\/v2\/product_tag?post=5313"}],"curies":[{"name":"wp","href":"https:\/\/api.w.org\/{rel}","templated":true}]}}