{"id":5279,"date":"2026-04-16T06:46:43","date_gmt":"2026-04-16T06:46:43","guid":{"rendered":"https:\/\/mueller-wrh.de\/produkt\/star-sr-20_rii_bj-2007_iemca-boss-332e-intnr231556\/"},"modified":"2026-04-16T06:46:43","modified_gmt":"2026-04-16T06:46:43","slug":"star-sr-20_rii_bj-2007_iemca-boss-332e-intnr231556","status":"publish","type":"product","link":"https:\/\/mueller-wrh.de\/fr\/produit\/star-sr-20_rii_bj-2007_iemca-boss-332e-intnr231556\/","title":{"rendered":"STAR SR-20_RII_Bj. 2007_IEMCA BOSS 332E IntNr231556"},"content":{"rendered":"<p><b>Emplacement :<\/b> Allemagne, Baden-W\u00fcrttemberg S\u00fcdwest<\/p>\n<p><b>\u00e9tat :<\/b> Occasion<\/p>\n<p><b>fabricant :<\/b> STAR Micronics<\/p>\n<p><b>mod\u00e8le :<\/b> SR-20 RII<\/p>\n<p><b>Ann\u00e9e de construction :<\/b> 2007<\/p>\n<p><b>heures de fonctionnement :<\/b> 46066<\/p>\n<p>Tour CNC STAR SR20RII, ann\u00e9e 2007<br \/>\nType de machine : Tour CNC \u00e0 poup\u00e9e mobile (Swiss-Type)<br \/>\nCommande, Fanuc, s\u00e9rie 18i-TB,<br \/>\nHeures de mise en marche : 27700<br \/>\nHeures de fonctionnement : 46066<\/p>\n<p>Poids max. Diam\u00e8tre de rotation : \u00d8 20 mm (en option jusqu'\u00e0 22mm)<br \/>\nLongueur de tournage : 205 mm<br \/>\nBroche principale :<br \/>\nVitesse de rotation : jusqu'\u00e0 env. 10.000-12.000 min-\u00b9<br \/>\nPuissance : env. 3,7-5,5 kW<br \/>\nAxe C<br \/>\ncontre-broche :<br \/>\nVitesse de rotation : jusqu'\u00e0 env. 6.000-8.000 min-\u00b9<br \/>\nAxe C<br \/>\nLes axes :<br \/>\nX1 \/ Z1 \/ Y1 (traitement principal)<br \/>\nX2 \/ Z2 (contre-broche)<br \/>\nAvance rapide : environ 24-30 m\/min<\/p>\n<p>Dimensions de la machine 2400x1205x1700 mm<br \/>\nPoids de la machine 2200 kg<\/p>\n<p>Chargeur de magasin FMB IEMCA BOSS 332E<br \/>\nSyst\u00e8me d'extinction d'incendie <\/p>\n<p>La machine peut \u00eatre visit\u00e9e sur rendez-vous.<br \/>\nModifications et erreurs dans les donn\u00e9es techniques et les sp\u00e9cifications, ainsi que la vente pr\u00e9alable, sont r\u00e9serv\u00e9es.<\/p>\n<p>Tour de type suisse CNC STAR SR20RII, fabriqu\u00e9 en 2007<br \/>\nType de machine : Tour CNC (type Suisse)<br \/>\nSyst\u00e8me de contr\u00f4le : Fanuc, s\u00e9rie 18i-TB,<br \/>\nHeures depuis la premi\u00e8re utilisation : 27 700<br \/>\nHeures d'exploitation totales : 46 066<\/p>\n<p>Diam\u00e8tre max. de tournage : \u00d8 20 mm (optionnel jusqu'\u00e0 22 mm)<br \/>\nLongueur de rotation : 205 mm<br \/>\nBroche principale :<br \/>\nVitesse : jusqu'\u00e0 environ 10,000-12,000 rpm<br \/>\nPuissance : env. 3.7-5.5 kW<br \/>\nC-axis<br \/>\nBroche de comptoir :<br \/>\nVitesse : jusqu'\u00e0 environ 6,000-8,000 rpm<br \/>\nC-axis<br \/>\nAxes<br \/>\nX1 \/ Z1 \/ Y1 (usinage principal)<br \/>\nX2 \/ Z2 (sous-broche)<br \/>\nTraverse rapide : environ 24-30 m\/min<\/p>\n<p>Dimensions de la machine 2400x1205x1700 mm<br \/>\nPoids de la machine 2200 kg<\/p>\n<p>Chargeur FMB IEMCA BOSS 332E<br \/>\nSyst\u00e8me d'extinction d'incendie <\/p>\n<p>La machine peut \u00eatre visit\u00e9e sur rendez-vous.<br \/>\nNous nous r\u00e9servons le droit de modifier les donn\u00e9es techniques et les sp\u00e9cifications, et de vendre l'article entre-temps.<\/p>","protected":false},"excerpt":{"rendered":"<p>Standort: Deutschland, Baden-W\u00fcrttemberg S\u00fcdwest Zustand: Gebraucht Hersteller: STAR Micronics Modell: SR-20 RII Baujahr: 2007 Betriebsstunden: 46066 CNC-Langdrehmaschine STAR SR20RII, Bj. 2007 Maschinentyp: CNC-Langdrehmaschine (Swiss-Type) Steuerung, Fanuc, Serie 18i-TB, Einschaltstunden: 27700 Betriebsstunden: 46066 Max. Drehdurchmesser: \u00d8 20 mm (Optional bis 22mm) Drehl\u00e4nge: 205 mm Hauptspindel: Drehzahl: bis ca. 10.000\u201312.000 min\u207b\u00b9 Leistung: ca. 3,7\u20135,5 kW C-Achse Gegenspindel: [&hellip;]<\/p>\n","protected":false},"featured_media":5271,"comment_status":"open","ping_status":"closed","template":"","meta":{"_uf_show_specific_survey":0,"_uf_disable_surveys":false},"product_brand":[],"product_cat":[23],"product_tag":[],"class_list":{"0":"post-5279","1":"product","2":"type-product","3":"status-publish","4":"has-post-thumbnail","6":"product_cat-cnc-langdrehmaschinen","8":"first","9":"instock","10":"taxable","11":"shipping-taxable","12":"product-type-simple"},"aioseo_notices":[],"_links":{"self":[{"href":"https:\/\/mueller-wrh.de\/fr\/wp-json\/wp\/v2\/product\/5279","targetHints":{"allow":["GET"]}}],"collection":[{"href":"https:\/\/mueller-wrh.de\/fr\/wp-json\/wp\/v2\/product"}],"about":[{"href":"https:\/\/mueller-wrh.de\/fr\/wp-json\/wp\/v2\/types\/product"}],"replies":[{"embeddable":true,"href":"https:\/\/mueller-wrh.de\/fr\/wp-json\/wp\/v2\/comments?post=5279"}],"wp:featuredmedia":[{"embeddable":true,"href":"https:\/\/mueller-wrh.de\/fr\/wp-json\/wp\/v2\/media\/5271"}],"wp:attachment":[{"href":"https:\/\/mueller-wrh.de\/fr\/wp-json\/wp\/v2\/media?parent=5279"}],"wp:term":[{"taxonomy":"product_brand","embeddable":true,"href":"https:\/\/mueller-wrh.de\/fr\/wp-json\/wp\/v2\/product_brand?post=5279"},{"taxonomy":"product_cat","embeddable":true,"href":"https:\/\/mueller-wrh.de\/fr\/wp-json\/wp\/v2\/product_cat?post=5279"},{"taxonomy":"product_tag","embeddable":true,"href":"https:\/\/mueller-wrh.de\/fr\/wp-json\/wp\/v2\/product_tag?post=5279"}],"curies":[{"name":"wp","href":"https:\/\/api.w.org\/{rel}","templated":true}]}}