{"id":5226,"date":"2026-04-02T12:44:37","date_gmt":"2026-04-02T12:44:37","guid":{"rendered":"https:\/\/mueller-wrh.de\/produkt\/hwacheon-hi-tech-230bl-ysmc-bj-10_2020_-intnr231544-2\/"},"modified":"2026-04-02T12:44:37","modified_gmt":"2026-04-02T12:44:37","slug":"hwacheon-hi-tech-230bl-ysmc-bj-10_2020_-intnr231544-2","status":"publish","type":"product","link":"https:\/\/mueller-wrh.de\/fr\/produit\/hwacheon-hi-tech-230bl-ysmc-bj-10_2020_-intnr231544-2\/","title":{"rendered":"HWACHEON Hi-TECH 230BL YSMC, Ann\u00e9e 10_2020_ IntNr231544"},"content":{"rendered":"<p><b>Emplacement :<\/b> Allemagne, Baden-W\u00fcrttemberg S\u00fcdwest<\/p>\n<p><b>\u00e9tat :<\/b> Occasion<\/p>\n<p><b>fabricant :<\/b> HWACHEON<\/p>\n<p><b>mod\u00e8le :<\/b> HI-TECH 230BL YSMC<\/p>\n<p><b>Ann\u00e9e de construction :<\/b> 2020<\/p>\n<p><b>heures de fonctionnement :<\/b> 28605<\/p>\n<p>Tour CNC HWACHEON Hi-Tech 230BL YSMC, ann\u00e9e 2020<br \/>\nMise en service 2021<br \/>\nCommande : FANUC<br \/>\nVitesse de broche : jusqu'\u00e0 env. 3 500 tr\/min<br \/>\nAl\u00e9sage de broche : env. 65 mm<br \/>\nDiam\u00e8tre de rotation max. : env. 230 mm<br \/>\nLongueur de per\u00e7age max. : env. 500\u2013600 mm<br \/>\nPuissance de la broche principale : environ 15\u201322 kW<br \/>\nContre-broche : jusqu'\u00e0 environ 4 500 tr\/min<br \/>\nRevolver d'outils : env. 12 stations<br \/>\nAxes : axe X, Z et Y, axe C (broche principale et contre-broche)<br \/>\nMarche : jusqu'\u00e0 environ 24 m\/min<br \/>\nBroche principale + contre-broche<br \/>\nAxe Y pour usinage excentr\u00e9<br \/>\nAxe C pour positionnement\/interpolation<br \/>\nRevolver avec outils motoris\u00e9s<br \/>\nCourse de l'axe Y\u00a0: env. \u00b150 mm<br \/>\nCourses X\/Z : X env. 200 mm \/ Z env. 500\u2013600 mm<br \/>\nStations de revolver\u00a0: g\u00e9n\u00e9ralement 12 stations\u00a0; BMT<br \/>\nOutils \u00e9lectriques : disponibles<br \/>\nContre-broche : pour l'usinage arri\u00e8re<br \/>\nSyst\u00e8me d'aspiration AR Filtration<br \/>\nEnsemble de porte-outils<br \/>\nConvoyeur \u00e0 copeaux<br \/>\nAccessoires<br \/>\nManuels<\/p>\n<p>Dimensions d'installation (environ)<br \/>\nLongueur : environ 3 200 mm<br \/>\nLargeur : env. 1 800 mm<br \/>\nHauteur : environ 1 850 mm<br \/>\nPoids : environ 6 800 kg<\/p>\n<p>Sous r\u00e9serve de modifications et d'erreurs techniques, ainsi que de ventes interm\u00e9diaires !<\/p>\n<p>Tour CNC HWACHEON Hi-Tech 230BL YSMC, ann\u00e9e 2020<br \/>\nCommand\u00e9 : 2021<br \/>\nContr\u00f4le : FANUC<br \/>\nVitesse de broche\u00a0: jusqu\u2019\u00e0 env. 3\u00a0500 tr\/min<br \/>\nAl\u00e9sage de broche : env. 65 mm<br \/>\nDiam\u00e8tre de tournage max. : env. 230 mm<br \/>\nLongueur de tournage max. : env. 500\u2013600 mm<br \/>\nPuissance de la broche principale : env. 15\u201322 kW<br \/>\nVitesse de la contre-broche : jusqu'\u00e0 environ 4 500 tr\/min<br \/>\nTourelle porte-outils : env. 12 stations<br \/>\nAxes : axe X, axe Z et axe Y, axe C (broche principale et secondaire)<br \/>\nTranslation:\nVitesse de translation rapide : jusqu'\u00e0 env. 24 m\/min<\/p>\n<p>Broche principale + contre-broche<br \/>\nAxe Y pour usinage d\u00e9centr\u00e9<br \/>\nAxe C pour positionnement\/interpolation<br \/>\nTourelle \u00e0 outils entra\u00een\u00e9s<br \/>\nCourse de l'axe Y : environ \u00b150 mm<br \/>\nCourse X\/Z : X env. 200 mm \/ Z env. 500\u2013600 mm<br \/>\nTours : g\u00e9n\u00e9ralement 12 tours, BMT<br \/>\nOutils \u00e0 entra\u00eenement : disponibles<br \/>\nContre-broche : pour l'usinage arri\u00e8re<\/p>\n<p>\u00c9quipement<br \/>\nSyst\u00e8me d'extraction AR Filtratione<br \/>\nEmballage de porte-outil<br \/>\nConvoyeur \u00e0 puce<br \/>\nAccessoires<br \/>\nManuels<\/p>\n<p>Dimensions d'installation (env.)<br \/>\nLongueur : env. 3 200 mm<br \/>\nLargeur : env. 1 800 mm<br \/>\nHauteur : environ 1 850 mm<br \/>\nPoids : environ 6 800 kg<\/p>\n<p>Sous r\u00e9serve de modifications et d'erreurs techniques, et de vente pr\u00e9alable !<\/p>","protected":false},"excerpt":{"rendered":"<p>Standort: Deutschland, Baden-W\u00fcrttemberg S\u00fcdwest Zustand: Gebraucht Hersteller: HWACHEON Modell: Hi-TECH 230BL YSMC Baujahr: 2020 Betriebsstunden: 28605 CNC-Drehmaschine HWACHEON Hi-Tech 230BL YSMC, Bj. 2020 Inbetriebnahme 2021 Steuerung: FANUC Spindeldrehzahl: bis ca. 3.500 U\/min Spindelbohrung: ca. 65 mm Max. Drehdurchmesser: ca. 230 mm Max. Drehl\u00e4nge: ca. 500\u2013600 mm Hauptspindelleistung: ca. 15\u201322 kW Gegenspindel: bis ca. 4.500 U\/min [&hellip;]<\/p>\n","protected":false},"featured_media":5220,"comment_status":"open","ping_status":"closed","template":"","meta":{"_uf_show_specific_survey":0,"_uf_disable_surveys":false},"product_brand":[],"product_cat":[89],"product_tag":[],"class_list":{"0":"post-5226","1":"product","2":"type-product","3":"status-publish","4":"has-post-thumbnail","6":"product_cat-cnc-kurzdrehmaschinen","8":"first","9":"instock","10":"taxable","11":"shipping-taxable","12":"product-type-simple"},"aioseo_notices":[],"_links":{"self":[{"href":"https:\/\/mueller-wrh.de\/fr\/wp-json\/wp\/v2\/product\/5226","targetHints":{"allow":["GET"]}}],"collection":[{"href":"https:\/\/mueller-wrh.de\/fr\/wp-json\/wp\/v2\/product"}],"about":[{"href":"https:\/\/mueller-wrh.de\/fr\/wp-json\/wp\/v2\/types\/product"}],"replies":[{"embeddable":true,"href":"https:\/\/mueller-wrh.de\/fr\/wp-json\/wp\/v2\/comments?post=5226"}],"wp:featuredmedia":[{"embeddable":true,"href":"https:\/\/mueller-wrh.de\/fr\/wp-json\/wp\/v2\/media\/5220"}],"wp:attachment":[{"href":"https:\/\/mueller-wrh.de\/fr\/wp-json\/wp\/v2\/media?parent=5226"}],"wp:term":[{"taxonomy":"product_brand","embeddable":true,"href":"https:\/\/mueller-wrh.de\/fr\/wp-json\/wp\/v2\/product_brand?post=5226"},{"taxonomy":"product_cat","embeddable":true,"href":"https:\/\/mueller-wrh.de\/fr\/wp-json\/wp\/v2\/product_cat?post=5226"},{"taxonomy":"product_tag","embeddable":true,"href":"https:\/\/mueller-wrh.de\/fr\/wp-json\/wp\/v2\/product_tag?post=5226"}],"curies":[{"name":"wp","href":"https:\/\/api.w.org\/{rel}","templated":true}]}}