{"id":5219,"date":"2026-04-01T13:56:33","date_gmt":"2026-04-01T13:56:33","guid":{"rendered":"https:\/\/mueller-wrh.de\/produkt\/hyunda-wia-l230-lmsa-bj-01_2018_-intnr231546\/"},"modified":"2026-04-10T10:07:03","modified_gmt":"2026-04-10T10:07:03","slug":"hyunda-wia-l230-lmsa-bj-01_2018_-intnr231546","status":"publish","type":"product","link":"https:\/\/mueller-wrh.de\/fr\/produit\/hyunda-wia-l230-lmsa-bj-01_2018_-intnr231546\/","title":{"rendered":"HYUNDA WIA L230 LMSA, Ann\u00e9e 2018 Chantier naval 231546"},"content":{"rendered":"<p><b>Emplacement :<\/b> Allemagne, Baden-W\u00fcrttemberg S\u00fcdwest<\/p>\n<p><b>\u00e9tat :<\/b> Occasion<\/p>\n<p><b>fabricant :<\/b> HYUNDAI WIA<\/p>\n<p><b>mod\u00e8le :<\/b> L230 LMSA<\/p>\n<p><b>Ann\u00e9e de construction :<\/b> 2018<\/p>\n<p><b>heures de fonctionnement :<\/b> 9078<\/p>\n<p>Tour CNC HYUNDAI WIA L230 LMSA, ann\u00e9e 2018<\/p>\n<p>Commande : FANUC<br \/>\nDiam\u00e8tre de pivotement 600 mm<br \/>\nAl\u00e9sage de broche 310 mm<br \/>\nDiam\u00e8tre de tournage sur bo\u00eete 355 mm<br \/>\nAl\u00e9sage de broche 78 mm<br \/>\nPassage de tige 65 mm<br \/>\nPlage de r\u00e9gime 4000 tr\/min<br \/>\nLongueur du foret 521 mm<br \/>\nCourse de d\u00e9placement \u2013 z 560 mm<br \/>\nCourse \u2013 x 220 mm<br \/>\nT\u00eate revolver (x-fois) 12<br \/>\nCommande Fanuc i<br \/>\naxe c 0,001\u00b0 0<br \/>\nBroche secondaire 5000 tr\/min<br \/>\nCourse de d\u00e9placement \u2013 L 590 mm<br \/>\nBesoin total en puissance 20 kVA<br \/>\nPoids de la machine environ 5 t<br \/>\nBesoin d'espace env. LTH 3,7 x 1,7 x 1,9 m<br \/>\nMachine bien entretenue<br \/>\nHeures de broche seulement 1 569 h.<\/p>\n<p> Tourelle d'outils 12 postes, entra\u00een\u00e9e 5.000 tr\/min<br \/>\n Dispositif de r\u00e9ception de pi\u00e8ce<br \/>\nPorte-sonde \u00e0 enfouissement automatique<br \/>\nBroche de contre-broche 5\u00a0000 tr\/min<br \/>\nConvoyeur \u00e0 copeaux<br \/>\nPompe de liquide de refroidissement<br \/>\nInterface USB &amp; LAN &amp; RS232C<\/p>\n<p>Ensemble de porte-outils<br \/>\n3-Mors 205 mm<br \/>\n3- Mandrin de broche secondaire<br \/>\n2 porte-outils entra\u00een\u00e9s (radial + axial)<br \/>\n10 x porte-outils rigide<br \/>\nArmoire \u00e0 outils<br \/>\nm\u00e2choires diff\u00e9rentes<br \/>\ndiff\u00e9rents burins de tournage<br \/>\nInterface USB &amp; LAN &amp; RS232C<br \/>\nConvoyeur \u00e0 copeaux<br \/>\nAccessoires<br \/>\nManuels<\/p>\n<p>Dimensions d'installation (environ)<br \/>\nProfondeur : environ 1 685 mm<br \/>\nLargeur : env. 1 900<br \/>\nHauteur : environ 1\u00a0860\u00a0mm<br \/>\nPoids : env. 5 000 kg<\/p>\n<p>Sous r\u00e9serve de modifications et d'erreurs techniques, ainsi que de ventes interm\u00e9diaires !<\/p>\n<p>Tour CNC HYUNDA WIA L230 LMSA, Bj. 01_2018<\/p>\n<p>Contr\u00f4le : FANUC<\/p>\n<p>Diam\u00e8tre de tournage : 600 mm<br \/>\nDiam\u00e8tre de tournage max. : 310 mm<br \/>\nDiam\u00e8tre de tournage au-dessus du support transversal : 355 mm<br \/>\nAl\u00e9sage de broche\u00a0: 78\u00a0mm<br \/>\nCapacit\u00e9 de la barre : 65 mm<br \/>\nPlage de vitesse de la broche : jusqu'\u00e0 4 000 tr\/min<br \/>\nLongueur de tournage max. : 521 mm<br \/>\nCourse de l'axe Z : 560 mm<br \/>\nCourse de l'axe X : 220 mm<br \/>\nTour : 12 stations<br \/>\nContr\u00f4le : Fanuc i<br \/>\nR\u00e9solution de l'axe C : 0,001\u00b0<br \/>\nVitesse broche secondaire : jusqu'\u00e0 5 000 tr\/min<br \/>\nCourse de l'axe W : 590 mm<br \/>\nConsommation totale connect\u00e9e : environ 20 kVA<br \/>\nPoids de la machine : env. 5 t<br \/>\nEspace requis (L x l x H) : env. 3,7 x 1,7 x 1,9 m<br \/>\nMachine bien entretenue<br \/>\nHeures broche seulement 1 569 h<\/p>\n<p>Tourelle d'outils : 12 postes, outils entra\u00een\u00e9s jusqu'\u00e0 5 000 tr\/min<br \/>\nCatcheur de pi\u00e8ces de travail<br \/>\nSyst\u00e8me de sondage automatique (pivotant)<br \/>\nVitesse de la broche secondaire : 5 000 tr\/min<br \/>\nConvoyeur \u00e0 puce<br \/>\nPompe de refroidissement<br \/>\nInterfaces : USB, LAN et RS232C<\/p>\n<p>Ensemble d'outils<br \/>\nMandrin 3 mors 205 mm<br \/>\nMandrin \u00e0 3 mors pour contre-broche<br \/>\n2 porte-outils entra\u00een\u00e9s (radiaux + axiaux)<br \/>\n10 porte-outils statiques<br \/>\nArmoire \u00e0 outils<br \/>\nM\u00e2choires souples vari\u00e9es<br \/>\nDivers outils de tournage<br \/>\nInterfaces USB, LAN et RS232C<br \/>\nConvoyeur \u00e0 puce<br \/>\nAccessoires<br \/>\nManuels<\/p>\n<p>Dimensions d'installation (env.)<br \/>\nLongueur (profondeur) : environ 1 685 mm<br \/>\nLargeur : env. 1 900 mm<br \/>\nHauteur : env. 1 860 mm<br \/>\nPoids\u00a0: env. 5\u00a0000\u00a0kg<\/p>\n<p>Sous r\u00e9serve de modifications et d'erreurs techniques, et de vente pr\u00e9alable !<\/p>","protected":false},"excerpt":{"rendered":"<p>Standort: Deutschland, Baden-W\u00fcrttemberg S\u00fcdwest Zustand: Gebraucht Hersteller: HYUNDA WIA Modell: L230 LMSA Baujahr: 2018 Betriebsstunden: 9078 CNC-Drehmaschine HYUNDA WIA L230 LMSA, Bj. 01_2018 Steuerung: FANUC Schwingdurchmesser 600 mm Drehdurchmesser 310 mm Drehdurchmesser \u00fcber Support 355 mm Spindelbohrung 78 mm Stangendurchlass 65 mm Drehzahlbereich 4000 U\/min Drehl\u00e4nge 521 mm Verfahrweg &#8211; z 560 mm Verfahrweg &#8211; [&hellip;]<\/p>\n","protected":false},"featured_media":5228,"comment_status":"open","ping_status":"closed","template":"","meta":{"_uf_show_specific_survey":0,"_uf_disable_surveys":false},"product_brand":[],"product_cat":[89],"product_tag":[],"class_list":{"0":"post-5219","1":"product","2":"type-product","3":"status-publish","4":"has-post-thumbnail","6":"product_cat-cnc-kurzdrehmaschinen","8":"first","9":"instock","10":"taxable","11":"shipping-taxable","12":"product-type-simple"},"aioseo_notices":[],"_links":{"self":[{"href":"https:\/\/mueller-wrh.de\/fr\/wp-json\/wp\/v2\/product\/5219","targetHints":{"allow":["GET"]}}],"collection":[{"href":"https:\/\/mueller-wrh.de\/fr\/wp-json\/wp\/v2\/product"}],"about":[{"href":"https:\/\/mueller-wrh.de\/fr\/wp-json\/wp\/v2\/types\/product"}],"replies":[{"embeddable":true,"href":"https:\/\/mueller-wrh.de\/fr\/wp-json\/wp\/v2\/comments?post=5219"}],"wp:featuredmedia":[{"embeddable":true,"href":"https:\/\/mueller-wrh.de\/fr\/wp-json\/wp\/v2\/media\/5228"}],"wp:attachment":[{"href":"https:\/\/mueller-wrh.de\/fr\/wp-json\/wp\/v2\/media?parent=5219"}],"wp:term":[{"taxonomy":"product_brand","embeddable":true,"href":"https:\/\/mueller-wrh.de\/fr\/wp-json\/wp\/v2\/product_brand?post=5219"},{"taxonomy":"product_cat","embeddable":true,"href":"https:\/\/mueller-wrh.de\/fr\/wp-json\/wp\/v2\/product_cat?post=5219"},{"taxonomy":"product_tag","embeddable":true,"href":"https:\/\/mueller-wrh.de\/fr\/wp-json\/wp\/v2\/product_tag?post=5219"}],"curies":[{"name":"wp","href":"https:\/\/api.w.org\/{rel}","templated":true}]}}