{"id":5188,"date":"2026-03-31T15:28:26","date_gmt":"2026-03-31T15:28:26","guid":{"rendered":"https:\/\/mueller-wrh.de\/produkt\/star-sr20r-ii-bj-12_2006_mit-fmb-turbo-3-26_-intnr231539\/"},"modified":"2026-03-31T15:28:26","modified_gmt":"2026-03-31T15:28:26","slug":"star-sr20r-ii-bj-12_2006_mit-fmb-turbo-3-26_-intnr231539","status":"publish","type":"product","link":"https:\/\/mueller-wrh.de\/fr\/produit\/star-sr20r-ii-bj-12_2006_mit-fmb-turbo-3-26_-intnr231539\/","title":{"rendered":"STAR SR20R II , ann\u00e9e 12_2006_avec FMB Turbo 3-26_ IntNr231539"},"content":{"rendered":"<p><b>Emplacement :<\/b> Allemagne, Baden-W\u00fcrttemberg S\u00fcdwest<\/p>\n<p><b>\u00e9tat :<\/b> Occasion<\/p>\n<p><b>fabricant :<\/b> STAR Micronics<\/p>\n<p><b>mod\u00e8le :<\/b> SR-20R II<\/p>\n<p><b>heures de fonctionnement :<\/b> 58685<\/p>\n<p>Tournage CNC STAR SR-20RII avec FMB Turbo 3-26<br \/>\nAnn\u00e9e de fabrication : 12_2006<br \/>\nCommande : Fanuc 18i-TB<\/p>\n<p>Donn\u00e9es techniques<br \/>\nPoids max. Diam\u00e8tre de rotation : \u00d8 20 mm (en option jusqu'\u00e0 \u00d8 22 mm)<br \/>\nLongueur de tournage : 205 mm<br \/>\nBroche principale :<br \/>\n- Vitesse de rotation : jusqu'\u00e0 env. 10.000-12.000 min-\u00b9<br \/>\n- Puissance : env. 3,7-5,5 kW<br \/>\n- Axe C pour l'usinage de contours<br \/>\ncontre-broche :<br \/>\n- Vitesse de rotation : jusqu'\u00e0 env. 6.000-8.000 min-\u00b9<br \/>\n- Axe C<br \/>\nAxes (d\u00e9placements) :<br \/>\n- X1 \/ Z1 \/ Y1 (usinage principal) : X1 env. 265 mm \/ Z1 env. 205 mm \/ Y1 \u00b1 20 mm<br \/>\n- X2 \/ Z2 (contre-broche) : similaire \u00e0 l'axe principal, les valeurs exactes d\u00e9pendent de la machine<br \/>\n- Avance rapide : environ 24-30 m\/min<\/p>\n<p>Dimensions de la machine : 2.400 \u00d7 1.205 \u00d7 1.700 mm<br \/>\nPoids de la machine : env. 2 200 kg<\/p>\n<p>Ravitailleur de barres : FMB TURBO 3-26\/3200<br \/>\nConvoyeur \u00e0 copeaux<\/p>\n<p>Visite de la machine : La machine peut \u00eatre visit\u00e9e sur place sur rendez-vous.<br \/>\nRemarque : sous r\u00e9serve de modifications et d'erreurs dans les donn\u00e9es techniques ainsi que de vente interm\u00e9diaire !<\/p>\n<p>Tour vertical CNC STAR SR-20RII avec FMB Turbo 3-26<br \/>\nAnn\u00e9e de fabrication : 12_2006<br \/>\nSyst\u00e8me de commande : Fanuc 18i-TB<\/p>\n<p>Sp\u00e9cifications techniques<br \/>\nDiam\u00e8tre max. de tournage : \u00d8 20 mm (en option jusqu'\u00e0 \u00d8 22 mm)<br \/>\nLongueur de rotation : 205 mm<br \/>\nBroche principale :<br \/>\n\u2022    Vitesse : jusqu'\u00e0 environ 10 000\u201312 000 tr\/min<br \/>\n\u2022 Puissance : environ 3,7\u20135,5 kW<br \/>\n\u2022    Axe C pour l'usinage de contour<br \/>\nBroche de comptoir :<br \/>\n\u2022 Vitesse : jusqu'\u00e0 environ 6 000\u20138 000 tr\/min<br \/>\n\u2022 Axe C<br \/>\nAxes (travel ranges) :<br \/>\n\u2022 X1 \/ Z1 \/ Y1 (usinage principal) : X1 env. 265 mm \/ Z1 env. 205 mm \/ Y1 \u00b1 20 mm<br \/>\n\u2022 X2 \/ Z2 (broche de contre-per\u00e7age) : similaire \u00e0 l'axe principal, les valeurs exactes d\u00e9pendent de la machine<br \/>\n\u2022    Avance rapide : env. 24\u201330 m\/min<\/p>\n<p>Dimensions de la machine : 2,400 \u00d7 1,205 \u00d7 1,700 mm<br \/>\nPoids de la machine : env. 2,200 kg<\/p>\n<p>Chargeur de barres : FMB TURBO 3-26\/3200<br \/>\nConvoyeur \u00e0 puce<\/p>\n<p>Visite : La machine peut \u00eatre visit\u00e9e sur place sur rendez-vous.<br \/>\nRemarque : Sous r\u00e9serve de modifications et d'erreurs dans les donn\u00e9es techniques, et vente pr\u00e9alable !<\/p>","protected":false},"excerpt":{"rendered":"<p>Standort: Deutschland, Baden-W\u00fcrttemberg S\u00fcdwest Zustand: Gebraucht Hersteller: STAR Micronics Modell: SR-20R II Betriebsstunden: 58685 CNC-Langdrehmaschine STAR SR-20RII mit FMB Turbo 3-26 Baujahr: 12_2006 Steuerung: Fanuc 18i-TB Technische Daten Max. Drehdurchmesser: \u00d8 20 mm (optional bis \u00d8 22 mm) Drehl\u00e4nge: 205 mm Hauptspindel: \u2022 Drehzahl: bis ca. 10.000\u201312.000 min\u207b\u00b9 \u2022 Leistung: ca. 3,7\u20135,5 kW \u2022 C-Achse [&hellip;]<\/p>\n","protected":false},"featured_media":5182,"comment_status":"open","ping_status":"closed","template":"","meta":{"_uf_show_specific_survey":0,"_uf_disable_surveys":false},"product_brand":[],"product_cat":[23],"product_tag":[],"class_list":{"0":"post-5188","1":"product","2":"type-product","3":"status-publish","4":"has-post-thumbnail","6":"product_cat-cnc-langdrehmaschinen","8":"first","9":"instock","10":"taxable","11":"shipping-taxable","12":"product-type-simple"},"aioseo_notices":[],"_links":{"self":[{"href":"https:\/\/mueller-wrh.de\/fr\/wp-json\/wp\/v2\/product\/5188","targetHints":{"allow":["GET"]}}],"collection":[{"href":"https:\/\/mueller-wrh.de\/fr\/wp-json\/wp\/v2\/product"}],"about":[{"href":"https:\/\/mueller-wrh.de\/fr\/wp-json\/wp\/v2\/types\/product"}],"replies":[{"embeddable":true,"href":"https:\/\/mueller-wrh.de\/fr\/wp-json\/wp\/v2\/comments?post=5188"}],"wp:featuredmedia":[{"embeddable":true,"href":"https:\/\/mueller-wrh.de\/fr\/wp-json\/wp\/v2\/media\/5182"}],"wp:attachment":[{"href":"https:\/\/mueller-wrh.de\/fr\/wp-json\/wp\/v2\/media?parent=5188"}],"wp:term":[{"taxonomy":"product_brand","embeddable":true,"href":"https:\/\/mueller-wrh.de\/fr\/wp-json\/wp\/v2\/product_brand?post=5188"},{"taxonomy":"product_cat","embeddable":true,"href":"https:\/\/mueller-wrh.de\/fr\/wp-json\/wp\/v2\/product_cat?post=5188"},{"taxonomy":"product_tag","embeddable":true,"href":"https:\/\/mueller-wrh.de\/fr\/wp-json\/wp\/v2\/product_tag?post=5188"}],"curies":[{"name":"wp","href":"https:\/\/api.w.org\/{rel}","templated":true}]}}