{"id":5181,"date":"2026-03-30T10:48:23","date_gmt":"2026-03-30T10:48:23","guid":{"rendered":"https:\/\/mueller-wrh.de\/produkt\/mayfran-spaenefoerderer-typ-scharnierband-bj-15-intnr231541\/"},"modified":"2026-03-30T10:48:24","modified_gmt":"2026-03-30T10:48:24","slug":"mayfran-spaenefoerderer-typ-scharnierband-bj-15-intnr231541","status":"publish","type":"product","link":"https:\/\/mueller-wrh.de\/fr\/produit\/mayfran-spaenefoerderer-typ-scharnierband-bj-15-intnr231541\/","title":{"rendered":"Convoyeur \u00e0 copeaux Mayfran de type charni\u00e8re Bj. `15, IntNr231541"},"content":{"rendered":"<p><b>Emplacement :<\/b> Allemagne, Baden-W\u00fcrttemberg S\u00fcdwest<\/p>\n<p><b>\u00e9tat :<\/b> Occasion<\/p>\n<p><b>fabricant :<\/b> MAYFRAN<\/p>\n<p><b>mod\u00e8le :<\/b> Bande charni\u00e8re<\/p>\n<p><b>Ann\u00e9e de construction :<\/b> 2015<\/p>\n<p>Convoyeur \u00e0 copeaux MAYFRAN type charni\u00e8re ann\u00e9e 2015<\/p>\n<p>Donn\u00e9es techniques<br \/>\nvol fonctionnel<br \/>\nlongueur d'insertion : 940 mm<br \/>\nmont\u00e9 en dernier sur un tour long CNC<\/p>\n<p>POIDS ET DIMENSIONS<br \/>\nDimensions du magasin de chargement : env. 2200 x 710 x 1100 mm<br \/>\nPoids du magasin de chargement : env. 250 kg<\/p>\n<p>La machine peut \u00eatre visit\u00e9e sur rendez-vous.<br \/>\nSous r\u00e9serve de modifications et d'erreurs dans les donn\u00e9es techniques et les indications ainsi que de vente interm\u00e9diaire !<\/p>\n<p>Convoyeur \u00e0 chips MAYFRAN, type \u00e0 bande ferm\u00e9e, construit en 2015<\/p>\n<p>Sp\u00e9cifications techniques<br \/>\nEnti\u00e8rement op\u00e9rationnel<br \/>\nLongueur de chargement : 940 mm<br \/>\nDerni\u00e8rement utilis\u00e9 sur un tour vertical CNC<\/p>\n<p>POIDS ET DIMENSIONS<br \/>\nDimensions du magasin de chargement : env. 2200 x 710 x 1100 mm<br \/>\nPoids du magasin de chargement : env. 250 kg<\/p>\n<p>La machine peut \u00eatre visit\u00e9e sur rendez-vous.<br \/>\nNous nous r\u00e9servons le droit d'apporter des modifications et des corrections aux donn\u00e9es techniques et aux sp\u00e9cifications, et de vendre l'article dans l'intervalle !<\/p>","protected":false},"excerpt":{"rendered":"<p>Standort: Deutschland, Baden-W\u00fcrttemberg S\u00fcdwest Zustand: Gebraucht Hersteller: MAYFRAN Modell: Scharnierband Baujahr: 2015 MAYFRAN Sp\u00e4nef\u00f6rderer Typ Scharnierband Bj. 2015 Technische Daten vol funktionsf\u00e4hig Einschubl\u00e4nge : 940 mm zuletzt angebaut an CNC-Langdrehmaschine GEWICHT UND ABMESSUNGEN Abmessungen Lademagazin: ca. 2200 x 710 x 1100 mm Gewicht Lademagazin: ca. 250 kg Die Maschine kann nach Terminvereinbarung Strom besichtigt werden. [&hellip;]<\/p>\n","protected":false},"featured_media":5178,"comment_status":"open","ping_status":"closed","template":"","meta":{"_uf_show_specific_survey":0,"_uf_disable_surveys":false},"product_brand":[],"product_cat":[105],"product_tag":[],"class_list":{"0":"post-5181","1":"product","2":"type-product","3":"status-publish","4":"has-post-thumbnail","6":"product_cat-zubehoer-sonstiges","8":"first","9":"instock","10":"taxable","11":"shipping-taxable","12":"product-type-simple"},"aioseo_notices":[],"_links":{"self":[{"href":"https:\/\/mueller-wrh.de\/fr\/wp-json\/wp\/v2\/product\/5181","targetHints":{"allow":["GET"]}}],"collection":[{"href":"https:\/\/mueller-wrh.de\/fr\/wp-json\/wp\/v2\/product"}],"about":[{"href":"https:\/\/mueller-wrh.de\/fr\/wp-json\/wp\/v2\/types\/product"}],"replies":[{"embeddable":true,"href":"https:\/\/mueller-wrh.de\/fr\/wp-json\/wp\/v2\/comments?post=5181"}],"wp:featuredmedia":[{"embeddable":true,"href":"https:\/\/mueller-wrh.de\/fr\/wp-json\/wp\/v2\/media\/5178"}],"wp:attachment":[{"href":"https:\/\/mueller-wrh.de\/fr\/wp-json\/wp\/v2\/media?parent=5181"}],"wp:term":[{"taxonomy":"product_brand","embeddable":true,"href":"https:\/\/mueller-wrh.de\/fr\/wp-json\/wp\/v2\/product_brand?post=5181"},{"taxonomy":"product_cat","embeddable":true,"href":"https:\/\/mueller-wrh.de\/fr\/wp-json\/wp\/v2\/product_cat?post=5181"},{"taxonomy":"product_tag","embeddable":true,"href":"https:\/\/mueller-wrh.de\/fr\/wp-json\/wp\/v2\/product_tag?post=5181"}],"curies":[{"name":"wp","href":"https:\/\/api.w.org\/{rel}","templated":true}]}}