{"id":5172,"date":"2026-03-30T10:25:39","date_gmt":"2026-03-30T10:25:39","guid":{"rendered":"https:\/\/mueller-wrh.de\/produkt\/fmb-turbo-3-26-3200-a-bj-07-intnr231540\/"},"modified":"2026-03-30T10:29:02","modified_gmt":"2026-03-30T10:29:02","slug":"fmb-turbo-3-26-3200-a-bj-07-intnr231540","status":"publish","type":"product","link":"https:\/\/mueller-wrh.de\/fr\/produit\/fmb-turbo-3-26-3200-a-bj-07-intnr231540\/","title":{"rendered":"FMB Turbo 3 26 3200 A ann\u00e9e `07, IntNr231540"},"content":{"rendered":"<p><b>Emplacement :<\/b> Allemagne, Baden-W\u00fcrttemberg S\u00fcdwest<\/p>\n<p><b>\u00e9tat :<\/b> Occasion<\/p>\n<p><b>fabricant :<\/b> FMB<\/p>\n<p><b>mod\u00e8le :<\/b> Turbo 3-26<\/p>\n<p><b>Ann\u00e9e de construction :<\/b> 2007<\/p>\n<p>FMB Ravitailleur de barres TURBO 3-26 3200 A, ann\u00e9e 2007<\/p>\n<p>Pays de production : Allemagne<br \/>\nDonn\u00e9es techniques<br \/>\nDiam\u00e8tre de la tige : 3-26 mm<br \/>\nlongueur de la barre : 3200 mm<br \/>\nderni\u00e8rement mont\u00e9 sur tour CNC \u00e0 poup\u00e9e mobile STAR SR 20RII<\/p>\n<p>POIDS ET DIMENSIONS<br \/>\nDimensions du magasin de chargement : env. 4300 x 701 x 1400 mm<br \/>\nPoids du magasin de chargement : env. 980 kg<\/p>\n<p>La machine peut \u00eatre visit\u00e9e sur rendez-vous.<br \/>\nSous r\u00e9serve de modifications et d'erreurs dans les donn\u00e9es techniques et les indications ainsi que de vente interm\u00e9diaire !<\/p>\n<p>FMB TURBO 3-26 3200 A bar loader, construit en 2007<\/p>\n<p>Pays de fabrication : Allemagne<br \/>\nDonn\u00e9es techniques<br \/>\nDiam\u00e8tre de la barre : 3-26 mm<br \/>\nLongueur de la barre : 3200 mm<br \/>\nDerni\u00e8rement install\u00e9e sur une t\u00eate coulissante CNC STAR SR 20R II<\/p>\n<p>POIDS ET DIMENSIONS<br \/>\nDimensions du magasin de chargement : env. 4300 x 701 x 1400 mm<br \/>\nPoids du magasin de chargement : env. 980 kg<\/p>\n<p>La machine peut \u00eatre visit\u00e9e sur rendez-vous.<br \/>\nSous r\u00e9serve de modifications et d'erreurs dans les donn\u00e9es techniques et les sp\u00e9cifications, ainsi que de vente pr\u00e9alable !<\/p>","protected":false},"excerpt":{"rendered":"<p>Standort: Deutschland, Baden-W\u00fcrttemberg S\u00fcdwest Zustand: Gebraucht Hersteller: FMB Modell: Turbo 3-26 Baujahr: 2007 FMB Stangenlademagazin TURBO 3-26 3200 A, Bj. 2007 Herstellerland: Deutschland Technische Daten Stangendurchmesser : 3-26 mm Stangenl\u00e4nge : 3200 mm zuletzt angebaut an CNC-Langdrehmaschine STAR SR 20RII GEWICHT UND ABMESSUNGEN Abmessungen Lademagazin: ca. 4300 x 701 x 1400 mm Gewicht Lademagazin: ca. [&hellip;]<\/p>\n","protected":false},"featured_media":5173,"comment_status":"open","ping_status":"closed","template":"","meta":{"_uf_show_specific_survey":0,"_uf_disable_surveys":false},"product_brand":[],"product_cat":[88],"product_tag":[],"class_list":{"0":"post-5172","1":"product","2":"type-product","3":"status-publish","4":"has-post-thumbnail","6":"product_cat-stangenzufuehrungen","8":"first","9":"instock","10":"taxable","11":"shipping-taxable","12":"product-type-simple"},"aioseo_notices":[],"_links":{"self":[{"href":"https:\/\/mueller-wrh.de\/fr\/wp-json\/wp\/v2\/product\/5172","targetHints":{"allow":["GET"]}}],"collection":[{"href":"https:\/\/mueller-wrh.de\/fr\/wp-json\/wp\/v2\/product"}],"about":[{"href":"https:\/\/mueller-wrh.de\/fr\/wp-json\/wp\/v2\/types\/product"}],"replies":[{"embeddable":true,"href":"https:\/\/mueller-wrh.de\/fr\/wp-json\/wp\/v2\/comments?post=5172"}],"wp:featuredmedia":[{"embeddable":true,"href":"https:\/\/mueller-wrh.de\/fr\/wp-json\/wp\/v2\/media\/5173"}],"wp:attachment":[{"href":"https:\/\/mueller-wrh.de\/fr\/wp-json\/wp\/v2\/media?parent=5172"}],"wp:term":[{"taxonomy":"product_brand","embeddable":true,"href":"https:\/\/mueller-wrh.de\/fr\/wp-json\/wp\/v2\/product_brand?post=5172"},{"taxonomy":"product_cat","embeddable":true,"href":"https:\/\/mueller-wrh.de\/fr\/wp-json\/wp\/v2\/product_cat?post=5172"},{"taxonomy":"product_tag","embeddable":true,"href":"https:\/\/mueller-wrh.de\/fr\/wp-json\/wp\/v2\/product_tag?post=5172"}],"curies":[{"name":"wp","href":"https:\/\/api.w.org\/{rel}","templated":true}]}}