{"id":5165,"date":"2026-03-27T13:42:13","date_gmt":"2026-03-27T13:42:13","guid":{"rendered":"https:\/\/mueller-wrh.de\/produkt\/gildemeister-ctx-beta-1250-4a-bj-2012_-intnr231536\/"},"modified":"2026-03-27T13:42:13","modified_gmt":"2026-03-27T13:42:13","slug":"gildemeister-ctx-beta-1250-4a-bj-2012_-intnr231536","status":"publish","type":"product","link":"https:\/\/mueller-wrh.de\/fr\/produit\/gildemeister-ctx-beta-1250-4a-bj-2012_-intnr231536\/","title":{"rendered":"Gildemeister CTX Beta 1250 4A, ann\u00e9e 2012_ IntNr231536"},"content":{"rendered":"<p><b>Emplacement :<\/b> Allemagne, Baden-W\u00fcrttemberg S\u00fcdwest<\/p>\n<p><b>\u00e9tat :<\/b> Occasion<\/p>\n<p><b>fabricant :<\/b> DMG<\/p>\n<p><b>mod\u00e8le :<\/b> CTX Beta 1250 4A<\/p>\n<p><b>Ann\u00e9e de construction :<\/b> 2012<\/p>\n<p><b>heures de fonctionnement :<\/b> 20000<\/p>\n<p>Centre de tournage CNC haut de gamme avec 2 tourelles, axe Y et ravitailleur IRCO<\/p>\n<p>Commande : SIEMENS 840D SolutionLine avec interface ShopTurn<br \/>\nAnn\u00e9e de construction : 2012<br \/>\nHeures de broche : 20.000<\/p>\n<p>Diam\u00e8tre de rotation (max.) : env. 390 mm<br \/>\nLongueur de tournage (max.) : 1.250 mm<br \/>\nPassage de barre : 76 mm (standard)<\/p>\n<p>Axe X : 300 mm<br \/>\naxe Z : 1.250 mm<br \/>\nAxe Y : +\/- 60 mm (sur la tourelle sup\u00e9rieure)<\/p>\n<p>Propri\u00e9t\u00e9s de la broche :<br \/>\nVitesse de rotation : jusqu'\u00e0 5.000 tr\/min<br \/>\nPuissance d'entra\u00eenement : 34 kW (40% ED)<br \/>\nCouple : jusqu'\u00e0 380 Nm<\/p>\n<p>Cin\u00e9matique \u00e0 4 axes<br \/>\n2 x 12 stations (toutes les stations conviennent pour des outils entra\u00een\u00e9s)<br \/>\nvitesse de rotation jusqu'\u00e0 6.000 tr\/min, puissance 11,3 kW<\/p>\n<p>Logiciel de taillage d'engrenages, y compris porte-outils sp\u00e9cialis\u00e9s pour le taillage d'engrenages\/la denture. <\/p>\n<p>Chargeur court IRCO MUK<br \/>\nConvoyeur \u00e0 copeaux \u00e0 bande charni\u00e8res<br \/>\nSyst\u00e8me HP 20 bar avec filtre \u00e0 bande papier<\/p>\n<p>Sous r\u00e9serve de modifications et d'erreurs techniques, ainsi que de ventes interm\u00e9diaires !<\/p>\n<p>Centre de tournage CNC haut de gamme avec 2 tourelles, axe Y et alimentateur de barres IRCO<\/p>\n<p>Syst\u00e8me de contr\u00f4le : SIEMENS 840D SolutionLine avec interface ShopTurn<br \/>\nAnn\u00e9e de fabrication : 2012<br \/>\nHeures de broche : 20,000<\/p>\n<p>Diam\u00e8tre de rotation (max.) : env. 390 mm<br \/>\nLongueur de rotation (max.) : 1,250 mm<br \/>\nCapacit\u00e9 de la barre : 76 mm (standard)<\/p>\n<p>axe des X : 300 mm<br \/>\naxe Z : 1,250 mm<br \/>\naxe Y : +\/- 60 mm (sur la tourelle sup\u00e9rieure)<\/p>\n<p>Sp\u00e9cifications de la broche :<br \/>\nVitesse : jusqu'\u00e0 5,000 rpm<br \/>\nPuissance d'entra\u00eenement : 34 kW (40% duty cycle)<br \/>\nCouple : jusqu'\u00e0 380 Nm<\/p>\n<p>Cin\u00e9matique \u00e0 4 axes<br \/>\n2 x 12 stations (toutes les stations conviennent pour les outils motoris\u00e9s)<br \/>\nVitesse jusqu'\u00e0 6,000 rpm, puissance 11.3 kW<\/p>\n<p>Logiciel de coupe d'engrenages, y compris des porte-outils sp\u00e9cialis\u00e9s pour le rabotage\/la coupe d'engrenages. <\/p>\n<p>IRCO MUK chargeur court<br \/>\nConvoyeur de puces \u00e0 bande ferm\u00e9e<br \/>\nsyst\u00e8me haute pression 20 bar avec filtre \u00e0 bande papier<\/p>\n<p>Nous nous r\u00e9servons le droit de faire des modifications et de corriger des erreurs dans les donn\u00e9es techniques, et de vendre des articles avant la commande !<\/p>","protected":false},"excerpt":{"rendered":"<p>Standort: Deutschland, Baden-W\u00fcrttemberg S\u00fcdwest Zustand: Gebraucht Hersteller: DMG Modell: CTX Beta 1250 4A Baujahr: 2012 Betriebsstunden: 20000 High-End CNC-Drehzentrum mit 2 Revolvern, Y-Achse und IRCO-Stangenlader Steuerung: SIEMENS 840D SolutionLine mit ShopTurn-Oberfl\u00e4che Baujahr: 2012 Spindelstunden: 20.000 Drehdurchmesser (max.): ca. 390 mm Drehl\u00e4nge (max.): 1.250 mm Stangendurchlass: 76 mm (Standard) X-Achse: 300 mm Z-Achse: 1.250 mm Y-Achse: [&hellip;]<\/p>\n","protected":false},"featured_media":5158,"comment_status":"open","ping_status":"closed","template":"","meta":{"_uf_show_specific_survey":0,"_uf_disable_surveys":false},"product_brand":[],"product_cat":[89],"product_tag":[],"class_list":{"0":"post-5165","1":"product","2":"type-product","3":"status-publish","4":"has-post-thumbnail","6":"product_cat-cnc-kurzdrehmaschinen","8":"first","9":"instock","10":"taxable","11":"shipping-taxable","12":"product-type-simple"},"aioseo_notices":[],"_links":{"self":[{"href":"https:\/\/mueller-wrh.de\/fr\/wp-json\/wp\/v2\/product\/5165","targetHints":{"allow":["GET"]}}],"collection":[{"href":"https:\/\/mueller-wrh.de\/fr\/wp-json\/wp\/v2\/product"}],"about":[{"href":"https:\/\/mueller-wrh.de\/fr\/wp-json\/wp\/v2\/types\/product"}],"replies":[{"embeddable":true,"href":"https:\/\/mueller-wrh.de\/fr\/wp-json\/wp\/v2\/comments?post=5165"}],"wp:featuredmedia":[{"embeddable":true,"href":"https:\/\/mueller-wrh.de\/fr\/wp-json\/wp\/v2\/media\/5158"}],"wp:attachment":[{"href":"https:\/\/mueller-wrh.de\/fr\/wp-json\/wp\/v2\/media?parent=5165"}],"wp:term":[{"taxonomy":"product_brand","embeddable":true,"href":"https:\/\/mueller-wrh.de\/fr\/wp-json\/wp\/v2\/product_brand?post=5165"},{"taxonomy":"product_cat","embeddable":true,"href":"https:\/\/mueller-wrh.de\/fr\/wp-json\/wp\/v2\/product_cat?post=5165"},{"taxonomy":"product_tag","embeddable":true,"href":"https:\/\/mueller-wrh.de\/fr\/wp-json\/wp\/v2\/product_tag?post=5165"}],"curies":[{"name":"wp","href":"https:\/\/api.w.org\/{rel}","templated":true}]}}